{"id":744556,"date":"2025-08-28T01:59:30","date_gmt":"2025-08-27T22:59:30","guid":{"rendered":"https:\/\/roveyayinevi.com.tr\/index.php\/urun\/dakikalar-icinde-sanat\/"},"modified":"2026-04-16T02:56:34","modified_gmt":"2026-04-15T23:56:34","slug":"dakikalar-icinde-sanat","status":"publish","type":"product","link":"https:\/\/roveyayinevi.com.tr\/index.php\/urun\/dakikalar-icinde-sanat\/","title":{"rendered":"Dakikalar \u0130\u00e7inde Sanat"},"content":{"rendered":"<p>\u0130NSANIN KEND\u0130N\u0130 VE SONSUZ YARATICILI\u011eINI KE\u015eFED\u0130\u015e YOLCULU\u011eU Ta\u015f Devri\u2019ndeki sanat anlay\u0131\u015f\u0131ndan Yunan klasisizmine, R\u00f6nesans\u2019tan gotik sanata, k\u00fcbizmden pop art\u2019a ak\u0131mlar, ekoller, d\u00f6nemler, stiller\u2026 Alana damgas\u0131n\u0131 vurmu\u015f sanat\u00e7\u0131lardan eserlere durmadan d\u00f6n\u00fc\u015fen sanat tarihine genel bir bak\u0131\u015f\u2026 200 ba\u015fl\u0131k alt\u0131nda sanat\u0131n b\u00fcy\u00fcl\u00fc d\u00fcnyas\u0131na bir yolculuk\u2026 D\u00fcnyan\u0131n d\u00f6rt bir yan\u0131ndaki belli ba\u015fl\u0131 geli\u015fmeleri dikkate alarak sanat\u00e7\u0131 gruplar\u0131na, yetenekli bireylere, hatta \u00e7\u0131\u011f\u0131r a\u00e7\u0131c\u0131 tek bir eser \u00fcretmi\u015f ki\u015filere ait pek \u00e7ok ke\u015ffi, fikri, malzemeyi, etkiyi, arka plan\u0131, beceriyi, yakla\u015f\u0131m\u0131 inceleyip de\u011ferlendiren Dakikalar \u0130\u00e7inde serisinden Sanat, otuz bin y\u0131l\u0131 a\u015fk\u0131n maziye sahip sanat d\u00fcnyas\u0131n\u0131 dakikalar i\u00e7inde a\u00e7\u0131kl\u0131yor. En eskisinden en yenisine \u00e7ok \u00e7e\u015fitli sanat anlay\u0131\u015flar\u0131na de\u011finen elinizdeki k\u0131sa ama kapsaml\u0131 sanat tarihi rehberi, bu alandaki bilgisi fark etmeksizin t\u00fcm sanat merakl\u0131lar\u0131 i\u00e7in m\u00fckemmel bir el kitab\u0131&#8230; Sanat tarih\u00e7isi Susie Hodge sizi tarih \u00f6ncesi sanattan hiperrealizme kadar t\u00fcm b\u00fcy\u00fck felsefelerin, hareketlerin, eserlerin, geli\u015fmelerin, sanat\u00e7\u0131lar\u0131n ve temalar\u0131n d\u00fcnyas\u0131nda uluslararas\u0131 bir tura \u00e7\u0131karacak.   <\/p>\n","protected":false},"excerpt":{"rendered":"<p>\u0130NSANIN KEND\u0130N\u0130 VE SONSUZ YARATICILI\u011eINI KE\u015eFED\u0130\u015e YOLCULU\u011eU Ta\u015f Devri\u2019ndeki sanat anlay\u0131\u015f\u0131ndan Yunan klasisizmine, R\u00f6nesans\u2019tan gotik sanata, k\u00fcbizmden pop art\u2019a ak\u0131mlar, ekoller, d\u00f6nemler, stiller\u2026 Alana damgas\u0131n\u0131 vurmu\u015f<span class=\"excerpt-hellip\"> [\u2026]<\/span><\/p>\n","protected":false},"featured_media":0,"template":"","meta":{"_monsterinsights_skip_tracking":false,"_monsterinsights_sitenote_active":false,"_monsterinsights_sitenote_note":"","_monsterinsights_sitenote_category":0},"product_brand":[],"product_cat":[13005,13006],"product_tag":[],"class_list":{"0":"post-744556","1":"product","2":"type-product","3":"status-publish","5":"product_cat-bilim-muhendislik","6":"product_cat-populer-bilim","7":"pa_cilt-ciltsiz","8":"pa_tur-kitap","9":"pa_yayinevi-kronik-kitap","10":"pa_yazar-susie-hodge","12":"first","13":"instock","14":"sale","15":"shipping-taxable","16":"purchasable","17":"product-type-simple"},"_links":{"self":[{"href":"https:\/\/roveyayinevi.com.tr\/index.php\/wp-json\/wp\/v2\/product\/744556","targetHints":{"allow":["GET"]}}],"collection":[{"href":"https:\/\/roveyayinevi.com.tr\/index.php\/wp-json\/wp\/v2\/product"}],"about":[{"href":"https:\/\/roveyayinevi.com.tr\/index.php\/wp-json\/wp\/v2\/types\/product"}],"wp:attachment":[{"href":"https:\/\/roveyayinevi.com.tr\/index.php\/wp-json\/wp\/v2\/media?parent=744556"}],"wp:term":[{"taxonomy":"product_brand","embeddable":true,"href":"https:\/\/roveyayinevi.com.tr\/index.php\/wp-json\/wp\/v2\/product_brand?post=744556"},{"taxonomy":"product_cat","embeddable":true,"href":"https:\/\/roveyayinevi.com.tr\/index.php\/wp-json\/wp\/v2\/product_cat?post=744556"},{"taxonomy":"product_tag","embeddable":true,"href":"https:\/\/roveyayinevi.com.tr\/index.php\/wp-json\/wp\/v2\/product_tag?post=744556"}],"curies":[{"name":"wp","href":"https:\/\/api.w.org\/{rel}","templated":true}]}}