{"id":744555,"date":"2025-08-28T01:59:29","date_gmt":"2025-08-27T22:59:29","guid":{"rendered":"https:\/\/roveyayinevi.com.tr\/index.php\/urun\/orta-cag-avrupasi\/"},"modified":"2026-04-16T02:56:34","modified_gmt":"2026-04-15T23:56:34","slug":"orta-cag-avrupasi","status":"publish","type":"product","link":"https:\/\/roveyayinevi.com.tr\/index.php\/urun\/orta-cag-avrupasi\/","title":{"rendered":"Orta \u00c7a\u011f Avrupas\u0131"},"content":{"rendered":"<p>Orta \u00c7a\u011f Avrupas\u0131  Sosyal, K\u00fclt\u00fcrel ve Ekonomik Hayat Orta \u00c7a\u011f Avrupa Tarihi denilince standart \u00f6zelliklerle tan\u0131mlaman\u0131n olduk\u00e7a zor oldu\u011fu yakla\u015f\u0131k 1.000 y\u0131ll\u0131k bir d\u00f6nemden bahsediyoruz. G\u00fcn\u00fcm\u00fczde \u201cOrta \u00c7a\u011f Avrupas\u0131\u201d cehalet, dura\u011fanl\u0131k, vah\u015fet, k\u00f6t\u00fc hijyen, salg\u0131n hastal\u0131klar, kilisenin inan\u0131lmaz g\u00fcc\u00fc ve \u201ckaranl\u0131k\u201d s\u0131fat\u0131 ile an\u0131lmaktad\u0131r ancak \u201ckaranl\u0131k\u201d yak\u0131\u015ft\u0131rmas\u0131 bir efsanedir ve ger\u00e7ekleri gizlemektedir. Avrupa i\u00e7in Orta \u00c7a\u011f, klasik d\u00f6nemle ba\u011flant\u0131n\u0131n kuruldu\u011fu, bug\u00fcn\u00fcn uluslar\u0131n\u0131n \u015fekillendi\u011fi, pek \u00e7ok kavram\u0131n temellerinin at\u0131ld\u0131\u011f\u0131 dikkate de\u011fer bir d\u00f6nemdir. Elinizdeki bu eser al\u0131\u015f\u0131lagelmi\u015f Orta \u00c7a\u011f alg\u0131s\u0131n\u0131 Latince ana kaynaklardan yap\u0131lan al\u0131nt\u0131larla k\u0131rarken, \u00fclkemizde Orta \u00c7a\u011f Avrupas\u0131\u2019na dair daha \u00f6nce de\u011finilmemi\u015f kitap, dil ve yaz\u0131, takvim ve zaman, vergi sistemi, tatil anlay\u0131\u015f\u0131 ve y\u0131l boyu tatiller, kale ya\u015fant\u0131s\u0131, \u00e7an gelene\u011fi, banyo ve temizlik k\u00fclt\u00fcr\u00fc, veba salg\u0131n\u0131 yazarlar\u0131na \u00f6rnekler gibi konulara yer vermektedir. Ayr\u0131ca yine bu kitapta, Orta \u00c7a\u011f Avrupas\u0131\u2019nda ya\u015fayanlar\u0131n kendilerinden \u00f6nceki k\u00fclt\u00fcrlerden neleri miras ald\u0131klar\u0131n\u0131, zihinsel altyap\u0131lar\u0131n\u0131, k\u00fclt\u00fcrel \u00f6zelliklerini, ya\u015fay\u0131\u015flar\u0131n\u0131, nelere \u00f6nem verdiklerini, ne zorluklar \u00e7ektiklerini, \u00e7ocuklar\u0131n, kad\u0131nlar\u0131n, ya\u015fl\u0131lar\u0131n d\u00fcnyas\u0131n\u0131, do\u011fumdan \u00f6l\u00fcme giden s\u00fcre\u00e7te ba\u015flar\u0131na gelenleri, kendilerini y\u00f6netenlerle ili\u015fkilerini, ald\u0131klar\u0131 cezalar\u0131, kilise ya da dinden ne kadar etkilendiklerini, d\u0131\u015far\u0131dan bakanlar taraf\u0131ndan nas\u0131l g\u00f6r\u00fcnd\u00fcklerini k\u0131sacas\u0131 hayatlar\u0131na dair merak edilen bir\u00e7ok konuyu bulacaks\u0131n\u0131z. Orta \u00c7a\u011f Avrupas\u0131: Sosyal, K\u00fclt\u00fcrel ve Ekonomik Hayat kitab\u0131nda, alan\u0131nda uzman Do\u00e7. Dr. \u00d6zlem Gen\u00e7 d\u00f6nemin Latince ana kaynaklar\u0131n\u0131 kullanarak \u201cKaranl\u0131k Orta \u00c7a\u011f\u201d efsanesini g\u00fcn y\u00fcz\u00fcne \u00e7\u0131kar\u0131yor. <\/p>\n","protected":false},"excerpt":{"rendered":"<p>Orta \u00c7a\u011f Avrupas\u0131 Sosyal, K\u00fclt\u00fcrel ve Ekonomik Hayat Orta \u00c7a\u011f Avrupa Tarihi denilince standart \u00f6zelliklerle tan\u0131mlaman\u0131n olduk\u00e7a zor oldu\u011fu yakla\u015f\u0131k 1.000 y\u0131ll\u0131k bir d\u00f6nemden bahsediyoruz. G\u00fcn\u00fcm\u00fczde<span class=\"excerpt-hellip\"> [\u2026]<\/span><\/p>\n","protected":false},"featured_media":0,"template":"","meta":{"_monsterinsights_skip_tracking":false,"_monsterinsights_sitenote_active":false,"_monsterinsights_sitenote_note":"","_monsterinsights_sitenote_category":0},"product_brand":[],"product_cat":[12312,12304],"product_tag":[],"class_list":{"0":"post-744555","1":"product","2":"type-product","3":"status-publish","5":"product_cat-diger","6":"product_cat-tarih","7":"pa_cilt-ciltsiz","8":"pa_tur-kitap","9":"pa_yayinevi-kronik-kitap","10":"pa_yazar-ozlem-genc","12":"first","13":"instock","14":"sale","15":"shipping-taxable","16":"purchasable","17":"product-type-simple"},"_links":{"self":[{"href":"https:\/\/roveyayinevi.com.tr\/index.php\/wp-json\/wp\/v2\/product\/744555","targetHints":{"allow":["GET"]}}],"collection":[{"href":"https:\/\/roveyayinevi.com.tr\/index.php\/wp-json\/wp\/v2\/product"}],"about":[{"href":"https:\/\/roveyayinevi.com.tr\/index.php\/wp-json\/wp\/v2\/types\/product"}],"wp:attachment":[{"href":"https:\/\/roveyayinevi.com.tr\/index.php\/wp-json\/wp\/v2\/media?parent=744555"}],"wp:term":[{"taxonomy":"product_brand","embeddable":true,"href":"https:\/\/roveyayinevi.com.tr\/index.php\/wp-json\/wp\/v2\/product_brand?post=744555"},{"taxonomy":"product_cat","embeddable":true,"href":"https:\/\/roveyayinevi.com.tr\/index.php\/wp-json\/wp\/v2\/product_cat?post=744555"},{"taxonomy":"product_tag","embeddable":true,"href":"https:\/\/roveyayinevi.com.tr\/index.php\/wp-json\/wp\/v2\/product_tag?post=744555"}],"curies":[{"name":"wp","href":"https:\/\/api.w.org\/{rel}","templated":true}]}}