{"id":744551,"date":"2025-08-28T01:59:26","date_gmt":"2025-08-27T22:59:26","guid":{"rendered":"https:\/\/roveyayinevi.com.tr\/index.php\/urun\/sosyal-hizmette-dezavantajli-risk-altindaki-gruplar-ii\/"},"modified":"2026-04-16T02:56:34","modified_gmt":"2026-04-15T23:56:34","slug":"sosyal-hizmette-dezavantajli-risk-altindaki-gruplar-ii","status":"publish","type":"product","link":"https:\/\/roveyayinevi.com.tr\/index.php\/urun\/sosyal-hizmette-dezavantajli-risk-altindaki-gruplar-ii\/","title":{"rendered":"Sosyal Hizmette Dezavantajl\u0131 \/ Risk Alt\u0131ndaki Gruplar II"},"content":{"rendered":"<p>Sosyal Hizmette Dezavantajl\u0131 \/ Risk Alt\u0131ndaki Gruplar II adl\u0131 bu kitapta bir \u00f6nceki kitap \u00e7al\u0131\u015fmas\u0131nda yer almayan ve dezavantajl\u0131 \/ risk alt\u0131ndaki gruplar i\u00e7erisinde de\u011ferlendirilebilecek gruplara yer verilmi\u015ftir. Kitapta yer alan bu b\u00f6l\u00fcmlerde \u00f6ncelikle grupsal tan\u0131mlamalara yer verilmi\u015f ard\u0131ndan da bu gruplara y\u00f6nelik risk fakt\u00f6rleri ve bu risk fakt\u00f6rlerine y\u00f6nelik sosyal hizmet uygulamalar\u0131na yer verilmi\u015ftir. Kitapta toplam 12 dezavantajl\u0131 \/ risk alt\u0131ndaki gruba yer verilmi\u015ftir. Bu b\u00f6l\u00fcmlere ek olarak, kitab\u0131n sonunda \u00e7al\u0131\u015fma kapsam\u0131ndaki b\u00fct\u00fcn b\u00f6l\u00fcmleri genelleyen \u201cNeoliberalizm ve yeni-kapitalizm: K\u00fcreselle\u015fmenin dezavantajl\u0131 gruplar \u00fczerindeki etkisi ve \u201cDezavantajl\u0131 \/ Risk alt\u0131ndaki gruplara y\u00f6nelik g\u00fc\u00e7lendirme uygulamalar\u0131\u201d adl\u0131 iki b\u00f6l\u00fcme yer verilerek \u201cSosyal Hizmette Dezavantajl\u0131 \/ Risk Alt\u0131ndaki Gruplar Serisi\u201d tamamlanm\u0131\u015ft\u0131r.   M\u00fcracaat\u00e7\u0131lar\u0131n i\u00e7inde bulundu\u011fu durumun de\u011ferlendirildi\u011fi, sorun ve ihtiya\u00e7lar\u0131n\u0131n tespit edildi\u011fi ve ihtiya\u00e7 duyulan hizmetlere y\u00f6nelik gerekli sistemlerin harekete ge\u00e7irildi\u011fi planl\u0131 m\u00fcdahele s\u00fcreci sosyal hizmet alan\u0131 i\u00e7erisinde \u00f6nemli bir yer tutmaktad\u0131r. Bu d\u00fc\u015f\u00fcnceden hareketle b\u00f6l\u00fcmlerin sonunda dezavantajl\u0131 \/ risk alt\u0131ndaki gruplara y\u00f6nelik \u00f6rnek vakalar kurgulanm\u0131\u015f ve planl\u0131 m\u00fcdahele s\u00fcreci \u0131\u015f\u0131\u011f\u0131nda ele al\u0131nm\u0131\u015ft\u0131r. Bu \u015fekilde sosyal hizmet i\u00e7erisinde \u00f6nemli bir yeri planl\u0131 m\u00fcdahele s\u00fcrecinin farkl\u0131 vakalar \u00fczerinde okur taraf\u0131ndan g\u00f6r\u00fclmesinin sa\u011flanmas\u0131 hedeflenmi\u015ftir. <\/p>\n","protected":false},"excerpt":{"rendered":"<p>Sosyal Hizmette Dezavantajl\u0131 \/ Risk Alt\u0131ndaki Gruplar II adl\u0131 bu kitapta bir \u00f6nceki kitap \u00e7al\u0131\u015fmas\u0131nda yer almayan ve dezavantajl\u0131 \/ risk alt\u0131ndaki gruplar i\u00e7erisinde de\u011ferlendirilebilecek gruplara<span class=\"excerpt-hellip\"> [\u2026]<\/span><\/p>\n","protected":false},"featured_media":0,"template":"","meta":{"_monsterinsights_skip_tracking":false,"_monsterinsights_sitenote_active":false,"_monsterinsights_sitenote_note":"","_monsterinsights_sitenote_category":0},"product_brand":[],"product_cat":[14787,13488],"product_tag":[],"class_list":{"0":"post-744551","1":"product","2":"type-product","3":"status-publish","5":"product_cat-diger-toplum-ve-insan","6":"product_cat-toplum-ve-insan","7":"pa_cilt-ciltsiz","8":"pa_tur-kitap","9":"pa_yayinevi-nika-yayinevi","10":"pa_yazar-huseyin-dogan","12":"first","13":"instock","14":"sale","15":"shipping-taxable","16":"purchasable","17":"product-type-simple"},"_links":{"self":[{"href":"https:\/\/roveyayinevi.com.tr\/index.php\/wp-json\/wp\/v2\/product\/744551","targetHints":{"allow":["GET"]}}],"collection":[{"href":"https:\/\/roveyayinevi.com.tr\/index.php\/wp-json\/wp\/v2\/product"}],"about":[{"href":"https:\/\/roveyayinevi.com.tr\/index.php\/wp-json\/wp\/v2\/types\/product"}],"wp:attachment":[{"href":"https:\/\/roveyayinevi.com.tr\/index.php\/wp-json\/wp\/v2\/media?parent=744551"}],"wp:term":[{"taxonomy":"product_brand","embeddable":true,"href":"https:\/\/roveyayinevi.com.tr\/index.php\/wp-json\/wp\/v2\/product_brand?post=744551"},{"taxonomy":"product_cat","embeddable":true,"href":"https:\/\/roveyayinevi.com.tr\/index.php\/wp-json\/wp\/v2\/product_cat?post=744551"},{"taxonomy":"product_tag","embeddable":true,"href":"https:\/\/roveyayinevi.com.tr\/index.php\/wp-json\/wp\/v2\/product_tag?post=744551"}],"curies":[{"name":"wp","href":"https:\/\/api.w.org\/{rel}","templated":true}]}}