{"id":744550,"date":"2025-08-28T01:59:25","date_gmt":"2025-08-27T22:59:25","guid":{"rendered":"https:\/\/roveyayinevi.com.tr\/index.php\/urun\/heraya-ovgu\/"},"modified":"2026-04-16T02:56:34","modified_gmt":"2026-04-15T23:56:34","slug":"heraya-ovgu","status":"publish","type":"product","link":"https:\/\/roveyayinevi.com.tr\/index.php\/urun\/heraya-ovgu\/","title":{"rendered":"Hera\u2019ya \u00d6vg\u00fc"},"content":{"rendered":"<p>\u201cS\u00fcrekli teolojik ele\u015ftiriler, felsefi metinler, tarihi dok\u00fcmanlar\u0131n g\u00fczerg\u00e2h\u0131nda y\u00fcr\u00fcmek, beyni de yorar bedeni de. Ya\u015fam sadece sorgulamak de\u011fildir; haz almak, duygusal ba\u011flar kurmak, seks yapmak, e\u011flenmek, \u015fa\u015faal\u0131 bir ya\u015fam s\u00fcrd\u00fcrmektir. Kinik bir Diogenes sefaleti, hazlar\u0131n tutsakl\u0131\u011f\u0131, sava\u015flar\u0131n ve g\u00f6zya\u015flar\u0131n\u0131n kaos yaratt\u0131\u011f\u0131 bir co\u011frafyadan ziyade, Babil gibi asma bah\u00e7eler, zevkler, hazlar da olmal\u0131d\u0131r. Bu ya\u015fam ser\u00fcveninde sadece bir hakk\u0131m\u0131z var, o ya\u015fam hakk\u0131m\u0131z\u0131 iyi de\u011ferlendirmeliyiz. Kalbe dokunan, fetheden, ba\u015ftan \u00e7\u0131karan bir hitabet ve yakla\u015f\u0131m geli\u015ftirerek, ruhun hastal\u0131klar\u0131na veda ederek yeni bir ya\u015fam bi\u00e7imi ile hayat\u0131 kucaklamak gerekir.\u201d \u201cKonu\u015fmak g\u00fczeldir, iyi gelir ruha, konu\u015funca anla\u015f\u0131l\u0131yor insan. Bir trajik a\u00e7\u0131klama, hi\u00e7 anla\u015f\u0131lmayan insan\u2026<\/p>\n","protected":false},"excerpt":{"rendered":"<p>\u201cS\u00fcrekli teolojik ele\u015ftiriler, felsefi metinler, tarihi dok\u00fcmanlar\u0131n g\u00fczerg\u00e2h\u0131nda y\u00fcr\u00fcmek, beyni de yorar bedeni de. Ya\u015fam sadece sorgulamak de\u011fildir; haz almak, duygusal ba\u011flar kurmak, seks yapmak, e\u011flenmek,<span class=\"excerpt-hellip\"> [\u2026]<\/span><\/p>\n","protected":false},"featured_media":0,"template":"","meta":{"_monsterinsights_skip_tracking":false,"_monsterinsights_sitenote_active":false,"_monsterinsights_sitenote_note":"","_monsterinsights_sitenote_category":0},"product_brand":[],"product_cat":[12291,12711],"product_tag":[],"class_list":{"0":"post-744550","1":"product","2":"type-product","3":"status-publish","5":"product_cat-edebiyat","6":"product_cat-roman-oyku","7":"pa_cilt-ciltsiz","8":"pa_tur-kitap","9":"pa_yayinevi-mirhan-kitap","10":"pa_yazar-barel-anil","12":"first","13":"instock","14":"sale","15":"shipping-taxable","16":"purchasable","17":"product-type-simple"},"_links":{"self":[{"href":"https:\/\/roveyayinevi.com.tr\/index.php\/wp-json\/wp\/v2\/product\/744550","targetHints":{"allow":["GET"]}}],"collection":[{"href":"https:\/\/roveyayinevi.com.tr\/index.php\/wp-json\/wp\/v2\/product"}],"about":[{"href":"https:\/\/roveyayinevi.com.tr\/index.php\/wp-json\/wp\/v2\/types\/product"}],"wp:attachment":[{"href":"https:\/\/roveyayinevi.com.tr\/index.php\/wp-json\/wp\/v2\/media?parent=744550"}],"wp:term":[{"taxonomy":"product_brand","embeddable":true,"href":"https:\/\/roveyayinevi.com.tr\/index.php\/wp-json\/wp\/v2\/product_brand?post=744550"},{"taxonomy":"product_cat","embeddable":true,"href":"https:\/\/roveyayinevi.com.tr\/index.php\/wp-json\/wp\/v2\/product_cat?post=744550"},{"taxonomy":"product_tag","embeddable":true,"href":"https:\/\/roveyayinevi.com.tr\/index.php\/wp-json\/wp\/v2\/product_tag?post=744550"}],"curies":[{"name":"wp","href":"https:\/\/api.w.org\/{rel}","templated":true}]}}