{"id":744548,"date":"2025-08-28T01:59:23","date_gmt":"2025-08-27T22:59:23","guid":{"rendered":"https:\/\/roveyayinevi.com.tr\/index.php\/urun\/cocomelon-jj-ve-arkadaslari-iz-pesinde-ara-bul\/"},"modified":"2025-11-21T08:26:50","modified_gmt":"2025-11-21T05:26:50","slug":"cocomelon-jj-ve-arkadaslari-iz-pesinde-ara-bul","status":"publish","type":"product","link":"https:\/\/roveyayinevi.com.tr\/index.php\/urun\/cocomelon-jj-ve-arkadaslari-iz-pesinde-ara-bul\/","title":{"rendered":"Cocomelon JJ ve Arkada\u015flar\u0131 \u0130z Pe\u015finde Ara Bul"},"content":{"rendered":"<p>Bu kitapta CoComelon ile heyecanl\u0131 bir ara bul oyununa davetlisin! JJ ve ailesinin renkli resimlerinde aray\u0131p bulman i\u00e7in bir\u00e7ok nesne gizleniyor. Talimatlar\u0131 takip et, nesneleri bul, e\u011flenirken say\u0131 sayma, renk ve \u015fekil bilgini geli\u015ftir!   <\/p>\n","protected":false},"excerpt":{"rendered":"<p>Bu kitapta CoComelon ile heyecanl\u0131 bir ara bul oyununa davetlisin! JJ ve ailesinin renkli resimlerinde aray\u0131p bulman i\u00e7in bir\u00e7ok nesne gizleniyor. Talimatlar\u0131 takip et, nesneleri bul,<span class=\"excerpt-hellip\"> [\u2026]<\/span><\/p>\n","protected":false},"featured_media":0,"template":"","meta":{"_monsterinsights_skip_tracking":false,"_monsterinsights_sitenote_active":false,"_monsterinsights_sitenote_note":"","_monsterinsights_sitenote_category":0},"product_brand":[],"product_cat":[12644,12274],"product_tag":[],"class_list":{"0":"post-744548","1":"product","2":"type-product","3":"status-publish","5":"product_cat-boyama-kitaplari","6":"product_cat-cocuk-ve-genclik-kitaplari","7":"pa_cilt-ciltsiz","8":"pa_tur-kitap","9":"pa_yayinevi-dogan-cocuk","10":"pa_yazar-kolektif","12":"first","13":"instock","14":"sale","15":"shipping-taxable","16":"purchasable","17":"product-type-simple"},"_links":{"self":[{"href":"https:\/\/roveyayinevi.com.tr\/index.php\/wp-json\/wp\/v2\/product\/744548","targetHints":{"allow":["GET"]}}],"collection":[{"href":"https:\/\/roveyayinevi.com.tr\/index.php\/wp-json\/wp\/v2\/product"}],"about":[{"href":"https:\/\/roveyayinevi.com.tr\/index.php\/wp-json\/wp\/v2\/types\/product"}],"wp:attachment":[{"href":"https:\/\/roveyayinevi.com.tr\/index.php\/wp-json\/wp\/v2\/media?parent=744548"}],"wp:term":[{"taxonomy":"product_brand","embeddable":true,"href":"https:\/\/roveyayinevi.com.tr\/index.php\/wp-json\/wp\/v2\/product_brand?post=744548"},{"taxonomy":"product_cat","embeddable":true,"href":"https:\/\/roveyayinevi.com.tr\/index.php\/wp-json\/wp\/v2\/product_cat?post=744548"},{"taxonomy":"product_tag","embeddable":true,"href":"https:\/\/roveyayinevi.com.tr\/index.php\/wp-json\/wp\/v2\/product_tag?post=744548"}],"curies":[{"name":"wp","href":"https:\/\/api.w.org\/{rel}","templated":true}]}}