{"id":744543,"date":"2025-08-28T01:59:16","date_gmt":"2025-08-27T22:59:16","guid":{"rendered":"https:\/\/roveyayinevi.com.tr\/index.php\/urun\/bolunmus-bir-dunyada-akil-sagligimizi-nasil-koruruz\/"},"modified":"2026-04-16T02:56:34","modified_gmt":"2026-04-15T23:56:34","slug":"bolunmus-bir-dunyada-akil-sagligimizi-nasil-koruruz","status":"publish","type":"product","link":"https:\/\/roveyayinevi.com.tr\/index.php\/urun\/bolunmus-bir-dunyada-akil-sagligimizi-nasil-koruruz\/","title":{"rendered":"B\u00f6l\u00fcnm\u00fc\u015f Bir D\u00fcnyada Ak\u0131l Sa\u011fl\u0131\u011f\u0131m\u0131z\u0131 Nas\u0131l Koruruz"},"content":{"rendered":"<p>\u201cPandemiden sonra art\u0131k hi\u00e7bir \u015fey eskisi gibi olmayacak, iyiden iyiye kutupla\u015fan d\u00fcnyam\u0131z bir kav\u015fakta ve hepimiz ak\u0131l sa\u011fl\u0131\u011f\u0131m\u0131z\u0131 koruyarak hangi yolda y\u00fcr\u00fcyece\u011fimizi bir an \u00f6nce se\u00e7meliyiz\u201d diyor Elif \u015eafak.Ard\u0131ndan da kafa kar\u0131\u015f\u0131kl\u0131klar\u0131m\u0131za, hayal k\u0131r\u0131kl\u0131klar\u0131m\u0131za, kayg\u0131lar\u0131m\u0131za, \u00f6fkelerimize hatta duyars\u0131zl\u0131klar\u0131m\u0131za ayna tutuyor. Kimlik, siyaset, ekonomi, teknoloji meselelerine dair sorular soruyor; enformasyonun, bilginin ve bilgeli\u011fin verdi\u011fi cevaplar\u0131 tart\u0131\u015f\u0131yor.Rilke, Kavafis, Steinbeck, Fromm, Bauman, Lessing ve Heidegger gibi pek \u00e7ok d\u00fc\u015f\u00fcn\u00fcr ve sanat\u00e7\u0131 da, bu benzersiz sohbete e\u015flik ediyor.<\/p>\n","protected":false},"excerpt":{"rendered":"<p>\u201cPandemiden sonra art\u0131k hi\u00e7bir \u015fey eskisi gibi olmayacak, iyiden iyiye kutupla\u015fan d\u00fcnyam\u0131z bir kav\u015fakta ve hepimiz ak\u0131l sa\u011fl\u0131\u011f\u0131m\u0131z\u0131 koruyarak hangi yolda y\u00fcr\u00fcyece\u011fimizi bir an \u00f6nce se\u00e7meliyiz\u201d<span class=\"excerpt-hellip\"> [\u2026]<\/span><\/p>\n","protected":false},"featured_media":0,"template":"","meta":{"_monsterinsights_skip_tracking":false,"_monsterinsights_sitenote_active":false,"_monsterinsights_sitenote_note":"","_monsterinsights_sitenote_category":0},"product_brand":[],"product_cat":[12777,12291],"product_tag":[],"class_list":{"0":"post-744543","1":"product","2":"type-product","3":"status-publish","5":"product_cat-deneme","6":"product_cat-edebiyat","7":"pa_cilt-ciltsiz","8":"pa_tur-kitap","9":"pa_yayinevi-dogan-kitap","10":"pa_yazar-elif-safak","12":"first","13":"instock","14":"sale","15":"shipping-taxable","16":"purchasable","17":"product-type-simple"},"_links":{"self":[{"href":"https:\/\/roveyayinevi.com.tr\/index.php\/wp-json\/wp\/v2\/product\/744543","targetHints":{"allow":["GET"]}}],"collection":[{"href":"https:\/\/roveyayinevi.com.tr\/index.php\/wp-json\/wp\/v2\/product"}],"about":[{"href":"https:\/\/roveyayinevi.com.tr\/index.php\/wp-json\/wp\/v2\/types\/product"}],"wp:attachment":[{"href":"https:\/\/roveyayinevi.com.tr\/index.php\/wp-json\/wp\/v2\/media?parent=744543"}],"wp:term":[{"taxonomy":"product_brand","embeddable":true,"href":"https:\/\/roveyayinevi.com.tr\/index.php\/wp-json\/wp\/v2\/product_brand?post=744543"},{"taxonomy":"product_cat","embeddable":true,"href":"https:\/\/roveyayinevi.com.tr\/index.php\/wp-json\/wp\/v2\/product_cat?post=744543"},{"taxonomy":"product_tag","embeddable":true,"href":"https:\/\/roveyayinevi.com.tr\/index.php\/wp-json\/wp\/v2\/product_tag?post=744543"}],"curies":[{"name":"wp","href":"https:\/\/api.w.org\/{rel}","templated":true}]}}