{"id":744536,"date":"2025-08-28T01:59:07","date_gmt":"2025-08-27T22:59:07","guid":{"rendered":"https:\/\/roveyayinevi.com.tr\/index.php\/urun\/plasebo-etkisi\/"},"modified":"2026-04-16T02:56:33","modified_gmt":"2026-04-15T23:56:33","slug":"plasebo-etkisi","status":"publish","type":"product","link":"https:\/\/roveyayinevi.com.tr\/index.php\/urun\/plasebo-etkisi\/","title":{"rendered":"Plasebo Etkisi"},"content":{"rendered":"<p>Dikkat! Sanal mutluluklar plasebo etkisi yaratabilir.Pelin G\u00fcne\u015f, sanal d\u00fcnyan\u0131n yaratt\u0131\u011f\u0131 &#8221;sahte&#8221; mutluluklar \u00fczerine kalem oynatt\u0131\u011f\u0131 Plasebo Etkisi&#8217;nde, s\u00fcrekli geli\u015fen ve de\u011fi\u015fen teknolojilerin g\u00f6lgesinde y\u00fckselen yeni d\u00fcnya anlay\u0131\u015f\u0131na ve onun sundu\u011fu ak\u0131l almaz nimetlere mizah\u0131n g\u00fcc\u00fcyle yakla\u015f\u0131yor.Okurlar\u0131n\u0131, tesad\u00fcfen(!) kar\u015f\u0131lar\u0131na \u00e7\u0131kan bir internet reklam\u0131 arac\u0131l\u0131\u011f\u0131yla yavru bir gorili evlat edinen Tarhan ailesinin evine konuk eden roman, b\u00fcy\u00fck\u015fehir karma\u015fas\u0131nda kesi\u015fen farkl\u0131 ya\u015famlara ayna tutuyor.G\u00fcn\u00fcm\u00fcz insan\u0131n\u0131n adeta hayat felsefesine d\u00f6n\u00fc\u015ft\u00fcrd\u00fc\u011f\u00fc, kolay yoldan \u00f6zg\u00fcven, zenginlik ve mutluluk edinme \u00e7abalar\u0131n\u0131, nokta at\u0131\u015f\u0131 tespitlerle ortaya koyan yazar, eskiden bizi \u015fa\u015f\u0131rtan ya da \u00fczen pek \u00e7ok \u015feyin, \u015fimdilerde nas\u0131l s\u0131radan ve ola\u011fan kabul edildi\u011fi ger\u00e7e\u011fi hakk\u0131nda d\u00fc\u015f\u00fcnd\u00fcr\u00fcyor. Yedinci s\u0131n\u0131fa giden Tuna, \u00f6\u011fretmeninin \u00f6nerdi\u011fi okuma listesine isyan edince kendini severek okuyaca\u011f\u0131 kitab\u0131 &#8221;yazarken&#8221; bulur! Tam da o g\u00fcnlerde, bir internet sitesinden al\u0131\u015fveri\u015f yaparken kazara bast\u0131\u011f\u0131 onay tu\u015fu, onu bamba\u015fka bir ser\u00fcvenin anlat\u0131c\u0131s\u0131 yapar. Sanal sepetine att\u0131\u011f\u0131 goril yavrusunun, zor bir d\u00f6nemden ge\u00e7en annesini mutlu edece\u011fine ad\u0131 gibi emindir Tuna. Zaten bir y\u0131ll\u0131\u011f\u0131na ayda sadece otuz dolar \u00f6deyeceklerdir! Oysa i\u015fin rengi ba\u015fkad\u0131r. Doodle ad\u0131ndaki goril, Tarhan&#8217;lar\u0131n hanesine arad\u0131klar\u0131 mutlulu\u011fu pek de getir(e)mez. Ya\u015fanan karga\u015fa yetmezmi\u015f gibi ans\u0131z\u0131n \u00e7\u0131kan sa\u011fl\u0131k sorunlar\u0131, Tuna&#8217;lar\u0131n apartmanlar\u0131na yeni ta\u015f\u0131nan Kokang\u00fcl ailesinin eksantrik \u00e7\u0131k\u0131\u015flar\u0131 derken gerilim t\u0131rman\u0131r. Sular duruldu\u011funda kahraman\u0131m\u0131z elindeki deftere bak\u0131p \u015fa\u015fakal\u0131r. Kaleme almaya \u00e7al\u0131\u015ft\u0131\u011f\u0131 kitap \u00e7oktan haz\u0131rd\u0131r!G\u00fcnce \u015feklinde ilerleyen anlat\u0131s\u0131yla keyifli bir okuma deneyimi sunan Plasebo Etkisi, ilk gen\u00e7lik \u00e7a\u011f\u0131n\u0131n heyecanlar\u0131n\u0131, hayallerini, sorunlar\u0131n\u0131; aile ve arkada\u015fl\u0131k ili\u015fkileri \u00e7er\u00e7evesinde ustal\u0131kla yans\u0131t\u0131yor. Ger\u00e7e\u011fin yerine alg\u0131n\u0131n kondu\u011fu yeni d\u00fcnya d\u00fczenini sorgulatan kitap, gen\u00e7leri g\u00f6zlem yapmaya ve yazmaya y\u00fcreklendiriyor. <\/p>\n","protected":false},"excerpt":{"rendered":"<p>Dikkat! Sanal mutluluklar plasebo etkisi yaratabilir.Pelin G\u00fcne\u015f, sanal d\u00fcnyan\u0131n yaratt\u0131\u011f\u0131 &#8221;sahte&#8221; mutluluklar \u00fczerine kalem oynatt\u0131\u011f\u0131 Plasebo Etkisi&#8217;nde, s\u00fcrekli geli\u015fen ve de\u011fi\u015fen teknolojilerin g\u00f6lgesinde y\u00fckselen yeni d\u00fcnya<span class=\"excerpt-hellip\"> [\u2026]<\/span><\/p>\n","protected":false},"featured_media":0,"template":"","meta":{"_monsterinsights_skip_tracking":false,"_monsterinsights_sitenote_active":false,"_monsterinsights_sitenote_note":"","_monsterinsights_sitenote_category":0},"product_brand":[],"product_cat":[12275,12274],"product_tag":[],"class_list":{"0":"post-744536","1":"product","2":"type-product","3":"status-publish","5":"product_cat-6-12-yas-kitaplari","6":"product_cat-cocuk-ve-genclik-kitaplari","7":"pa_cilt-ciltsiz","8":"pa_tur-kitap","9":"pa_yayinevi-tudem-yayinlari","10":"pa_yazar-pelin-gunes","12":"first","13":"instock","14":"sale","15":"shipping-taxable","16":"purchasable","17":"product-type-simple"},"_links":{"self":[{"href":"https:\/\/roveyayinevi.com.tr\/index.php\/wp-json\/wp\/v2\/product\/744536","targetHints":{"allow":["GET"]}}],"collection":[{"href":"https:\/\/roveyayinevi.com.tr\/index.php\/wp-json\/wp\/v2\/product"}],"about":[{"href":"https:\/\/roveyayinevi.com.tr\/index.php\/wp-json\/wp\/v2\/types\/product"}],"wp:attachment":[{"href":"https:\/\/roveyayinevi.com.tr\/index.php\/wp-json\/wp\/v2\/media?parent=744536"}],"wp:term":[{"taxonomy":"product_brand","embeddable":true,"href":"https:\/\/roveyayinevi.com.tr\/index.php\/wp-json\/wp\/v2\/product_brand?post=744536"},{"taxonomy":"product_cat","embeddable":true,"href":"https:\/\/roveyayinevi.com.tr\/index.php\/wp-json\/wp\/v2\/product_cat?post=744536"},{"taxonomy":"product_tag","embeddable":true,"href":"https:\/\/roveyayinevi.com.tr\/index.php\/wp-json\/wp\/v2\/product_tag?post=744536"}],"curies":[{"name":"wp","href":"https:\/\/api.w.org\/{rel}","templated":true}]}}