{"id":744535,"date":"2025-08-28T01:59:06","date_gmt":"2025-08-27T22:59:06","guid":{"rendered":"https:\/\/roveyayinevi.com.tr\/index.php\/urun\/tutu-dustu\/"},"modified":"2026-04-16T02:56:33","modified_gmt":"2026-04-15T23:56:33","slug":"tutu-dustu","status":"publish","type":"product","link":"https:\/\/roveyayinevi.com.tr\/index.php\/urun\/tutu-dustu\/","title":{"rendered":"T\u00fct\u00fc D\u00fc\u015ft\u00fc"},"content":{"rendered":"<p>Bazen d\u00fc\u015fer, d\u00fc\u015fer, d\u00fc\u015fersin, ama sonra u\u00e7may\u0131 \u00f6\u011frenir, y\u00fckselir, y\u00fckselir ve y\u00fckselirsin.   Minik yal\u0131\u00e7apk\u0131n\u0131 T\u00fct\u00fc, o sabah t\u00fcm cesaretini toplay\u0131p u\u00e7maya karar verir. Kendini yuvadan a\u015fa\u011f\u0131 b\u0131rak\u0131r ve ba\u015flar d\u00fc\u015fmeye. Neyse ki sen vars\u0131n! Tepetaklak ba\u015flayan bu yolculukta, kitab\u0131 do\u011fru yerde \u00e7evirmeyi sak\u0131n unutma. \u0130\u015fte orada ba\u015flayacak, T\u00fct\u00fc\u2019n\u00fcn muhte\u015fem u\u00e7u\u015fu.   \u00d6d\u00fcll\u00fc yazar ve \u00e7izer Corey R. Tabor\u2019dan kendine inanmak \u00fczerine yenilik\u00e7i ve e\u011flenceli bir ku\u015f masal\u0131. <\/p>\n","protected":false},"excerpt":{"rendered":"<p>Bazen d\u00fc\u015fer, d\u00fc\u015fer, d\u00fc\u015fersin, ama sonra u\u00e7may\u0131 \u00f6\u011frenir, y\u00fckselir, y\u00fckselir ve y\u00fckselirsin. Minik yal\u0131\u00e7apk\u0131n\u0131 T\u00fct\u00fc, o sabah t\u00fcm cesaretini toplay\u0131p u\u00e7maya karar verir. Kendini yuvadan a\u015fa\u011f\u0131<span class=\"excerpt-hellip\"> [\u2026]<\/span><\/p>\n","protected":false},"featured_media":0,"template":"","meta":{"_monsterinsights_skip_tracking":false,"_monsterinsights_sitenote_active":false,"_monsterinsights_sitenote_note":"","_monsterinsights_sitenote_category":0},"product_brand":[],"product_cat":[12274,12518],"product_tag":[],"class_list":{"0":"post-744535","1":"product","2":"type-product","3":"status-publish","5":"product_cat-cocuk-ve-genclik-kitaplari","6":"product_cat-okul-oncesi-kitaplar","7":"pa_cilt-ciltsiz","8":"pa_tur-kitap","9":"pa_yayinevi-domingo-yayinevi","10":"pa_yazar-corey-r-tabor","12":"first","13":"instock","14":"sale","15":"shipping-taxable","16":"purchasable","17":"product-type-simple"},"_links":{"self":[{"href":"https:\/\/roveyayinevi.com.tr\/index.php\/wp-json\/wp\/v2\/product\/744535","targetHints":{"allow":["GET"]}}],"collection":[{"href":"https:\/\/roveyayinevi.com.tr\/index.php\/wp-json\/wp\/v2\/product"}],"about":[{"href":"https:\/\/roveyayinevi.com.tr\/index.php\/wp-json\/wp\/v2\/types\/product"}],"wp:attachment":[{"href":"https:\/\/roveyayinevi.com.tr\/index.php\/wp-json\/wp\/v2\/media?parent=744535"}],"wp:term":[{"taxonomy":"product_brand","embeddable":true,"href":"https:\/\/roveyayinevi.com.tr\/index.php\/wp-json\/wp\/v2\/product_brand?post=744535"},{"taxonomy":"product_cat","embeddable":true,"href":"https:\/\/roveyayinevi.com.tr\/index.php\/wp-json\/wp\/v2\/product_cat?post=744535"},{"taxonomy":"product_tag","embeddable":true,"href":"https:\/\/roveyayinevi.com.tr\/index.php\/wp-json\/wp\/v2\/product_tag?post=744535"}],"curies":[{"name":"wp","href":"https:\/\/api.w.org\/{rel}","templated":true}]}}