{"id":744534,"date":"2025-08-28T01:59:05","date_gmt":"2025-08-27T22:59:05","guid":{"rendered":"https:\/\/roveyayinevi.com.tr\/index.php\/urun\/runlerin-yankilari\/"},"modified":"2026-04-16T02:56:33","modified_gmt":"2026-04-15T23:56:33","slug":"runlerin-yankilari","status":"publish","type":"product","link":"https:\/\/roveyayinevi.com.tr\/index.php\/urun\/runlerin-yankilari\/","title":{"rendered":"R\u00fcnlerin Yank\u0131lar\u0131"},"content":{"rendered":"<p>A\u015fklar\u0131 yasaklanm\u0131\u015ft\u0131. Ama sonsuzlukta yank\u0131land\u0131.   2021 RNA Romantik Fantastik Roman \u00d6d\u00fcl\u00fc kazanan\u0131 Tarihsel fantezi t\u00fcr\u00fcn\u00fcn \u00f6d\u00fcll\u00fc yazar\u0131 Christina Courtenay\u2019dan Viking \u00e7a\u011f\u0131nda ve g\u00fcn\u00fcm\u00fczde ge\u00e7en iki zamanl\u0131 bir a\u015fk hik\u00e2yesi. Gen\u00e7 tarih\u00e7i, b\u00fcy\u00fckannesinden miras kalan \u0130sve\u00e7\u2019teki yazl\u0131k evde eski bir alt\u0131n Viking y\u00fcz\u00fc\u011f\u00fc bulur. Daha fazla Viking eseri bulmak i\u00e7in arkeolojik kaz\u0131 yap\u0131lmas\u0131na karar verir. Bu sakl\u0131 kalan ge\u00e7mi\u015fte kendi k\u00f6klerini ke\u015ffettik\u00e7e o d\u00f6nemde ya\u015fam\u0131\u015f insanlar\u0131n hayatlar\u0131na tutkuyla ba\u011flanmaya ba\u015flar. Kaz\u0131daki ke\u015fiflere yo\u011funla\u015f\u0131rken, kaz\u0131 arkeolo\u011fuyla yak\u0131nla\u015f\u0131rlar. A\u015fklar\u0131 onlar\u0131, Galli bir soylu kad\u0131n olan Ceri ve MS 869 y\u0131l\u0131nda halk\u0131ndan kopar\u0131lan \u201cBeyaz \u015eahin\u201d olarak bilinen gizemli Viking\u2019in hik\u00e2yesiyle bir araya getirmeye ba\u015flar. Ge\u00e7mi\u015fle \u015fimdiyi araya getiren \u015fey eski Vikinglerin R\u00fcnik yaz\u0131lar\u0131nda sakl\u0131 kalan s\u00f6zc\u00fcklerdeki s\u0131rlard\u0131. \u201cChristina Courtenay, Viking d\u00f6nemi ile \u00e7a\u011fda\u015f hik\u00e2yeleri ustal\u0131kla bir araya getiriyor.\u201d Judith Lennox <\/p>\n","protected":false},"excerpt":{"rendered":"<p>A\u015fklar\u0131 yasaklanm\u0131\u015ft\u0131. Ama sonsuzlukta yank\u0131land\u0131. 2021 RNA Romantik Fantastik Roman \u00d6d\u00fcl\u00fc kazanan\u0131 Tarihsel fantezi t\u00fcr\u00fcn\u00fcn \u00f6d\u00fcll\u00fc yazar\u0131 Christina Courtenay\u2019dan Viking \u00e7a\u011f\u0131nda ve g\u00fcn\u00fcm\u00fczde ge\u00e7en iki zamanl\u0131<span class=\"excerpt-hellip\"> [\u2026]<\/span><\/p>\n","protected":false},"featured_media":0,"template":"","meta":{"_monsterinsights_skip_tracking":false,"_monsterinsights_sitenote_active":false,"_monsterinsights_sitenote_note":"","_monsterinsights_sitenote_category":0},"product_brand":[],"product_cat":[12291,12745],"product_tag":[],"class_list":{"0":"post-744534","1":"product","2":"type-product","3":"status-publish","5":"product_cat-edebiyat","6":"product_cat-tarihi-roman","7":"pa_cilt-ciltsiz","8":"pa_tur-kitap","9":"pa_yayinevi-eksik-parca-yayinlari","10":"pa_yazar-christina-courtenay","12":"first","13":"instock","14":"sale","15":"shipping-taxable","16":"purchasable","17":"product-type-simple"},"_links":{"self":[{"href":"https:\/\/roveyayinevi.com.tr\/index.php\/wp-json\/wp\/v2\/product\/744534","targetHints":{"allow":["GET"]}}],"collection":[{"href":"https:\/\/roveyayinevi.com.tr\/index.php\/wp-json\/wp\/v2\/product"}],"about":[{"href":"https:\/\/roveyayinevi.com.tr\/index.php\/wp-json\/wp\/v2\/types\/product"}],"wp:attachment":[{"href":"https:\/\/roveyayinevi.com.tr\/index.php\/wp-json\/wp\/v2\/media?parent=744534"}],"wp:term":[{"taxonomy":"product_brand","embeddable":true,"href":"https:\/\/roveyayinevi.com.tr\/index.php\/wp-json\/wp\/v2\/product_brand?post=744534"},{"taxonomy":"product_cat","embeddable":true,"href":"https:\/\/roveyayinevi.com.tr\/index.php\/wp-json\/wp\/v2\/product_cat?post=744534"},{"taxonomy":"product_tag","embeddable":true,"href":"https:\/\/roveyayinevi.com.tr\/index.php\/wp-json\/wp\/v2\/product_tag?post=744534"}],"curies":[{"name":"wp","href":"https:\/\/api.w.org\/{rel}","templated":true}]}}