{"id":744532,"date":"2025-08-28T01:59:03","date_gmt":"2025-08-27T22:59:03","guid":{"rendered":"https:\/\/roveyayinevi.com.tr\/index.php\/urun\/varliginla-onurlandir-guzel-insan\/"},"modified":"2026-04-16T02:56:33","modified_gmt":"2026-04-15T23:56:33","slug":"varliginla-onurlandir-guzel-insan","status":"publish","type":"product","link":"https:\/\/roveyayinevi.com.tr\/index.php\/urun\/varliginla-onurlandir-guzel-insan\/","title":{"rendered":"Varl\u0131\u011f\u0131nla Onurland\u0131r G\u00fczel \u0130nsan"},"content":{"rendered":"<p>Varl\u0131k amac\u0131n\u0131 sorgula! Bu hayata dokun. G\u00fczelle\u015ftir. Sevgiyle iyile\u015ftir. \u015eik\u00e2yet etmeyi b\u0131rak. Yol ol! I\u015f\u0131k ol! Rehber ol! Kahraman ol! Unutma! Sen \u00f6ylesine, bir rastlant\u0131 sonucu burada de\u011filsin. Senin bir hayat amac\u0131n var. Varl\u0131\u011f\u0131n\u0131 onurland\u0131r. Ey g\u00fczel insan!<\/p>\n","protected":false},"excerpt":{"rendered":"<p>Varl\u0131k amac\u0131n\u0131 sorgula! Bu hayata dokun. G\u00fczelle\u015ftir. Sevgiyle iyile\u015ftir. \u015eik\u00e2yet etmeyi b\u0131rak. Yol ol! I\u015f\u0131k ol! Rehber ol! Kahraman ol! Unutma! Sen \u00f6ylesine, bir rastlant\u0131 sonucu<span class=\"excerpt-hellip\"> [\u2026]<\/span><\/p>\n","protected":false},"featured_media":0,"template":"","meta":{"_monsterinsights_skip_tracking":false,"_monsterinsights_sitenote_active":false,"_monsterinsights_sitenote_note":"","_monsterinsights_sitenote_category":0},"product_brand":[],"product_cat":[12291,12509],"product_tag":[],"class_list":{"0":"post-744532","1":"product","2":"type-product","3":"status-publish","5":"product_cat-edebiyat","6":"product_cat-siir","7":"pa_cilt-ciltsiz","8":"pa_tur-kitap","9":"pa_yayinevi-platanus-publishing","10":"pa_yazar-remziye-gul-yurt","12":"first","13":"instock","14":"sale","15":"shipping-taxable","16":"purchasable","17":"product-type-simple"},"_links":{"self":[{"href":"https:\/\/roveyayinevi.com.tr\/index.php\/wp-json\/wp\/v2\/product\/744532","targetHints":{"allow":["GET"]}}],"collection":[{"href":"https:\/\/roveyayinevi.com.tr\/index.php\/wp-json\/wp\/v2\/product"}],"about":[{"href":"https:\/\/roveyayinevi.com.tr\/index.php\/wp-json\/wp\/v2\/types\/product"}],"wp:attachment":[{"href":"https:\/\/roveyayinevi.com.tr\/index.php\/wp-json\/wp\/v2\/media?parent=744532"}],"wp:term":[{"taxonomy":"product_brand","embeddable":true,"href":"https:\/\/roveyayinevi.com.tr\/index.php\/wp-json\/wp\/v2\/product_brand?post=744532"},{"taxonomy":"product_cat","embeddable":true,"href":"https:\/\/roveyayinevi.com.tr\/index.php\/wp-json\/wp\/v2\/product_cat?post=744532"},{"taxonomy":"product_tag","embeddable":true,"href":"https:\/\/roveyayinevi.com.tr\/index.php\/wp-json\/wp\/v2\/product_tag?post=744532"}],"curies":[{"name":"wp","href":"https:\/\/api.w.org\/{rel}","templated":true}]}}