{"id":744530,"date":"2025-08-28T01:59:00","date_gmt":"2025-08-27T22:59:00","guid":{"rendered":"https:\/\/roveyayinevi.com.tr\/index.php\/urun\/efendi-ile-usagi-2\/"},"modified":"2026-04-16T02:56:33","modified_gmt":"2026-04-15T23:56:33","slug":"efendi-ile-usagi-2","status":"publish","type":"product","link":"https:\/\/roveyayinevi.com.tr\/index.php\/urun\/efendi-ile-usagi-2\/","title":{"rendered":"Efendi ile U\u015fa\u011f\u0131"},"content":{"rendered":"<p>\u201cAnlatacag\u0306\u0131m\u0131z bu olay, 1870\u2019lerin bir k\u0131s\u0327 mevsiminde ya\u015fand\u0131. Aziz Nikolay Yortusu\u2019ndan bir sonraki g\u00fcnd\u00fc. Yortu ko\u0308yu\u0308n kilisesinde topluca kutlanm\u0131s\u0327t\u0131, fakat ikinci s\u0131n\u0131f tu\u0308ccar olan Vasili Andreyic\u0327 Brehunov kiliseyi b\u0131rak\u0131p da is\u0327lerinin bas\u0327\u0131na bir t\u00fcrl\u00fc do\u0308nemedi. Kilise yo\u0308netim bas\u0327kan\u0131 olan tu\u0308ccar\u0131n, yortuyu daha sonra bir de evinde kutlayarak akrabalar\u0131n\u0131 ve tan\u0131d\u0131klar\u0131n\u0131 a\u011f\u0131rlamas\u0131 \u015fartt\u0131. Ancak son konuklar\u0131 evinden \u00e7\u0131kar \u00e7\u0131kmaz yol haz\u0131rl\u0131g\u0306\u0131 yapmaya giri\u015fti. \u201c<\/p>\n","protected":false},"excerpt":{"rendered":"<p>\u201cAnlatacag\u0306\u0131m\u0131z bu olay, 1870\u2019lerin bir k\u0131s\u0327 mevsiminde ya\u015fand\u0131. Aziz Nikolay Yortusu\u2019ndan bir sonraki g\u00fcnd\u00fc. Yortu ko\u0308yu\u0308n kilisesinde topluca kutlanm\u0131s\u0327t\u0131, fakat ikinci s\u0131n\u0131f tu\u0308ccar olan Vasili Andreyic\u0327<span class=\"excerpt-hellip\"> [\u2026]<\/span><\/p>\n","protected":false},"featured_media":0,"template":"","meta":{"_monsterinsights_skip_tracking":false,"_monsterinsights_sitenote_active":false,"_monsterinsights_sitenote_note":"","_monsterinsights_sitenote_category":0},"product_brand":[],"product_cat":[12291,13570],"product_tag":[],"class_list":{"0":"post-744530","1":"product","2":"type-product","3":"status-publish","5":"product_cat-edebiyat","6":"product_cat-rus-edebiyati","7":"pa_cilt-ciltsiz","8":"pa_tur-kitap","9":"pa_yayinevi-platanus-publishing","10":"pa_yazar-lev-nikolayevic-tolstoy","12":"first","13":"instock","14":"sale","15":"shipping-taxable","16":"purchasable","17":"product-type-simple"},"_links":{"self":[{"href":"https:\/\/roveyayinevi.com.tr\/index.php\/wp-json\/wp\/v2\/product\/744530","targetHints":{"allow":["GET"]}}],"collection":[{"href":"https:\/\/roveyayinevi.com.tr\/index.php\/wp-json\/wp\/v2\/product"}],"about":[{"href":"https:\/\/roveyayinevi.com.tr\/index.php\/wp-json\/wp\/v2\/types\/product"}],"wp:attachment":[{"href":"https:\/\/roveyayinevi.com.tr\/index.php\/wp-json\/wp\/v2\/media?parent=744530"}],"wp:term":[{"taxonomy":"product_brand","embeddable":true,"href":"https:\/\/roveyayinevi.com.tr\/index.php\/wp-json\/wp\/v2\/product_brand?post=744530"},{"taxonomy":"product_cat","embeddable":true,"href":"https:\/\/roveyayinevi.com.tr\/index.php\/wp-json\/wp\/v2\/product_cat?post=744530"},{"taxonomy":"product_tag","embeddable":true,"href":"https:\/\/roveyayinevi.com.tr\/index.php\/wp-json\/wp\/v2\/product_tag?post=744530"}],"curies":[{"name":"wp","href":"https:\/\/api.w.org\/{rel}","templated":true}]}}