{"id":744528,"date":"2025-08-28T01:58:57","date_gmt":"2025-08-27T22:58:57","guid":{"rendered":"https:\/\/roveyayinevi.com.tr\/index.php\/urun\/guzel-canavar-icin-avrupa-seyahati\/"},"modified":"2026-04-16T02:56:33","modified_gmt":"2026-04-15T23:56:33","slug":"guzel-canavar-icin-avrupa-seyahati","status":"publish","type":"product","link":"https:\/\/roveyayinevi.com.tr\/index.php\/urun\/guzel-canavar-icin-avrupa-seyahati\/","title":{"rendered":"G\u00fczel Canavar \u0130\u00e7in Avrupa Seyahati"},"content":{"rendered":"<p>Simyac\u0131n\u0131n K\u0131z\u0131n\u0131n Tuhaf Hik\u00e2yesi kald\u0131\u011f\u0131 yerden devam ediyor. Mary Jekyll\u2019\u0131n hayat\u0131, Sherlock Holmes ve Dr. Watson\u2019a Whitechapel Cinayetleri\u2019ni \u00e7\u00f6zmelerinde yard\u0131m etti\u011finden beri sessiz ve huzurlu ge\u00e7mektedir. Beatrice Rappaccini, Catherine Moreau, Justine Frankenstein ve Mary\u2019nin k\u0131z karde\u015fi Diana Hyde, Londra\u2019daki Jekyll kona\u011f\u0131na yerle\u015fmi\u015ftir. \u00dcstelik yanlar\u0131nda, s\u0131k\u0131\u015ft\u0131klar\u0131nda ba\u015fvurabilecekleri Bayan Poole da vard\u0131r.   Ancak bu sakin g\u00fcnler, Lucinda Van Helsing\u2019in ka\u00e7\u0131r\u0131ld\u0131\u011f\u0131n\u0131 \u00f6\u011frendiklerinde sona erer. Athena Kul\u00fcb\u00fc, Avusturya-Macaristan \u0130mparatorlu\u011fu\u2019na gitmeli ve korkun\u00e7 deneylere maruz b\u0131rak\u0131lan bu gen\u00e7 kad\u0131n\u0131 kurtarmal\u0131d\u0131r. Lucinda nerededir? Profes\u00f6r Van Helsing, k\u0131z\u0131na ne yapmay\u0131 planlamaktad\u0131r? Lucinda\u2019y\u0131 mak\u00fbs t\u00e2lihinden kurtarmak i\u00e7in zamanla yar\u0131\u015fan Athena Kul\u00fcb\u00fc \u00fcyeleri, Avrupa boyunca \u00e7\u0131lg\u0131n bir maceraya daha at\u0131l\u0131yor. Paris\u2019ten Viyana\u2019ya, oradan Budape\u015fte\u2019ye uzanan bu tehlikeli yolculukta, Mary ve arkada\u015flar\u0131 yeni m\u00fcttefikler kazan\u0131yor, eski d\u00fc\u015fmanlarla y\u00fczle\u015fiyor ve nihayet Simya Toplulu\u011fu\u2019na meydan okuyor. Art\u0131k vah\u015fi k\u0131zlar i\u00e7in kendi kaderlerini yazma vakti\u2026 <\/p>\n","protected":false},"excerpt":{"rendered":"<p>Simyac\u0131n\u0131n K\u0131z\u0131n\u0131n Tuhaf Hik\u00e2yesi kald\u0131\u011f\u0131 yerden devam ediyor. Mary Jekyll\u2019\u0131n hayat\u0131, Sherlock Holmes ve Dr. Watson\u2019a Whitechapel Cinayetleri\u2019ni \u00e7\u00f6zmelerinde yard\u0131m etti\u011finden beri sessiz ve huzurlu ge\u00e7mektedir.<span class=\"excerpt-hellip\"> [\u2026]<\/span><\/p>\n","protected":false},"featured_media":0,"template":"","meta":{"_monsterinsights_skip_tracking":false,"_monsterinsights_sitenote_active":false,"_monsterinsights_sitenote_note":"","_monsterinsights_sitenote_category":0},"product_brand":[],"product_cat":[12291,12711],"product_tag":[],"class_list":{"0":"post-744528","1":"product","2":"type-product","3":"status-publish","5":"product_cat-edebiyat","6":"product_cat-roman-oyku","7":"pa_cilt-ciltsiz","8":"pa_tur-kitap","9":"pa_yayinevi-eksik-parca-yayinlari","10":"pa_yazar-theodora-goss","12":"first","13":"instock","14":"sale","15":"shipping-taxable","16":"purchasable","17":"product-type-simple"},"_links":{"self":[{"href":"https:\/\/roveyayinevi.com.tr\/index.php\/wp-json\/wp\/v2\/product\/744528","targetHints":{"allow":["GET"]}}],"collection":[{"href":"https:\/\/roveyayinevi.com.tr\/index.php\/wp-json\/wp\/v2\/product"}],"about":[{"href":"https:\/\/roveyayinevi.com.tr\/index.php\/wp-json\/wp\/v2\/types\/product"}],"wp:attachment":[{"href":"https:\/\/roveyayinevi.com.tr\/index.php\/wp-json\/wp\/v2\/media?parent=744528"}],"wp:term":[{"taxonomy":"product_brand","embeddable":true,"href":"https:\/\/roveyayinevi.com.tr\/index.php\/wp-json\/wp\/v2\/product_brand?post=744528"},{"taxonomy":"product_cat","embeddable":true,"href":"https:\/\/roveyayinevi.com.tr\/index.php\/wp-json\/wp\/v2\/product_cat?post=744528"},{"taxonomy":"product_tag","embeddable":true,"href":"https:\/\/roveyayinevi.com.tr\/index.php\/wp-json\/wp\/v2\/product_tag?post=744528"}],"curies":[{"name":"wp","href":"https:\/\/api.w.org\/{rel}","templated":true}]}}