{"id":744527,"date":"2025-08-28T01:58:56","date_gmt":"2025-08-27T22:58:56","guid":{"rendered":"https:\/\/roveyayinevi.com.tr\/index.php\/urun\/seninle-baslamadi-gunlugu\/"},"modified":"2026-04-16T02:56:33","modified_gmt":"2026-04-15T23:56:33","slug":"seninle-baslamadi-gunlugu","status":"publish","type":"product","link":"https:\/\/roveyayinevi.com.tr\/index.php\/urun\/seninle-baslamadi-gunlugu\/","title":{"rendered":"Seninle Ba\u015flamad\u0131 G\u00fcnl\u00fc\u011f\u00fc"},"content":{"rendered":"<p>\u0130ster anne babam\u0131z\u0131n duygular\u0131n\u0131 hen\u00fcz anne karn\u0131ndayken kal\u0131tsal olarak devralal\u0131m, ister annemizle olan ili\u015fkimiz arac\u0131l\u0131\u011f\u0131yla bize aktar\u0131ls\u0131n ya da bilin\u00e7d\u0131\u015f\u0131 ba\u011fl\u0131l\u0131\u011f\u0131m\u0131zla veya epigenetik de\u011fi\u015fiklikler yoluyla payla\u015fal\u0131m, bir \u015fey \u00e7ok a\u00e7\u0131kt\u0131r: \u201cHayat bizi ge\u00e7mi\u015fte \u00e7\u00f6z\u00fcmlenmemi\u015f bir \u015feyle gelece\u011fe g\u00f6nderir.\u201d D\u00fcnya\u2019da ve T\u00fcrkiye\u2019de \u00e7oksatan Seninle Ba\u015flamad\u0131 kitab\u0131n\u0131 okudu\u011funuzu ve ilerlerken bir\u00e7ok yere notlar almak, atalar\u0131n\u0131z\u0131 ara\u015ft\u0131rmak, ailenize sorular y\u00f6neltmek istedi\u011finizi tahmin edebiliyorum. \u0130\u015fte bu \u00e7al\u0131\u015fma g\u00fcnl\u00fc\u011f\u00fcn\u00fc daha d\u00fczenli bir ilerleyi\u015fte; b\u00f6l\u00fcnmeden, kaybolmadan her an yan\u0131n\u0131zda bulundurman\u0131z i\u00e7in haz\u0131rlad\u0131k. K\u00f6klerimizden gelen duygular\u0131n bug\u00fcn\u00fcm\u00fcze ne kadar etki etti\u011fini, var olma s\u00fcrecimizde bizi ne derecede zorlad\u0131\u011f\u0131n\u0131 fark etmedi\u011fimiz anlarda kendimizi biraz daha yaln\u0131z ve anla\u015f\u0131lmaz hissedilebiliyoruz. Bazense sadece bilmek, anlamak istiyoruz. Umar\u0131m bu g\u00fcnl\u00fck \u2018siz\u2019 olma s\u00fcrecinize ufak da olsa bir destek sa\u011flar; yolculu\u011funuzda yan\u0131n\u0131zda olur. Buket Konur<\/p>\n","protected":false},"excerpt":{"rendered":"<p>\u0130ster anne babam\u0131z\u0131n duygular\u0131n\u0131 hen\u00fcz anne karn\u0131ndayken kal\u0131tsal olarak devralal\u0131m, ister annemizle olan ili\u015fkimiz arac\u0131l\u0131\u011f\u0131yla bize aktar\u0131ls\u0131n ya da bilin\u00e7d\u0131\u015f\u0131 ba\u011fl\u0131l\u0131\u011f\u0131m\u0131zla veya epigenetik de\u011fi\u015fiklikler yoluyla payla\u015fal\u0131m,<span class=\"excerpt-hellip\"> [\u2026]<\/span><\/p>\n","protected":false},"featured_media":0,"template":"","meta":{"_monsterinsights_skip_tracking":false,"_monsterinsights_sitenote_active":false,"_monsterinsights_sitenote_note":"","_monsterinsights_sitenote_category":0},"product_brand":[],"product_cat":[12358,12357],"product_tag":[],"class_list":{"0":"post-744527","1":"product","2":"type-product","3":"status-publish","5":"product_cat-genel-psikoloji","6":"product_cat-psikoloji","7":"pa_cilt-ciltsiz","8":"pa_tur-kitap","9":"pa_yayinevi-sola-unitas","10":"pa_yazar-mark-wolynn","12":"first","13":"instock","14":"sale","15":"shipping-taxable","16":"purchasable","17":"product-type-simple"},"_links":{"self":[{"href":"https:\/\/roveyayinevi.com.tr\/index.php\/wp-json\/wp\/v2\/product\/744527","targetHints":{"allow":["GET"]}}],"collection":[{"href":"https:\/\/roveyayinevi.com.tr\/index.php\/wp-json\/wp\/v2\/product"}],"about":[{"href":"https:\/\/roveyayinevi.com.tr\/index.php\/wp-json\/wp\/v2\/types\/product"}],"wp:attachment":[{"href":"https:\/\/roveyayinevi.com.tr\/index.php\/wp-json\/wp\/v2\/media?parent=744527"}],"wp:term":[{"taxonomy":"product_brand","embeddable":true,"href":"https:\/\/roveyayinevi.com.tr\/index.php\/wp-json\/wp\/v2\/product_brand?post=744527"},{"taxonomy":"product_cat","embeddable":true,"href":"https:\/\/roveyayinevi.com.tr\/index.php\/wp-json\/wp\/v2\/product_cat?post=744527"},{"taxonomy":"product_tag","embeddable":true,"href":"https:\/\/roveyayinevi.com.tr\/index.php\/wp-json\/wp\/v2\/product_tag?post=744527"}],"curies":[{"name":"wp","href":"https:\/\/api.w.org\/{rel}","templated":true}]}}