{"id":744526,"date":"2025-08-28T01:58:55","date_gmt":"2025-08-27T22:58:55","guid":{"rendered":"https:\/\/roveyayinevi.com.tr\/index.php\/urun\/siirin-kisa-tarihi\/"},"modified":"2026-03-16T12:37:28","modified_gmt":"2026-03-16T09:37:28","slug":"siirin-kisa-tarihi","status":"publish","type":"product","link":"https:\/\/roveyayinevi.com.tr\/index.php\/urun\/siirin-kisa-tarihi\/","title":{"rendered":"\u015eiirin K\u0131sa Tarihi"},"content":{"rendered":"<p>\u201c\u015eiir nedir? M\u00fczi\u011fin sesle ili\u015fkisi neyse, \u015fiirin dille ili\u015fkisi odur. \u015eiir, \u00f6zel k\u0131l\u0131nm\u0131\u015f dildir. \u00d6zel k\u0131l\u0131nd\u0131\u011f\u0131 i\u00e7in hat\u0131rlanacak ve de\u011ferli g\u00f6r\u00fclecektir. Elbette ki her zaman bu \u015fekilde i\u015flemez. Y\u00fczy\u0131llar boyunca binlerce \u015fiir unutulup gitmi\u015ftir. Ama bu kitap unutulmayanlar hakk\u0131ndad\u0131r.\u201d John Carey, yakla\u015f\u0131k d\u00f6rt bin y\u0131l \u00f6nce yaz\u0131lm\u0131\u015f, hayatta kalan en eski \u015fiirlerden bug\u00fcn yaz\u0131lanlara kadar d\u00fcnyan\u0131n en bilindik \u015fiirlerinin ard\u0131ndaki hik\u00e2yeleri anlat\u0131yor. Carey, eserleriyle d\u00fcnyaya bak\u0131\u015f\u0131m\u0131z\u0131 \u015fekillendiren Dante, Chaucer, Shakespeare, Whitman ve Yeats gibi \u015fairleri inceliyor. Ayr\u0131ca bir \u015fiiri en ba\u015fta \u201charika\u201d yapan \u015feyin ne oldu\u011funu sorgulamaya ba\u015flayan Derek Walcott, Marianne Moore ve Maya Angelou gibi daha yeni \u015fairlere de yer veriyor. Hem gen\u00e7 hem de ya\u015fl\u0131 okuyucular i\u00e7in bu k\u0131sa tarih, d\u00fcnyadaki \u015fiirlerin zenginli\u011fine ve onlar\u0131 daha da cazip k\u0131lan anla\u015f\u0131lmas\u0131 zor niteli\u011fe \u0131\u015f\u0131k tutuyor. <\/p>\n","protected":false},"excerpt":{"rendered":"<p>\u201c\u015eiir nedir? M\u00fczi\u011fin sesle ili\u015fkisi neyse, \u015fiirin dille ili\u015fkisi odur. \u015eiir, \u00f6zel k\u0131l\u0131nm\u0131\u015f dildir. \u00d6zel k\u0131l\u0131nd\u0131\u011f\u0131 i\u00e7in hat\u0131rlanacak ve de\u011ferli g\u00f6r\u00fclecektir. Elbette ki her zaman bu<span class=\"excerpt-hellip\"> [\u2026]<\/span><\/p>\n","protected":false},"featured_media":0,"template":"","meta":{"_monsterinsights_skip_tracking":false,"_monsterinsights_sitenote_active":false,"_monsterinsights_sitenote_note":"","_monsterinsights_sitenote_category":0},"product_brand":[],"product_cat":[12291,12509],"product_tag":[],"class_list":{"0":"post-744526","1":"product","2":"type-product","3":"status-publish","5":"product_cat-edebiyat","6":"product_cat-siir","7":"pa_cilt-ciltsiz","8":"pa_tur-kitap","9":"pa_yayinevi-alfa-yayinlari","10":"pa_yazar-john-carey","12":"first","13":"instock","14":"sale","15":"shipping-taxable","16":"purchasable","17":"product-type-simple"},"_links":{"self":[{"href":"https:\/\/roveyayinevi.com.tr\/index.php\/wp-json\/wp\/v2\/product\/744526","targetHints":{"allow":["GET"]}}],"collection":[{"href":"https:\/\/roveyayinevi.com.tr\/index.php\/wp-json\/wp\/v2\/product"}],"about":[{"href":"https:\/\/roveyayinevi.com.tr\/index.php\/wp-json\/wp\/v2\/types\/product"}],"wp:attachment":[{"href":"https:\/\/roveyayinevi.com.tr\/index.php\/wp-json\/wp\/v2\/media?parent=744526"}],"wp:term":[{"taxonomy":"product_brand","embeddable":true,"href":"https:\/\/roveyayinevi.com.tr\/index.php\/wp-json\/wp\/v2\/product_brand?post=744526"},{"taxonomy":"product_cat","embeddable":true,"href":"https:\/\/roveyayinevi.com.tr\/index.php\/wp-json\/wp\/v2\/product_cat?post=744526"},{"taxonomy":"product_tag","embeddable":true,"href":"https:\/\/roveyayinevi.com.tr\/index.php\/wp-json\/wp\/v2\/product_tag?post=744526"}],"curies":[{"name":"wp","href":"https:\/\/api.w.org\/{rel}","templated":true}]}}