{"id":744524,"date":"2025-08-28T01:58:52","date_gmt":"2025-08-27T22:58:52","guid":{"rendered":"https:\/\/roveyayinevi.com.tr\/index.php\/urun\/mutlu-yetiskinler\/"},"modified":"2026-04-13T03:03:22","modified_gmt":"2026-04-13T00:03:22","slug":"mutlu-yetiskinler","status":"publish","type":"product","link":"https:\/\/roveyayinevi.com.tr\/index.php\/urun\/mutlu-yetiskinler\/","title":{"rendered":"Mutlu Yeti\u015fkinler"},"content":{"rendered":"<p>\u201cMutlu olmay\u0131 kendinize bor\u00e7lusunuz.\u201d   Cathy Glass insan\u0131n kendisine, mutlu olmay\u0131 ve i\u00e7 huzuru bulmay\u0131 bor\u00e7lu oldu\u011fu d\u00fcsturuyla yola \u00e7\u0131k\u0131yor ve hayat\u0131 en iyi \u015fekilde ya\u015famak isteyenlere k\u0131lavuzluk ediyor.   Yirmi be\u015f y\u0131l\u0131 a\u015fk\u0131n s\u00fcredir koruyucu bak\u0131c\u0131l\u0131k yapan Glass, hayat\u0131n zorluklar\u0131n\u0131n fark\u0131nda. Bu fark\u0131ndal\u0131kla ve d\u00fcnyan\u0131n d\u00f6rt bir yan\u0131ndan gelen e-postalarla birlikte insanlar\u0131 mutlu eden temel fakt\u00f6rleri belirledi. \u0130\u015fin s\u0131rr\u0131n\u0131n her zaman y\u00fcksek bir ruh halinde ya\u015famak olmad\u0131\u011f\u0131n\u0131, t\u00fcm duygular\u0131 kabul edip hayat\u0131m\u0131z\u0131n kontrol\u00fcn\u00fc elimize almam\u0131z oldu\u011funu s\u00f6yl\u00fcyor.   Hayata dair bir rehber arayan t\u00fcm yeti\u015fkinler i\u00e7in paha bi\u00e7ilemez bir kitap olan Mutlu Yeti\u015fkinler; hedeflerinize nas\u0131l ula\u015faca\u011f\u0131n\u0131z, \u00f6fke ve stresle nas\u0131l ba\u015fa \u00e7\u0131kaca\u011f\u0131n\u0131z, \u00f6zg\u00fcveninizi ve \u00f6zsayg\u0131n\u0131z\u0131 nas\u0131l art\u0131raca\u011f\u0131n\u0131zla ilgili \u00f6nemli ipu\u00e7lar\u0131 veriyor. <\/p>\n","protected":false},"excerpt":{"rendered":"<p>\u201cMutlu olmay\u0131 kendinize bor\u00e7lusunuz.\u201d Cathy Glass insan\u0131n kendisine, mutlu olmay\u0131 ve i\u00e7 huzuru bulmay\u0131 bor\u00e7lu oldu\u011fu d\u00fcsturuyla yola \u00e7\u0131k\u0131yor ve hayat\u0131 en iyi \u015fekilde ya\u015famak isteyenlere<span class=\"excerpt-hellip\"> [\u2026]<\/span><\/p>\n","protected":false},"featured_media":0,"template":"","meta":{"_monsterinsights_skip_tracking":false,"_monsterinsights_sitenote_active":false,"_monsterinsights_sitenote_note":"","_monsterinsights_sitenote_category":0},"product_brand":[],"product_cat":[12364,12376],"product_tag":[],"class_list":{"0":"post-744524","1":"product","2":"type-product","3":"status-publish","5":"product_cat-genel-konular","6":"product_cat-kisisel-gelisim","7":"pa_cilt-ciltsiz","8":"pa_tur-kitap","9":"pa_yayinevi-mona-kitap","10":"pa_yazar-cathy-glass","12":"first","13":"instock","14":"sale","15":"shipping-taxable","16":"purchasable","17":"product-type-simple"},"_links":{"self":[{"href":"https:\/\/roveyayinevi.com.tr\/index.php\/wp-json\/wp\/v2\/product\/744524","targetHints":{"allow":["GET"]}}],"collection":[{"href":"https:\/\/roveyayinevi.com.tr\/index.php\/wp-json\/wp\/v2\/product"}],"about":[{"href":"https:\/\/roveyayinevi.com.tr\/index.php\/wp-json\/wp\/v2\/types\/product"}],"wp:attachment":[{"href":"https:\/\/roveyayinevi.com.tr\/index.php\/wp-json\/wp\/v2\/media?parent=744524"}],"wp:term":[{"taxonomy":"product_brand","embeddable":true,"href":"https:\/\/roveyayinevi.com.tr\/index.php\/wp-json\/wp\/v2\/product_brand?post=744524"},{"taxonomy":"product_cat","embeddable":true,"href":"https:\/\/roveyayinevi.com.tr\/index.php\/wp-json\/wp\/v2\/product_cat?post=744524"},{"taxonomy":"product_tag","embeddable":true,"href":"https:\/\/roveyayinevi.com.tr\/index.php\/wp-json\/wp\/v2\/product_tag?post=744524"}],"curies":[{"name":"wp","href":"https:\/\/api.w.org\/{rel}","templated":true}]}}