{"id":744519,"date":"2025-08-28T01:58:45","date_gmt":"2025-08-27T22:58:45","guid":{"rendered":"https:\/\/roveyayinevi.com.tr\/index.php\/urun\/graham-bell-telefon-dile-geldi\/"},"modified":"2026-04-16T02:56:33","modified_gmt":"2026-04-15T23:56:33","slug":"graham-bell-telefon-dile-geldi","status":"publish","type":"product","link":"https:\/\/roveyayinevi.com.tr\/index.php\/urun\/graham-bell-telefon-dile-geldi\/","title":{"rendered":"Graham Bell-Telefon Dile Geldi"},"content":{"rendered":"<p>Telefonu icat eden Alexander Graham Bell\u2019in asl\u0131nda sa\u011f\u0131rlar\u0131n sessizli\u011fini ortadan kald\u0131rmaya \u00e7al\u0131\u015ft\u0131\u011f\u0131n\u0131 biliyor muydunuz? Bunu ba\u015faramad\u0131 ama her g\u00fcn yeni bir \u00f6zelli\u011fe kavu\u015fan telefonla aralar\u0131nda kilometrelerce mesafe bulunan insanlar\u0131n birbirlerini duymalar\u0131n\u0131 sa\u011flad\u0131. Peki onu bu icatlara y\u00f6nlendiren \u015fey neydi? \u201cALO\u201d s\u00f6zc\u00fc\u011f\u00fc nereden geliyor? K\u00fc\u00e7\u00fck Alexander nas\u0131l bir \u00e7ocuktu? Hadi hep birlikte Graham Bell\u2019in b\u00fcy\u00fcl\u00fc yolcu\u011funa e\u015flik edelim! Nas\u0131l D\u00e2hi Oldum? Serisi\u2019nin her bir kitab\u0131, tarihe ismini alt\u0131n harflerle yazd\u0131rm\u0131\u015f \u00f6nemli sanat ve bilim insanlar\u0131n\u0131n b\u00fcy\u00fcl\u00fc \u00e7ocukluklar\u0131na kap\u0131 aral\u0131yor.<\/p>\n","protected":false},"excerpt":{"rendered":"<p>Telefonu icat eden Alexander Graham Bell\u2019in asl\u0131nda sa\u011f\u0131rlar\u0131n sessizli\u011fini ortadan kald\u0131rmaya \u00e7al\u0131\u015ft\u0131\u011f\u0131n\u0131 biliyor muydunuz? Bunu ba\u015faramad\u0131 ama her g\u00fcn yeni bir \u00f6zelli\u011fe kavu\u015fan telefonla aralar\u0131nda kilometrelerce<span class=\"excerpt-hellip\"> [\u2026]<\/span><\/p>\n","protected":false},"featured_media":0,"template":"","meta":{"_monsterinsights_skip_tracking":false,"_monsterinsights_sitenote_active":false,"_monsterinsights_sitenote_note":"","_monsterinsights_sitenote_category":0},"product_brand":[],"product_cat":[12274,12284],"product_tag":[],"class_list":{"0":"post-744519","1":"product","2":"type-product","3":"status-publish","5":"product_cat-cocuk-ve-genclik-kitaplari","6":"product_cat-hikayeler","7":"pa_cilt-ciltsiz","8":"pa_tur-kitap","9":"pa_yayinevi-dokuz-yayinlari","10":"pa_yazar-cezmi-ersoz","12":"first","13":"instock","14":"sale","15":"shipping-taxable","16":"purchasable","17":"product-type-simple"},"_links":{"self":[{"href":"https:\/\/roveyayinevi.com.tr\/index.php\/wp-json\/wp\/v2\/product\/744519","targetHints":{"allow":["GET"]}}],"collection":[{"href":"https:\/\/roveyayinevi.com.tr\/index.php\/wp-json\/wp\/v2\/product"}],"about":[{"href":"https:\/\/roveyayinevi.com.tr\/index.php\/wp-json\/wp\/v2\/types\/product"}],"wp:attachment":[{"href":"https:\/\/roveyayinevi.com.tr\/index.php\/wp-json\/wp\/v2\/media?parent=744519"}],"wp:term":[{"taxonomy":"product_brand","embeddable":true,"href":"https:\/\/roveyayinevi.com.tr\/index.php\/wp-json\/wp\/v2\/product_brand?post=744519"},{"taxonomy":"product_cat","embeddable":true,"href":"https:\/\/roveyayinevi.com.tr\/index.php\/wp-json\/wp\/v2\/product_cat?post=744519"},{"taxonomy":"product_tag","embeddable":true,"href":"https:\/\/roveyayinevi.com.tr\/index.php\/wp-json\/wp\/v2\/product_tag?post=744519"}],"curies":[{"name":"wp","href":"https:\/\/api.w.org\/{rel}","templated":true}]}}