{"id":744517,"date":"2025-08-28T01:58:42","date_gmt":"2025-08-27T22:58:42","guid":{"rendered":"https:\/\/roveyayinevi.com.tr\/index.php\/urun\/farabi-filozoflarin-ustadi\/"},"modified":"2026-04-16T02:56:33","modified_gmt":"2026-04-15T23:56:33","slug":"farabi-filozoflarin-ustadi","status":"publish","type":"product","link":"https:\/\/roveyayinevi.com.tr\/index.php\/urun\/farabi-filozoflarin-ustadi\/","title":{"rendered":"Farabi &#8211; Filozoflar\u0131n \u00dcstad\u0131"},"content":{"rendered":"<p>F\u0130LOZOFLARIN \u00dcSTADI FARAB\u0130\u2019N\u0130N Z\u0130HN\u0130NE SIZIYORUZ! Yeni bilgiler pe\u015finden ko\u015farken Can abinin haf\u0131zas\u0131ndan bir konuk f\u0131rlad\u0131: Farabi.Ger\u00e7ek ad\u0131 yerine ya\u015fad\u0131\u011f\u0131 y\u00f6renin ad\u0131n\u0131 kullanan Farabi, do\u011fdu\u011fu yerde kalmay\u0131p ilim pe\u015finde dolanm\u0131\u015f durmu\u015f. O kadar \u00e7ok bilgi pe\u015finde ko\u015fmu\u015f ki kendisine \u0130kinci \u00dcstat demi\u015fler. Harika de\u011fil mi? Peki yetmi\u015f dil bildi\u011fini iddia ediyormu\u015f desem ne derdiniz? Yok art\u0131k dedi\u011finizi duyar gibiyim. Ama belki de vard\u0131r art\u0131k. Filozoflar\u0131n babas\u0131 Farabi\u2019nin d\u00fc\u015f\u00fcncelerinde yolculuk yapmaya ne dersiniz? Tarihe Y\u00f6n Veren \u00dcnl\u00fc T\u00fcrk Bilginleri Serisi\u2019nin her bir kitab\u0131, tarihe ismini alt\u0131n harflerle yazd\u0131rm\u0131\u015f \u00f6nemli \u00e2limlerin gizemli hayatlar\u0131na kap\u0131 aral\u0131yor. <\/p>\n","protected":false},"excerpt":{"rendered":"<p>F\u0130LOZOFLARIN \u00dcSTADI FARAB\u0130\u2019N\u0130N Z\u0130HN\u0130NE SIZIYORUZ! Yeni bilgiler pe\u015finden ko\u015farken Can abinin haf\u0131zas\u0131ndan bir konuk f\u0131rlad\u0131: Farabi.Ger\u00e7ek ad\u0131 yerine ya\u015fad\u0131\u011f\u0131 y\u00f6renin ad\u0131n\u0131 kullanan Farabi, do\u011fdu\u011fu yerde kalmay\u0131p<span class=\"excerpt-hellip\"> [\u2026]<\/span><\/p>\n","protected":false},"featured_media":0,"template":"","meta":{"_monsterinsights_skip_tracking":false,"_monsterinsights_sitenote_active":false,"_monsterinsights_sitenote_note":"","_monsterinsights_sitenote_category":0},"product_brand":[],"product_cat":[12274,12284],"product_tag":[],"class_list":{"0":"post-744517","1":"product","2":"type-product","3":"status-publish","5":"product_cat-cocuk-ve-genclik-kitaplari","6":"product_cat-hikayeler","7":"pa_cilt-ciltsiz","8":"pa_tur-kitap","9":"pa_yayinevi-dokuz-yayinlari","10":"pa_yazar-cezmi-ersoz","12":"first","13":"instock","14":"sale","15":"shipping-taxable","16":"purchasable","17":"product-type-simple"},"_links":{"self":[{"href":"https:\/\/roveyayinevi.com.tr\/index.php\/wp-json\/wp\/v2\/product\/744517","targetHints":{"allow":["GET"]}}],"collection":[{"href":"https:\/\/roveyayinevi.com.tr\/index.php\/wp-json\/wp\/v2\/product"}],"about":[{"href":"https:\/\/roveyayinevi.com.tr\/index.php\/wp-json\/wp\/v2\/types\/product"}],"wp:attachment":[{"href":"https:\/\/roveyayinevi.com.tr\/index.php\/wp-json\/wp\/v2\/media?parent=744517"}],"wp:term":[{"taxonomy":"product_brand","embeddable":true,"href":"https:\/\/roveyayinevi.com.tr\/index.php\/wp-json\/wp\/v2\/product_brand?post=744517"},{"taxonomy":"product_cat","embeddable":true,"href":"https:\/\/roveyayinevi.com.tr\/index.php\/wp-json\/wp\/v2\/product_cat?post=744517"},{"taxonomy":"product_tag","embeddable":true,"href":"https:\/\/roveyayinevi.com.tr\/index.php\/wp-json\/wp\/v2\/product_tag?post=744517"}],"curies":[{"name":"wp","href":"https:\/\/api.w.org\/{rel}","templated":true}]}}