{"id":744516,"date":"2025-08-28T01:58:41","date_gmt":"2025-08-27T22:58:41","guid":{"rendered":"https:\/\/roveyayinevi.com.tr\/index.php\/urun\/cezeri-ilk-robotun-mucidi\/"},"modified":"2026-04-16T02:56:32","modified_gmt":"2026-04-15T23:56:32","slug":"cezeri-ilk-robotun-mucidi","status":"publish","type":"product","link":"https:\/\/roveyayinevi.com.tr\/index.php\/urun\/cezeri-ilk-robotun-mucidi\/","title":{"rendered":"Cezeri-\u0130lk Robotun Mucidi"},"content":{"rendered":"<p>\u0130LK ROBOTUN MUC\u0130D\u0130 CEZER\u0130, MAK\u0130NELERE CAN VER\u0130YOR! K\u00fclt\u00fcrel gezi i\u00e7in \u0130stanbul\u2019a giden arkada\u015f\u0131m An\u0131l\u2019\u0131n d\u00f6nd\u00fc\u011f\u00fcnde b\u00fcy\u00fck bir s\u00fcrprizi vard\u0131: Orta \u00c7a\u011f\u2019\u0131n en b\u00fcy\u00fck m\u00fchendisi Cezeri. Cezeri\u2019nin iki nehrin aras\u0131nda ba\u015flayan hayat maceras\u0131, saray m\u00fchendisi olmas\u0131na kadar dayanm\u0131\u015f. \u0130nanabiliyor musunuz? Peki yapt\u0131\u011f\u0131 makine \u00e7izimlerinin y\u00fczy\u0131llar sonras\u0131na hitap etti\u011fini s\u00f6ylesem ne dersiniz? Bir de kitab\u0131 var elbette. Acaba T\u00fcrkiye\u2019nin neresinde? Cezeri\u2019nin ola\u011fan\u00fcst\u00fc makinelerini tan\u0131maya ne dersiniz? Tarihe Y\u00f6n Veren \u00dcnl\u00fc T\u00fcrk Bilginleri Serisi\u2019nin her bir kitab\u0131, tarihe ismini alt\u0131n harflerle yazd\u0131rm\u0131\u015f \u00f6nemli \u00e2limlerin gizemli hayatlar\u0131na kap\u0131 aral\u0131yor. <\/p>\n","protected":false},"excerpt":{"rendered":"<p>\u0130LK ROBOTUN MUC\u0130D\u0130 CEZER\u0130, MAK\u0130NELERE CAN VER\u0130YOR! K\u00fclt\u00fcrel gezi i\u00e7in \u0130stanbul\u2019a giden arkada\u015f\u0131m An\u0131l\u2019\u0131n d\u00f6nd\u00fc\u011f\u00fcnde b\u00fcy\u00fck bir s\u00fcrprizi vard\u0131: Orta \u00c7a\u011f\u2019\u0131n en b\u00fcy\u00fck m\u00fchendisi Cezeri. Cezeri\u2019nin<span class=\"excerpt-hellip\"> [\u2026]<\/span><\/p>\n","protected":false},"featured_media":0,"template":"","meta":{"_monsterinsights_skip_tracking":false,"_monsterinsights_sitenote_active":false,"_monsterinsights_sitenote_note":"","_monsterinsights_sitenote_category":0},"product_brand":[],"product_cat":[12274,12284],"product_tag":[],"class_list":{"0":"post-744516","1":"product","2":"type-product","3":"status-publish","5":"product_cat-cocuk-ve-genclik-kitaplari","6":"product_cat-hikayeler","7":"pa_cilt-ciltsiz","8":"pa_tur-kitap","9":"pa_yayinevi-dokuz-yayinlari","10":"pa_yazar-cezmi-ersoz","12":"first","13":"instock","14":"sale","15":"shipping-taxable","16":"purchasable","17":"product-type-simple"},"_links":{"self":[{"href":"https:\/\/roveyayinevi.com.tr\/index.php\/wp-json\/wp\/v2\/product\/744516","targetHints":{"allow":["GET"]}}],"collection":[{"href":"https:\/\/roveyayinevi.com.tr\/index.php\/wp-json\/wp\/v2\/product"}],"about":[{"href":"https:\/\/roveyayinevi.com.tr\/index.php\/wp-json\/wp\/v2\/types\/product"}],"wp:attachment":[{"href":"https:\/\/roveyayinevi.com.tr\/index.php\/wp-json\/wp\/v2\/media?parent=744516"}],"wp:term":[{"taxonomy":"product_brand","embeddable":true,"href":"https:\/\/roveyayinevi.com.tr\/index.php\/wp-json\/wp\/v2\/product_brand?post=744516"},{"taxonomy":"product_cat","embeddable":true,"href":"https:\/\/roveyayinevi.com.tr\/index.php\/wp-json\/wp\/v2\/product_cat?post=744516"},{"taxonomy":"product_tag","embeddable":true,"href":"https:\/\/roveyayinevi.com.tr\/index.php\/wp-json\/wp\/v2\/product_tag?post=744516"}],"curies":[{"name":"wp","href":"https:\/\/api.w.org\/{rel}","templated":true}]}}