{"id":744514,"date":"2025-08-28T01:58:38","date_gmt":"2025-08-27T22:58:38","guid":{"rendered":"https:\/\/roveyayinevi.com.tr\/index.php\/urun\/biruni-goklerin-hakimi\/"},"modified":"2026-04-03T03:00:05","modified_gmt":"2026-04-03T00:00:05","slug":"biruni-goklerin-hakimi","status":"publish","type":"product","link":"https:\/\/roveyayinevi.com.tr\/index.php\/urun\/biruni-goklerin-hakimi\/","title":{"rendered":"Biruni &#8211; G\u00f6klerin Hakimi"},"content":{"rendered":"<p>G\u00d6KLER\u0130N H\u00c2K\u0130M\u0130 B\u0130RUN\u0130, D\u00dcNYA\u2019NIN Y\u00d6R\u00dcNGES\u0130NDE GEZ\u0130NT\u0130YE \u00c7IKTI! Biruni konulu \u00f6devimiz i\u00e7in Aslan amcan\u0131n bilge zihnine s\u0131\u011f\u0131nd\u0131\u011f\u0131m\u0131zda birden g\u00f6klere yolculuk yap\u0131verdik. Y\u00fczy\u0131l\u0131n matematik\u00e7isi olarak an\u0131lan Biruni ayn\u0131 zamanda g\u00f6kleri avucunun i\u00e7ine alm\u0131\u015f. D\u00fcnya\u2019n\u0131n d\u00fcz oldu\u011funa dair ortaya at\u0131lan fikirlere kar\u015f\u0131 \u00e7\u0131kmakla kalmay\u0131p \u00e7ok az bir farkla \u00e7ap\u0131n\u0131 bile hesaplayabilmi\u015f. Peki ya bilim i\u00e7in yapt\u0131\u011f\u0131 \u00e7al\u0131\u015fmalar kar\u015f\u0131s\u0131nda verilen fil y\u00fck\u00fc g\u00fcm\u00fc\u015f\u00fc reddetmesine ne demeli? Bilgin Biruni ile beraber evrenin matemati\u011fini \u00e7\u00f6zmeye ne dersiniz? Tarihe Y\u00f6n Veren \u00dcnl\u00fc T\u00fcrk Bilginleri Serisi\u2019nin her bir kitab\u0131, tarihe ismini alt\u0131n harflerle yazd\u0131rm\u0131\u015f \u00f6nemli \u00e2limlerin gizemli hayatlar\u0131na kap\u0131 aral\u0131yor. <\/p>\n","protected":false},"excerpt":{"rendered":"<p>G\u00d6KLER\u0130N H\u00c2K\u0130M\u0130 B\u0130RUN\u0130, D\u00dcNYA\u2019NIN Y\u00d6R\u00dcNGES\u0130NDE GEZ\u0130NT\u0130YE \u00c7IKTI! Biruni konulu \u00f6devimiz i\u00e7in Aslan amcan\u0131n bilge zihnine s\u0131\u011f\u0131nd\u0131\u011f\u0131m\u0131zda birden g\u00f6klere yolculuk yap\u0131verdik. Y\u00fczy\u0131l\u0131n matematik\u00e7isi olarak an\u0131lan Biruni ayn\u0131<span class=\"excerpt-hellip\"> [\u2026]<\/span><\/p>\n","protected":false},"featured_media":0,"template":"","meta":{"_monsterinsights_skip_tracking":false,"_monsterinsights_sitenote_active":false,"_monsterinsights_sitenote_note":"","_monsterinsights_sitenote_category":0},"product_brand":[],"product_cat":[12274,12284],"product_tag":[],"class_list":{"0":"post-744514","1":"product","2":"type-product","3":"status-publish","5":"product_cat-cocuk-ve-genclik-kitaplari","6":"product_cat-hikayeler","7":"pa_cilt-ciltsiz","8":"pa_tur-kitap","9":"pa_yayinevi-dokuz-yayinlari","10":"pa_yazar-cezmi-ersoz","12":"first","13":"instock","14":"sale","15":"shipping-taxable","16":"purchasable","17":"product-type-simple"},"_links":{"self":[{"href":"https:\/\/roveyayinevi.com.tr\/index.php\/wp-json\/wp\/v2\/product\/744514","targetHints":{"allow":["GET"]}}],"collection":[{"href":"https:\/\/roveyayinevi.com.tr\/index.php\/wp-json\/wp\/v2\/product"}],"about":[{"href":"https:\/\/roveyayinevi.com.tr\/index.php\/wp-json\/wp\/v2\/types\/product"}],"wp:attachment":[{"href":"https:\/\/roveyayinevi.com.tr\/index.php\/wp-json\/wp\/v2\/media?parent=744514"}],"wp:term":[{"taxonomy":"product_brand","embeddable":true,"href":"https:\/\/roveyayinevi.com.tr\/index.php\/wp-json\/wp\/v2\/product_brand?post=744514"},{"taxonomy":"product_cat","embeddable":true,"href":"https:\/\/roveyayinevi.com.tr\/index.php\/wp-json\/wp\/v2\/product_cat?post=744514"},{"taxonomy":"product_tag","embeddable":true,"href":"https:\/\/roveyayinevi.com.tr\/index.php\/wp-json\/wp\/v2\/product_tag?post=744514"}],"curies":[{"name":"wp","href":"https:\/\/api.w.org\/{rel}","templated":true}]}}