{"id":744513,"date":"2025-08-28T01:58:36","date_gmt":"2025-08-27T22:58:36","guid":{"rendered":"https:\/\/roveyayinevi.com.tr\/index.php\/urun\/ali-kuscu-gokleri-arsinlayan-bilgin\/"},"modified":"2026-04-16T02:56:32","modified_gmt":"2026-04-15T23:56:32","slug":"ali-kuscu-gokleri-arsinlayan-bilgin","status":"publish","type":"product","link":"https:\/\/roveyayinevi.com.tr\/index.php\/urun\/ali-kuscu-gokleri-arsinlayan-bilgin\/","title":{"rendered":"Ali Ku\u015f\u00e7u &#8211; G\u00f6kleri Ar\u015f\u0131nlayan Bilgin"},"content":{"rendered":"<p>G\u00d6KLER\u0130 AR\u015eINLAYAN B\u0130LG\u0130N AL\u0130 KU\u015e\u00c7U\u2019NUN HAR\u0130TASI NEREY\u0130 G\u00d6STER\u0130YOR? Her \u015fey Mimar Hasan Bey\u2019in Ali Ku\u015f\u00e7u\u2019yu ara\u015ft\u0131rmam\u0131 istemesiyle ba\u015flad\u0131. Nehrin \u00f6tesinde do\u011fan Ali Ku\u015f\u00e7u, ilim \u00f6\u011frenmek i\u00e7in d\u00fcnyan\u0131n d\u00f6rt bir yan\u0131n\u0131 gezip durmu\u015f. Peki yolu nereye d\u00fc\u015fm\u00fc\u015f dersiniz? \u0130stanbul\u2019a! D\u00fcnya\u2019y\u0131 ar\u015f\u0131nlamakla kalmay\u0131p bir de g\u00fcne\u015f saati yapm\u0131\u015f. Acaba bu g\u00fcne\u015f saati nerede? Evreni Ali Ku\u015f\u00e7u ile birlikte fersah fersah gezmeye ne dersiniz? Tarihe Y\u00f6n Veren \u00dcnl\u00fc T\u00fcrk Bilginleri Serisi\u2019nin her bir kitab\u0131, tarihe ismini alt\u0131n harflerle yazd\u0131rm\u0131\u015f \u00f6nemli \u00e2limlerin gizemli hayatlar\u0131na kap\u0131 aral\u0131yor.<\/p>\n","protected":false},"excerpt":{"rendered":"<p>G\u00d6KLER\u0130 AR\u015eINLAYAN B\u0130LG\u0130N AL\u0130 KU\u015e\u00c7U\u2019NUN HAR\u0130TASI NEREY\u0130 G\u00d6STER\u0130YOR? Her \u015fey Mimar Hasan Bey\u2019in Ali Ku\u015f\u00e7u\u2019yu ara\u015ft\u0131rmam\u0131 istemesiyle ba\u015flad\u0131. Nehrin \u00f6tesinde do\u011fan Ali Ku\u015f\u00e7u, ilim \u00f6\u011frenmek i\u00e7in<span class=\"excerpt-hellip\"> [\u2026]<\/span><\/p>\n","protected":false},"featured_media":0,"template":"","meta":{"_monsterinsights_skip_tracking":false,"_monsterinsights_sitenote_active":false,"_monsterinsights_sitenote_note":"","_monsterinsights_sitenote_category":0},"product_brand":[],"product_cat":[12274,12284],"product_tag":[],"class_list":{"0":"post-744513","1":"product","2":"type-product","3":"status-publish","5":"product_cat-cocuk-ve-genclik-kitaplari","6":"product_cat-hikayeler","7":"pa_cilt-ciltsiz","8":"pa_tur-kitap","9":"pa_yayinevi-dokuz-yayinlari","10":"pa_yazar-cezmi-ersoz","12":"first","13":"instock","14":"sale","15":"shipping-taxable","16":"purchasable","17":"product-type-simple"},"_links":{"self":[{"href":"https:\/\/roveyayinevi.com.tr\/index.php\/wp-json\/wp\/v2\/product\/744513","targetHints":{"allow":["GET"]}}],"collection":[{"href":"https:\/\/roveyayinevi.com.tr\/index.php\/wp-json\/wp\/v2\/product"}],"about":[{"href":"https:\/\/roveyayinevi.com.tr\/index.php\/wp-json\/wp\/v2\/types\/product"}],"wp:attachment":[{"href":"https:\/\/roveyayinevi.com.tr\/index.php\/wp-json\/wp\/v2\/media?parent=744513"}],"wp:term":[{"taxonomy":"product_brand","embeddable":true,"href":"https:\/\/roveyayinevi.com.tr\/index.php\/wp-json\/wp\/v2\/product_brand?post=744513"},{"taxonomy":"product_cat","embeddable":true,"href":"https:\/\/roveyayinevi.com.tr\/index.php\/wp-json\/wp\/v2\/product_cat?post=744513"},{"taxonomy":"product_tag","embeddable":true,"href":"https:\/\/roveyayinevi.com.tr\/index.php\/wp-json\/wp\/v2\/product_tag?post=744513"}],"curies":[{"name":"wp","href":"https:\/\/api.w.org\/{rel}","templated":true}]}}