{"id":744512,"date":"2025-08-28T01:58:35","date_gmt":"2025-08-27T22:58:35","guid":{"rendered":"https:\/\/roveyayinevi.com.tr\/index.php\/urun\/albert-einstein-evrenin-sirrini-cozen-dahi\/"},"modified":"2026-04-16T02:56:32","modified_gmt":"2026-04-15T23:56:32","slug":"albert-einstein-evrenin-sirrini-cozen-dahi","status":"publish","type":"product","link":"https:\/\/roveyayinevi.com.tr\/index.php\/urun\/albert-einstein-evrenin-sirrini-cozen-dahi\/","title":{"rendered":"Albert Einstein &#8211; Evrenin S\u0131rr\u0131n\u0131 \u00c7\u00f6zen Dahi"},"content":{"rendered":"<p>Evrenin s\u0131rr\u0131, \u00e7\u0131lg\u0131n bir d\u00e2hinin kabar\u0131k sa\u00e7lar\u0131n\u0131n alt\u0131nda gizli! Bilim d\u00fcnyas\u0131n\u0131n en b\u00fcy\u00fck dehas\u0131 Einstein ve onun s\u0131n\u0131r tan\u0131mayan zek\u00e2s\u0131, bu b\u00fcy\u00fck s\u0131rr\u0131 nas\u0131l \u00e7\u00f6zd\u00fc? Zaman\u0131n \u00f6tesinde kalan bu b\u00fcy\u00fck bilim insan\u0131n\u0131n nas\u0131l bir \u00e7ocukluk ge\u00e7irdi\u011fini \u00f6\u011frenmek ister misiniz? Bilime, do\u011faya, uzaya \u00e2\u015f\u0131k k\u00fc\u00e7\u00fck Albert\u2019\u0131n renkli d\u00fcnyas\u0131nda heyecanl\u0131 bir yolculu\u011fa davetlisiniz. Nas\u0131l D\u00e2hi Oldum? Serisi\u2019nin her bir kitab\u0131, tarihe ismini alt\u0131n harflerle yazd\u0131rm\u0131\u015f \u00f6nemli sanat ve bilim insanlar\u0131n\u0131n b\u00fcy\u00fcl\u00fc \u00e7ocukluklar\u0131na kap\u0131 aral\u0131yor.<\/p>\n","protected":false},"excerpt":{"rendered":"<p>Evrenin s\u0131rr\u0131, \u00e7\u0131lg\u0131n bir d\u00e2hinin kabar\u0131k sa\u00e7lar\u0131n\u0131n alt\u0131nda gizli! Bilim d\u00fcnyas\u0131n\u0131n en b\u00fcy\u00fck dehas\u0131 Einstein ve onun s\u0131n\u0131r tan\u0131mayan zek\u00e2s\u0131, bu b\u00fcy\u00fck s\u0131rr\u0131 nas\u0131l \u00e7\u00f6zd\u00fc? Zaman\u0131n<span class=\"excerpt-hellip\"> [\u2026]<\/span><\/p>\n","protected":false},"featured_media":0,"template":"","meta":{"_monsterinsights_skip_tracking":false,"_monsterinsights_sitenote_active":false,"_monsterinsights_sitenote_note":"","_monsterinsights_sitenote_category":0},"product_brand":[],"product_cat":[12275,12274],"product_tag":[],"class_list":{"0":"post-744512","1":"product","2":"type-product","3":"status-publish","5":"product_cat-6-12-yas-kitaplari","6":"product_cat-cocuk-ve-genclik-kitaplari","7":"pa_cilt-ciltsiz","8":"pa_tur-kitap","9":"pa_yayinevi-dokuz-yayinlari","10":"pa_yazar-cezmi-ersoz","12":"first","13":"instock","14":"sale","15":"shipping-taxable","16":"purchasable","17":"product-type-simple"},"_links":{"self":[{"href":"https:\/\/roveyayinevi.com.tr\/index.php\/wp-json\/wp\/v2\/product\/744512","targetHints":{"allow":["GET"]}}],"collection":[{"href":"https:\/\/roveyayinevi.com.tr\/index.php\/wp-json\/wp\/v2\/product"}],"about":[{"href":"https:\/\/roveyayinevi.com.tr\/index.php\/wp-json\/wp\/v2\/types\/product"}],"wp:attachment":[{"href":"https:\/\/roveyayinevi.com.tr\/index.php\/wp-json\/wp\/v2\/media?parent=744512"}],"wp:term":[{"taxonomy":"product_brand","embeddable":true,"href":"https:\/\/roveyayinevi.com.tr\/index.php\/wp-json\/wp\/v2\/product_brand?post=744512"},{"taxonomy":"product_cat","embeddable":true,"href":"https:\/\/roveyayinevi.com.tr\/index.php\/wp-json\/wp\/v2\/product_cat?post=744512"},{"taxonomy":"product_tag","embeddable":true,"href":"https:\/\/roveyayinevi.com.tr\/index.php\/wp-json\/wp\/v2\/product_tag?post=744512"}],"curies":[{"name":"wp","href":"https:\/\/api.w.org\/{rel}","templated":true}]}}