{"id":744511,"date":"2025-08-28T01:58:34","date_gmt":"2025-08-27T22:58:34","guid":{"rendered":"https:\/\/roveyayinevi.com.tr\/index.php\/urun\/yonlendirilmis-erkek\/"},"modified":"2026-04-16T02:56:32","modified_gmt":"2026-04-15T23:56:32","slug":"yonlendirilmis-erkek","status":"publish","type":"product","link":"https:\/\/roveyayinevi.com.tr\/index.php\/urun\/yonlendirilmis-erkek\/","title":{"rendered":"Y\u00f6nlendirilmi\u015f Erkek"},"content":{"rendered":"<p>Esther Vilar 1971 y\u0131l\u0131ndaki ilk bas\u0131m\u0131nda b\u00fcy\u00fck tart\u0131\u015fmalara yol a\u00e7an bu kitab\u0131nda, her zaman g\u00fcndemde olan klasik kad\u0131n &#8211; erkek ili\u015fkisine ilgin\u00e7 bir bak\u0131\u015f a\u00e7\u0131s\u0131 getirmi\u015ftir. Kitaptaki \u00e7ok provokatif, \u00e7ok sert saptamalar ciddi ele\u015ftirilere ve yazar\u0131n kad\u0131n d\u00fc\u015fmanl\u0131\u011f\u0131 ile su\u00e7lanmas\u0131na yol a\u00e7m\u0131\u015ft\u0131r. Hatta g\u00f6r\u00fc\u015flerinden \u00f6t\u00fcr\u00fc \u00f6l\u00fcm tehditleri bile alm\u0131\u015ft\u0131r. Ku\u015fkusuz yazar\u0131n amac\u0131 kad\u0131n d\u00fc\u015fmanl\u0131\u011f\u0131 de\u011fildir. Vilar\u2019\u0131n amac\u0131 belki bir de\u011fi\u015fim umudu yakalanabilir d\u00fc\u015f\u00fcncesiyle kad\u0131n ve erke\u011fin toplumdaki rollerine d\u00fcr\u00fcst\u00e7e bakabilmelerine neden olmakt\u0131r.<\/p>\n","protected":false},"excerpt":{"rendered":"<p>Esther Vilar 1971 y\u0131l\u0131ndaki ilk bas\u0131m\u0131nda b\u00fcy\u00fck tart\u0131\u015fmalara yol a\u00e7an bu kitab\u0131nda, her zaman g\u00fcndemde olan klasik kad\u0131n &#8211; erkek ili\u015fkisine ilgin\u00e7 bir bak\u0131\u015f a\u00e7\u0131s\u0131 getirmi\u015ftir.<span class=\"excerpt-hellip\"> [\u2026]<\/span><\/p>\n","protected":false},"featured_media":0,"template":"","meta":{"_monsterinsights_skip_tracking":false,"_monsterinsights_sitenote_active":false,"_monsterinsights_sitenote_note":"","_monsterinsights_sitenote_category":0},"product_brand":[],"product_cat":[12364,16266],"product_tag":[],"class_list":{"0":"post-744511","1":"product","2":"type-product","3":"status-publish","5":"product_cat-genel-konular","6":"product_cat-referans-kaynak-kitap","7":"pa_cilt-ciltsiz","8":"pa_tur-kitap","9":"pa_yayinevi-totem-yayinlari","10":"pa_yazar-esther-vilar","12":"first","13":"instock","14":"sale","15":"shipping-taxable","16":"purchasable","17":"product-type-simple"},"_links":{"self":[{"href":"https:\/\/roveyayinevi.com.tr\/index.php\/wp-json\/wp\/v2\/product\/744511","targetHints":{"allow":["GET"]}}],"collection":[{"href":"https:\/\/roveyayinevi.com.tr\/index.php\/wp-json\/wp\/v2\/product"}],"about":[{"href":"https:\/\/roveyayinevi.com.tr\/index.php\/wp-json\/wp\/v2\/types\/product"}],"wp:attachment":[{"href":"https:\/\/roveyayinevi.com.tr\/index.php\/wp-json\/wp\/v2\/media?parent=744511"}],"wp:term":[{"taxonomy":"product_brand","embeddable":true,"href":"https:\/\/roveyayinevi.com.tr\/index.php\/wp-json\/wp\/v2\/product_brand?post=744511"},{"taxonomy":"product_cat","embeddable":true,"href":"https:\/\/roveyayinevi.com.tr\/index.php\/wp-json\/wp\/v2\/product_cat?post=744511"},{"taxonomy":"product_tag","embeddable":true,"href":"https:\/\/roveyayinevi.com.tr\/index.php\/wp-json\/wp\/v2\/product_tag?post=744511"}],"curies":[{"name":"wp","href":"https:\/\/api.w.org\/{rel}","templated":true}]}}