{"id":744510,"date":"2025-08-28T01:58:33","date_gmt":"2025-08-27T22:58:33","guid":{"rendered":"https:\/\/roveyayinevi.com.tr\/index.php\/urun\/yasak-mintikanin-cocuklari\/"},"modified":"2026-04-16T02:56:32","modified_gmt":"2026-04-15T23:56:32","slug":"yasak-mintikanin-cocuklari","status":"publish","type":"product","link":"https:\/\/roveyayinevi.com.tr\/index.php\/urun\/yasak-mintikanin-cocuklari\/","title":{"rendered":"Yasak M\u0131nt\u0131kan\u0131n \u00c7ocuklar\u0131"},"content":{"rendered":"<p>Dersimlilerin, tertele olarak adland\u0131rd\u0131\u011f\u0131 katliamdan geriye; ac\u0131larla birlikte, insans\u0131zla\u015ft\u0131r\u0131lm\u0131\u015f bir b\u00f6lge kalm\u0131\u015ft\u0131r. Y\u0131llarca buras\u0131 &#8216;yasak m\u0131nt\u0131ka&#8217; olarak adland\u0131r\u0131lm\u0131\u015f ve kimse bu b\u00f6lgeye girememi\u015ftir. Dersimlilerin bu m\u0131nt\u0131kaya girmesi \u00e7ok sonra, \u00f6zel kararlarla olmu\u015ftur. Hasan Sa\u011flam, Yasak M\u0131nt\u0131kan\u0131n \u00c7ocuklar\u0131 roman\u0131yla yedi ki\u015filik bir ailenin ba\u015f\u0131ndan ge\u00e7enleri, sa\u011f\u0131r ve dilsiz k\u0131zlar\u0131 Sultan&#8217;\u0131n mucize dolu hayatta kal\u0131\u015f m\u00fccadelesini eksen alarak, her y\u00f6n\u00fcyle anlatmaktad\u0131r. &#8220;Tertele, s\u00fcrg\u00fcn ve d\u00f6n\u00fc\u015f&#8221; ba\u011flam\u0131nda d\u00fc\u015f\u00fcn\u00fclen Yasak M\u0131nt\u0131kan\u0131n \u00c7ocuklar\u0131, insan\u0131n \u00e7aresizli\u011fi \u00fczerinden s\u00fcrg\u00fcne uzanan ve par\u00e7alan\u0131p da\u011f\u0131ld\u0131ktan sonra, \u015fifay\u0131 topraklar\u0131nda arayan, sonras\u0131nda yang\u0131ndan arta kalan k\u00fcle uzananlar\u0131n hikayesi olarak okunmal\u0131d\u0131r. &#8220;Da\u011flar\u0131n ard\u0131na yaslanm\u0131\u015f, k\u0131rsal vakitlerde renk atm\u0131\u015f kuma\u015flar gibi dizilmi\u015flerdi hayat\u0131n gerdan\u0131na. Da\u011f\u0131n hangi taraf\u0131 d\u00fcnyaya yak\u0131nd\u0131? Y\u0131ld\u0131zlara el dokunduracak gelin hangi vakit su serpecekti tarlaya? Bereketi arts\u0131n diye bahar\u0131n ve g\u00fcne\u015fin eteklerini \u00f6perlerdi. Eski masallardan bildikleri &#8220;k\u0131rk kat\u0131r m\u0131 k\u0131rk sat\u0131r m\u0131?&#8221; c\u00fcmlesinde kitab\u0131n orta yerinden y\u0131rt\u0131lm\u0131\u015f zamana a\u011flarlard\u0131. Bilmedikleri yerlerden gelen selam\u0131 ba\u015flar\u0131n\u0131n \u00fcst\u00fcne koyar, di\u015flerinden artan ne varsa kar\u0131ncalara a\u015f ederlerdi. Son y\u0131llarda \u00fcst \u00fcste \u0131st\u0131rap k\u00fclleri r\u00fczg\u00e2rla uzaklardan gelip d\u00fc\u015f\u00fcyordu sa\u00e7lar\u0131na \u00e7ocuklar\u0131n. Titriyordu eri\u011fin \u00e7i\u00e7e\u011fi, kava\u011f\u0131n g\u00f6lgesi, bu\u011fday\u0131n tanesi. Tedirgindi kuzu, korkuyordu g\u00fcvercin, uyumuyordu bebeler. Uzak yerlerden silah sesleri geliyordu. Gecenin karanl\u0131\u011f\u0131nda da\u011flar\u0131n arkas\u0131ndan \u0131\u015f\u0131klar semaya y\u00fckselir, top ve t\u00fcfek sesleri korkunun kerametiyle kulaklar\u0131 t\u0131rmalard\u0131. Meralara do\u011fru giden patikalarda de\u011fi\u015fik izler belirmi\u015fti. Herkesin bildi\u011fi izler de\u011fildi bunlar. Farkl\u0131yd\u0131, kurdun ku\u015fun izi de\u011fildi. Ba\u015fka bir sureti, ba\u015fka bir kokusu vard\u0131. Korkun\u00e7 \u00fcrkek ve yabanc\u0131yd\u0131. Uzaklardan gelen silah seslerinin can al\u0131c\u0131 titre\u015fimi belleklerde b\u00fct\u00fcn resimleri \u00e7alkalad\u0131. \u00d6l\u00fcm\u00fcn alg\u0131s\u0131 y\u00fcrekleri yalad\u0131. &#8216; Potin izleri!&#8217; dediler.&#8221;<\/p>\n","protected":false},"excerpt":{"rendered":"<p>Dersimlilerin, tertele olarak adland\u0131rd\u0131\u011f\u0131 katliamdan geriye; ac\u0131larla birlikte, insans\u0131zla\u015ft\u0131r\u0131lm\u0131\u015f bir b\u00f6lge kalm\u0131\u015ft\u0131r. Y\u0131llarca buras\u0131 &#8216;yasak m\u0131nt\u0131ka&#8217; olarak adland\u0131r\u0131lm\u0131\u015f ve kimse bu b\u00f6lgeye girememi\u015ftir. Dersimlilerin bu m\u0131nt\u0131kaya<span class=\"excerpt-hellip\"> [\u2026]<\/span><\/p>\n","protected":false},"featured_media":0,"template":"","meta":{"_monsterinsights_skip_tracking":false,"_monsterinsights_sitenote_active":false,"_monsterinsights_sitenote_note":"","_monsterinsights_sitenote_category":0},"product_brand":[],"product_cat":[12777,12291],"product_tag":[],"class_list":{"0":"post-744510","1":"product","2":"type-product","3":"status-publish","5":"product_cat-deneme","6":"product_cat-edebiyat","7":"pa_cilt-ciltsiz","8":"pa_tur-kitap","9":"pa_yayinevi-totem-yayinlari","10":"pa_yazar-hasan-saglam","12":"first","13":"instock","14":"sale","15":"shipping-taxable","16":"purchasable","17":"product-type-simple"},"_links":{"self":[{"href":"https:\/\/roveyayinevi.com.tr\/index.php\/wp-json\/wp\/v2\/product\/744510","targetHints":{"allow":["GET"]}}],"collection":[{"href":"https:\/\/roveyayinevi.com.tr\/index.php\/wp-json\/wp\/v2\/product"}],"about":[{"href":"https:\/\/roveyayinevi.com.tr\/index.php\/wp-json\/wp\/v2\/types\/product"}],"wp:attachment":[{"href":"https:\/\/roveyayinevi.com.tr\/index.php\/wp-json\/wp\/v2\/media?parent=744510"}],"wp:term":[{"taxonomy":"product_brand","embeddable":true,"href":"https:\/\/roveyayinevi.com.tr\/index.php\/wp-json\/wp\/v2\/product_brand?post=744510"},{"taxonomy":"product_cat","embeddable":true,"href":"https:\/\/roveyayinevi.com.tr\/index.php\/wp-json\/wp\/v2\/product_cat?post=744510"},{"taxonomy":"product_tag","embeddable":true,"href":"https:\/\/roveyayinevi.com.tr\/index.php\/wp-json\/wp\/v2\/product_tag?post=744510"}],"curies":[{"name":"wp","href":"https:\/\/api.w.org\/{rel}","templated":true}]}}