{"id":744508,"date":"2025-08-28T01:58:29","date_gmt":"2025-08-27T22:58:29","guid":{"rendered":"https:\/\/roveyayinevi.com.tr\/index.php\/urun\/tembellik-hakki-9\/"},"modified":"2026-04-16T02:56:32","modified_gmt":"2026-04-15T23:56:32","slug":"tembellik-hakki-9","status":"publish","type":"product","link":"https:\/\/roveyayinevi.com.tr\/index.php\/urun\/tembellik-hakki-9\/","title":{"rendered":"Tembellik Hakk\u0131"},"content":{"rendered":"<p>&#8220;Paul Lafargue, burjuvazinin iktidar olmas\u0131yla birlikte, insanl\u0131\u011f\u0131n kendini kapt\u0131rd\u0131\u011f\u0131 &#8216;ilerleme&#8217; \u00e7\u0131lg\u0131nl\u0131\u011f\u0131yla dalgas\u0131n\u0131 ge\u00e7iyor. Kitab\u0131, yer yer bir kara mizah ba\u015fyap\u0131t\u0131 olarak da okumak m\u00fcmk\u00fcn.&#8221;- Nokta&#8221;Lafargue, denemelerinde kapitalist d\u00fczeni k\u0131yas\u0131ya ele\u015ftiriyor, insanlar\u0131n tembellik hakk\u0131n\u0131 savunuyor.&#8221;- Cumhuriyet&#8221;Ya\u015famlar\u0131n\u0131n tamam\u0131n\u0131 \u00e7al\u0131\u015farak ge\u00e7iren insanlar\u0131n, bu \u00e7al\u0131\u015fmalar\u0131n\u0131n ne kadar\u0131 kendileri i\u00e7in? \u00c7ok az\u0131 oldu\u011funa g\u00f6re, &#8216;Ya\u015fas\u0131n Tembellik!'&#8221;- Tempo&#8221;Belki de bu kitap tan\u0131t\u0131m\u0131n\u0131, sabah t\u0131kl\u0131m t\u0131kl\u0131m bir otob\u00fcste i\u015finize giderken; \u00f6n\u00fcn\u00fcze y\u0131\u011f\u0131lm\u0131\u015f evraklar\u0131n aras\u0131nda, kap\u0131y\u0131 g\u00f6zleyerek; \u00f6\u011fle paydosunda yemekten arta kalan on dakikada; ya da evinizde, bir yandan i\u015flerinizi d\u00fc\u015f\u00fcn\u00fcrken okuyorsunuz. Bu kitab\u0131n yazar\u0131 art\u0131k b\u00f6yle ya\u015faman\u0131z\u0131 istemiyor.&#8221;- G\u00fcne\u015f&#8221;Lafargue, i\u015f\u00e7i ve i\u015f\u00e7i s\u0131n\u0131f\u0131 devrimcisi olman\u0131n, ac\u0131 ve \u00e7ile \u00e7ekmekle e\u015f anlaml\u0131 olmad\u0131\u011f\u0131n\u0131n \u00fczerinde duruyor. Bunu yaparken de, zorlama ve zevkin ahlaks\u0131zla\u015ft\u0131rd\u0131\u011f\u0131, kat\u0131ks\u0131z bir tembellik i\u00e7ine g\u00f6m\u00fclen burjuvaziden ve yarat\u0131lan sahte gereksinimlerden nefret ediyor. Tembelli\u011fin erdemlerini savunan bu sesin, zaman zaman Lafargue&#8217;\u0131n sert ele\u015ftirilerine maruz kalan i\u015f\u00e7iler ve ayd\u0131nlar aras\u0131nda yank\u0131s\u0131n\u0131 bulmas\u0131 dile\u011fiyle&#8230;&#8221;- 2000&#8243;G\u00fcn\u00fcm\u00fcz \u00e7evrecilerinin \u015fimdi fark etti\u011fi ger\u00e7e\u011fi, \u00e7ok \u00f6nceden s\u00f6ylemi\u015fti Lafargue.&#8221;- Sosyal Demokrat&#8221;Kom\u00fcnist Manifesto&#8221;dan sonra, d\u00fcnya dillerine en \u00e7ok \u00e7evrilen sosyalizm klasi\u011fi. \u0130\u00e7inde \u00e7al\u0131\u015fma a\u015fk\u0131 duyanlara lanet!<\/p>\n","protected":false},"excerpt":{"rendered":"<p>&#8220;Paul Lafargue, burjuvazinin iktidar olmas\u0131yla birlikte, insanl\u0131\u011f\u0131n kendini kapt\u0131rd\u0131\u011f\u0131 &#8216;ilerleme&#8217; \u00e7\u0131lg\u0131nl\u0131\u011f\u0131yla dalgas\u0131n\u0131 ge\u00e7iyor. Kitab\u0131, yer yer bir kara mizah ba\u015fyap\u0131t\u0131 olarak da okumak m\u00fcmk\u00fcn.&#8221;- Nokta&#8221;Lafargue, denemelerinde<span class=\"excerpt-hellip\"> [\u2026]<\/span><\/p>\n","protected":false},"featured_media":0,"template":"","meta":{"_monsterinsights_skip_tracking":false,"_monsterinsights_sitenote_active":false,"_monsterinsights_sitenote_note":"","_monsterinsights_sitenote_category":0},"product_brand":[],"product_cat":[12777,12291],"product_tag":[],"class_list":{"0":"post-744508","1":"product","2":"type-product","3":"status-publish","5":"product_cat-deneme","6":"product_cat-edebiyat","7":"pa_cilt-ciltsiz","8":"pa_tur-kitap","9":"pa_yayinevi-totem-yayinlari","10":"pa_yazar-paul-lafargue","12":"first","13":"instock","14":"sale","15":"shipping-taxable","16":"purchasable","17":"product-type-simple"},"_links":{"self":[{"href":"https:\/\/roveyayinevi.com.tr\/index.php\/wp-json\/wp\/v2\/product\/744508","targetHints":{"allow":["GET"]}}],"collection":[{"href":"https:\/\/roveyayinevi.com.tr\/index.php\/wp-json\/wp\/v2\/product"}],"about":[{"href":"https:\/\/roveyayinevi.com.tr\/index.php\/wp-json\/wp\/v2\/types\/product"}],"wp:attachment":[{"href":"https:\/\/roveyayinevi.com.tr\/index.php\/wp-json\/wp\/v2\/media?parent=744508"}],"wp:term":[{"taxonomy":"product_brand","embeddable":true,"href":"https:\/\/roveyayinevi.com.tr\/index.php\/wp-json\/wp\/v2\/product_brand?post=744508"},{"taxonomy":"product_cat","embeddable":true,"href":"https:\/\/roveyayinevi.com.tr\/index.php\/wp-json\/wp\/v2\/product_cat?post=744508"},{"taxonomy":"product_tag","embeddable":true,"href":"https:\/\/roveyayinevi.com.tr\/index.php\/wp-json\/wp\/v2\/product_tag?post=744508"}],"curies":[{"name":"wp","href":"https:\/\/api.w.org\/{rel}","templated":true}]}}