{"id":744507,"date":"2025-08-28T01:58:28","date_gmt":"2025-08-27T22:58:28","guid":{"rendered":"https:\/\/roveyayinevi.com.tr\/index.php\/urun\/tanricalar-cadilar-ve-aykiri-kadinlar\/"},"modified":"2026-04-16T02:56:32","modified_gmt":"2026-04-15T23:56:32","slug":"tanricalar-cadilar-ve-aykiri-kadinlar","status":"publish","type":"product","link":"https:\/\/roveyayinevi.com.tr\/index.php\/urun\/tanricalar-cadilar-ve-aykiri-kadinlar\/","title":{"rendered":"Tanr\u0131\u00e7alar Cad\u0131lar ve Ayk\u0131r\u0131 Kad\u0131nlar"},"content":{"rendered":"<p>T\u00fcrk Dil Kurumu Tan\u0131mlar\u0131:Kirli : Ayba\u015f\u0131 durumunda bulunan kad\u0131n.MU\u00fcsait : Fl\u00f6rt etmeye haz\u0131r kad\u0131n.Esnaf : K\u00f6t\u00fc yola sapm\u0131\u015f kad\u0131n.Kad\u0131n : Ev y\u00f6netimi becerisi olan hizmet\u00e7i ki\u015fi.\u015eimdi ben, T\u00fcrk dil kurumunun yasal sitesine g\u00f6re; ev y\u00f6netimi becerisi olan hizmet\u00e7i, k\u00f6t\u00fc yola sapm\u0131\u015f esnaf ve fl\u00f6rt etmeye haz\u0131r bir m\u00fcsait olarak, regl olmu\u015f kirliyim&#8230;Tek becerim ev y\u00f6netimi ama ben evde bile de\u011filim.<\/p>\n","protected":false},"excerpt":{"rendered":"<p>T\u00fcrk Dil Kurumu Tan\u0131mlar\u0131:Kirli : Ayba\u015f\u0131 durumunda bulunan kad\u0131n.MU\u00fcsait : Fl\u00f6rt etmeye haz\u0131r kad\u0131n.Esnaf : K\u00f6t\u00fc yola sapm\u0131\u015f kad\u0131n.Kad\u0131n : Ev y\u00f6netimi becerisi olan hizmet\u00e7i ki\u015fi.\u015eimdi<span class=\"excerpt-hellip\"> [\u2026]<\/span><\/p>\n","protected":false},"featured_media":0,"template":"","meta":{"_monsterinsights_skip_tracking":false,"_monsterinsights_sitenote_active":false,"_monsterinsights_sitenote_note":"","_monsterinsights_sitenote_category":0},"product_brand":[],"product_cat":[12777,12291],"product_tag":[],"class_list":{"0":"post-744507","1":"product","2":"type-product","3":"status-publish","5":"product_cat-deneme","6":"product_cat-edebiyat","7":"pa_cilt-ciltsiz","8":"pa_tur-kitap","9":"pa_yayinevi-totem-yayinlari","10":"pa_yazar-banu-baseren","12":"first","13":"instock","14":"sale","15":"shipping-taxable","16":"purchasable","17":"product-type-simple"},"_links":{"self":[{"href":"https:\/\/roveyayinevi.com.tr\/index.php\/wp-json\/wp\/v2\/product\/744507","targetHints":{"allow":["GET"]}}],"collection":[{"href":"https:\/\/roveyayinevi.com.tr\/index.php\/wp-json\/wp\/v2\/product"}],"about":[{"href":"https:\/\/roveyayinevi.com.tr\/index.php\/wp-json\/wp\/v2\/types\/product"}],"wp:attachment":[{"href":"https:\/\/roveyayinevi.com.tr\/index.php\/wp-json\/wp\/v2\/media?parent=744507"}],"wp:term":[{"taxonomy":"product_brand","embeddable":true,"href":"https:\/\/roveyayinevi.com.tr\/index.php\/wp-json\/wp\/v2\/product_brand?post=744507"},{"taxonomy":"product_cat","embeddable":true,"href":"https:\/\/roveyayinevi.com.tr\/index.php\/wp-json\/wp\/v2\/product_cat?post=744507"},{"taxonomy":"product_tag","embeddable":true,"href":"https:\/\/roveyayinevi.com.tr\/index.php\/wp-json\/wp\/v2\/product_tag?post=744507"}],"curies":[{"name":"wp","href":"https:\/\/api.w.org\/{rel}","templated":true}]}}