{"id":744506,"date":"2025-08-28T01:58:26","date_gmt":"2025-08-27T22:58:26","guid":{"rendered":"https:\/\/roveyayinevi.com.tr\/index.php\/urun\/simdi-nasil-cikarim-bu-isin-icinden\/"},"modified":"2026-04-16T02:56:32","modified_gmt":"2026-04-15T23:56:32","slug":"simdi-nasil-cikarim-bu-isin-icinden","status":"publish","type":"product","link":"https:\/\/roveyayinevi.com.tr\/index.php\/urun\/simdi-nasil-cikarim-bu-isin-icinden\/","title":{"rendered":"\u015eimdi Nas\u0131l \u00c7\u0131kar\u0131m Bu \u0130\u015fin \u0130\u00e7inden?"},"content":{"rendered":"<p>\u015eimdi Nas\u0131l \u00c7\u0131kar\u0131m Bu \u0130\u015fin \u0130\u00e7inden?T\u0131ls\u0131m\u0131n\u0131z olacak hayatta. Kazanan olmak i\u00e7in harap olmaya gerek yok.G\u00f6r\u00fcn, fark edin, elinizi uzat\u0131n, \u00e7\u00f6z\u00fcn.Elinizdeki kitap, belgeseliyle birlikte bunun en kolay yolunu g\u00f6steriyor. \u00c7\u00fcnk\u00fc ya\u015farken \u00f6\u011frenmi\u015f bir kimli\u011fin prati\u011fi var bu sat\u0131rlarda. \u0130stedi\u011finiz hayat \u00e7ok basit. Karma\u015f\u0131k bilgiler yok. Mustafa G\u00f6zc\u00fc, bu kolayl\u0131\u011f\u0131 \u00e7ocuklu\u011funda ke\u015ffedip hayat yolculu\u011funda deneyimlemi\u015f. Nas\u0131l m\u0131? El yordam\u0131yla, g\u00f6z nuruyla&#8230;Onun ya\u015fanm\u0131\u015fl\u0131klar\u0131n\u0131 okuyup i\u00e7selle\u015ftirmeniz \u00e7ok kolay olacak. \u015eimdi kitab\u0131 al\u0131n ve arkan\u0131za yaslan\u0131n.Kahraman\u0131m\u0131z ya\u015f\u0131yor ve kendini yedi kat ele anlatm\u0131\u015f da en yak\u0131n\u0131na anlatamam\u0131\u015f! Yani sevgili okurlar, koyverin gitsin. \u201cYanl\u0131\u015f anla\u015f\u0131l\u0131r m\u0131y\u0131m\u201d diye korkmay\u0131n, hi\u00e7 faydas\u0131 yok \u00e7\u00fcnk\u00fc&#8230; Yeter ki \u00f6nce kendinize, sonra herkese samimi olabilelim. Hepsi bu! Herkes sonunda her \u015feyi kab\u0131 kadar alm\u0131yor mu!<\/p>\n","protected":false},"excerpt":{"rendered":"<p>\u015eimdi Nas\u0131l \u00c7\u0131kar\u0131m Bu \u0130\u015fin \u0130\u00e7inden?T\u0131ls\u0131m\u0131n\u0131z olacak hayatta. Kazanan olmak i\u00e7in harap olmaya gerek yok.G\u00f6r\u00fcn, fark edin, elinizi uzat\u0131n, \u00e7\u00f6z\u00fcn.Elinizdeki kitap, belgeseliyle birlikte bunun en kolay<span class=\"excerpt-hellip\"> [\u2026]<\/span><\/p>\n","protected":false},"featured_media":0,"template":"","meta":{"_monsterinsights_skip_tracking":false,"_monsterinsights_sitenote_active":false,"_monsterinsights_sitenote_note":"","_monsterinsights_sitenote_category":0},"product_brand":[],"product_cat":[14009,12291],"product_tag":[],"class_list":{"0":"post-744506","1":"product","2":"type-product","3":"status-publish","5":"product_cat-biyografi-otobiyografi-edebiyat","6":"product_cat-edebiyat","7":"pa_cilt-ciltsiz","8":"pa_tur-kitap","9":"pa_yayinevi-totem-yayinlari","10":"pa_yazar-esra-alkan","12":"first","13":"instock","14":"sale","15":"shipping-taxable","16":"purchasable","17":"product-type-simple"},"_links":{"self":[{"href":"https:\/\/roveyayinevi.com.tr\/index.php\/wp-json\/wp\/v2\/product\/744506","targetHints":{"allow":["GET"]}}],"collection":[{"href":"https:\/\/roveyayinevi.com.tr\/index.php\/wp-json\/wp\/v2\/product"}],"about":[{"href":"https:\/\/roveyayinevi.com.tr\/index.php\/wp-json\/wp\/v2\/types\/product"}],"wp:attachment":[{"href":"https:\/\/roveyayinevi.com.tr\/index.php\/wp-json\/wp\/v2\/media?parent=744506"}],"wp:term":[{"taxonomy":"product_brand","embeddable":true,"href":"https:\/\/roveyayinevi.com.tr\/index.php\/wp-json\/wp\/v2\/product_brand?post=744506"},{"taxonomy":"product_cat","embeddable":true,"href":"https:\/\/roveyayinevi.com.tr\/index.php\/wp-json\/wp\/v2\/product_cat?post=744506"},{"taxonomy":"product_tag","embeddable":true,"href":"https:\/\/roveyayinevi.com.tr\/index.php\/wp-json\/wp\/v2\/product_tag?post=744506"}],"curies":[{"name":"wp","href":"https:\/\/api.w.org\/{rel}","templated":true}]}}