{"id":744504,"date":"2025-08-28T01:58:24","date_gmt":"2025-08-27T22:58:24","guid":{"rendered":"https:\/\/roveyayinevi.com.tr\/index.php\/urun\/sumerler\/"},"modified":"2026-04-16T02:56:32","modified_gmt":"2026-04-15T23:56:32","slug":"sumerler","status":"publish","type":"product","link":"https:\/\/roveyayinevi.com.tr\/index.php\/urun\/sumerler\/","title":{"rendered":"S\u00fcmerler"},"content":{"rendered":"<p>\u201cS\u00fcmerler, ger\u00e7ek anlamda ancak 20. y\u00fczy\u0131lda ke\u015ffedildiler. Onlarla ilgili bilgilerimizi bi\u00e7imlendiren kan\u0131tlar\u0131n \u00e7o\u011fu, Birinci ve \u0130kinci D\u00fcnya Sava\u015flar\u0131 aras\u0131nda yap\u0131lan kaz\u0131larda g\u00fcn y\u00fcz\u00fcne \u00e7\u0131kt\u0131. Bunlarla ilgili olarak yap\u0131lan yay\u0131nlar art\u0131k k\u00fct\u00fcphaneleri doldurmaktad\u0131r. Bu arada y\u00fczlerce bilim adam\u0131, S\u00fcmerlerin nereden geldikleri ve erken tarihlerinin seyri hakk\u0131nda bilgi vermeden \u00f6nce, onlar\u0131n ya\u015famlar\u0131, dinleri ve k\u00fclt\u00fcrleriyle ilgili pek \u00e7ok \u015feyi a\u00e7\u0131klayan binlerce \u00e7ivi yaz\u0131s\u0131n\u0131 \u00e7\u00f6zmek i\u00e7in u\u011fra\u015ft\u0131lar ve halen u\u011fra\u015fmaktad\u0131rlar.\u201dHelmut Uhlig, \u201cTarihin Ba\u015flang\u0131c\u0131ndaki Bir Halk: S\u00fcmerler\u201d adl\u0131 bu kitab\u0131nda, elde edilen maddi verilerden hareketle, bir b\u00fcy\u00fck uygarl\u0131\u011f\u0131n kurulu\u015funu, geli\u015fimini ve g\u00fcn\u00fcm\u00fcze devretti\u011fi k\u00fclt\u00fcrel-sanatsal miras\u0131n\u0131 inceleyerek, bizi keyifli ve \u00f6\u011fretici bir tarih yolculu\u011funa \u00e7\u0131kar\u0131yor.<\/p>\n","protected":false},"excerpt":{"rendered":"<p>\u201cS\u00fcmerler, ger\u00e7ek anlamda ancak 20. y\u00fczy\u0131lda ke\u015ffedildiler. Onlarla ilgili bilgilerimizi bi\u00e7imlendiren kan\u0131tlar\u0131n \u00e7o\u011fu, Birinci ve \u0130kinci D\u00fcnya Sava\u015flar\u0131 aras\u0131nda yap\u0131lan kaz\u0131larda g\u00fcn y\u00fcz\u00fcne \u00e7\u0131kt\u0131. Bunlarla ilgili<span class=\"excerpt-hellip\"> [\u2026]<\/span><\/p>\n","protected":false},"featured_media":0,"template":"","meta":{"_monsterinsights_skip_tracking":false,"_monsterinsights_sitenote_active":false,"_monsterinsights_sitenote_note":"","_monsterinsights_sitenote_category":0},"product_brand":[],"product_cat":[12312,12304],"product_tag":[],"class_list":{"0":"post-744504","1":"product","2":"type-product","3":"status-publish","5":"product_cat-diger","6":"product_cat-tarih","7":"pa_cilt-ciltsiz","8":"pa_tur-kitap","9":"pa_yayinevi-totem-yayinlari","10":"pa_yazar-helmut-uhlig","12":"first","13":"instock","14":"sale","15":"shipping-taxable","16":"purchasable","17":"product-type-simple"},"_links":{"self":[{"href":"https:\/\/roveyayinevi.com.tr\/index.php\/wp-json\/wp\/v2\/product\/744504","targetHints":{"allow":["GET"]}}],"collection":[{"href":"https:\/\/roveyayinevi.com.tr\/index.php\/wp-json\/wp\/v2\/product"}],"about":[{"href":"https:\/\/roveyayinevi.com.tr\/index.php\/wp-json\/wp\/v2\/types\/product"}],"wp:attachment":[{"href":"https:\/\/roveyayinevi.com.tr\/index.php\/wp-json\/wp\/v2\/media?parent=744504"}],"wp:term":[{"taxonomy":"product_brand","embeddable":true,"href":"https:\/\/roveyayinevi.com.tr\/index.php\/wp-json\/wp\/v2\/product_brand?post=744504"},{"taxonomy":"product_cat","embeddable":true,"href":"https:\/\/roveyayinevi.com.tr\/index.php\/wp-json\/wp\/v2\/product_cat?post=744504"},{"taxonomy":"product_tag","embeddable":true,"href":"https:\/\/roveyayinevi.com.tr\/index.php\/wp-json\/wp\/v2\/product_tag?post=744504"}],"curies":[{"name":"wp","href":"https:\/\/api.w.org\/{rel}","templated":true}]}}