{"id":744502,"date":"2025-08-28T01:58:21","date_gmt":"2025-08-27T22:58:21","guid":{"rendered":"https:\/\/roveyayinevi.com.tr\/index.php\/urun\/senin-evin-benim-evim\/"},"modified":"2026-04-16T02:56:32","modified_gmt":"2026-04-15T23:56:32","slug":"senin-evin-benim-evim","status":"publish","type":"product","link":"https:\/\/roveyayinevi.com.tr\/index.php\/urun\/senin-evin-benim-evim\/","title":{"rendered":"Senin Evin Benim Evim"},"content":{"rendered":"<p>Pek \u00e7ok detayla s\u00fcslenmi\u015f sayfalar\u0131n her birinde ayr\u0131 bir macera, farkl\u0131 bir ev&#8230; Bisk\u00fcvi Sokak, 3 Numara\u2019da K\u00fc\u00e7\u00fck Tav\u015fan\u2019\u0131n do\u011fum g\u00fcn\u00fc kutlanacak. T\u00fcm kom\u015fular davetli. Kirpi Ailesi, Tilki Ailesi, herkes muhte\u015fem bir g\u00fcn ya\u015famaya haz\u0131rlan\u0131yor. Nezle olan Bay Ay\u0131 bile! Birbirinden ba\u015far\u0131l\u0131 resimli kitaplar\u0131yla \u00f6ne \u00e7\u0131kan Marianne Dubuc, bizleri hareketli bir apartman\u0131n birbirinden renkli sakinleriyle tan\u0131\u015fmaya davet ediyor. Do\u011fum g\u00fcn\u00fc heyecan\u0131na kap\u0131lm\u0131\u015f K\u00fc\u00e7\u00fck Tav\u015fan, ona yard\u0131mc\u0131 olmaya \u00e7al\u0131\u015fan k\u0131z karde\u015fi K\u00fc\u00e7\u00fck Lili ve do\u011fum g\u00fcn\u00fc partisine davetli olan herkes tatl\u0131 bir tela\u015f i\u00e7inde. Ak\u015fama hepsi Tav\u015fan Ailesi\u2019nin evinde toplanacak, biz de sayfalardaki detaylarla dolu resimler sayesinde t\u00fcm haz\u0131rl\u0131klar\u0131 takip edebilece\u011fiz. Senin Evin Benim Evim, birbirinden s\u0131cak evlere konuk olmam\u0131z\u0131 sa\u011flayacak kocaman bir davetiye. Say\u0131s\u0131z ayr\u0131nt\u0131yla bezenmi\u015f resimleri, okurlara ayn\u0131 anda bir\u00e7ok ya\u015fant\u0131y\u0131 izleme f\u0131rsat\u0131 sunuyor.<\/p>\n","protected":false},"excerpt":{"rendered":"<p>Pek \u00e7ok detayla s\u00fcslenmi\u015f sayfalar\u0131n her birinde ayr\u0131 bir macera, farkl\u0131 bir ev&#8230; Bisk\u00fcvi Sokak, 3 Numara\u2019da K\u00fc\u00e7\u00fck Tav\u015fan\u2019\u0131n do\u011fum g\u00fcn\u00fc kutlanacak. T\u00fcm kom\u015fular davetli. Kirpi<span class=\"excerpt-hellip\"> [\u2026]<\/span><\/p>\n","protected":false},"featured_media":0,"template":"","meta":{"_monsterinsights_skip_tracking":false,"_monsterinsights_sitenote_active":false,"_monsterinsights_sitenote_note":"","_monsterinsights_sitenote_category":0},"product_brand":[],"product_cat":[12274,12518],"product_tag":[],"class_list":{"0":"post-744502","1":"product","2":"type-product","3":"status-publish","5":"product_cat-cocuk-ve-genclik-kitaplari","6":"product_cat-okul-oncesi-kitaplar","7":"pa_cilt-ciltsiz","8":"pa_tur-kitap","9":"pa_yayinevi-redhouse-kidz-yayinlari","10":"pa_yazar-marianne-dubuc","12":"first","13":"instock","14":"sale","15":"shipping-taxable","16":"purchasable","17":"product-type-simple"},"_links":{"self":[{"href":"https:\/\/roveyayinevi.com.tr\/index.php\/wp-json\/wp\/v2\/product\/744502","targetHints":{"allow":["GET"]}}],"collection":[{"href":"https:\/\/roveyayinevi.com.tr\/index.php\/wp-json\/wp\/v2\/product"}],"about":[{"href":"https:\/\/roveyayinevi.com.tr\/index.php\/wp-json\/wp\/v2\/types\/product"}],"wp:attachment":[{"href":"https:\/\/roveyayinevi.com.tr\/index.php\/wp-json\/wp\/v2\/media?parent=744502"}],"wp:term":[{"taxonomy":"product_brand","embeddable":true,"href":"https:\/\/roveyayinevi.com.tr\/index.php\/wp-json\/wp\/v2\/product_brand?post=744502"},{"taxonomy":"product_cat","embeddable":true,"href":"https:\/\/roveyayinevi.com.tr\/index.php\/wp-json\/wp\/v2\/product_cat?post=744502"},{"taxonomy":"product_tag","embeddable":true,"href":"https:\/\/roveyayinevi.com.tr\/index.php\/wp-json\/wp\/v2\/product_tag?post=744502"}],"curies":[{"name":"wp","href":"https:\/\/api.w.org\/{rel}","templated":true}]}}