{"id":744501,"date":"2025-08-28T01:58:20","date_gmt":"2025-08-27T22:58:20","guid":{"rendered":"https:\/\/roveyayinevi.com.tr\/index.php\/urun\/bavulumdaki-kirik-fincan\/"},"modified":"2026-04-16T02:56:32","modified_gmt":"2026-04-15T23:56:32","slug":"bavulumdaki-kirik-fincan","status":"publish","type":"product","link":"https:\/\/roveyayinevi.com.tr\/index.php\/urun\/bavulumdaki-kirik-fincan\/","title":{"rendered":"Bavulumdaki K\u0131r\u0131k Fincan"},"content":{"rendered":"<p>Kimsenin tan\u0131mad\u0131\u011f\u0131 bir hayvan elinde kocaman bir bavulla \u00e7\u0131kageldi\u011finde, etraftaki di\u011fer hayvanlar haliyle meraklan\u0131yor. O bavulun i\u00e7inde ne olabilir? \u00c7ay fincan\u0131 m\u0131? Peki. Masa ve sandalye mi? Hadi o da tamam. Bir ev ve a\u011fa\u00e7l\u0131 bir tepe mi? Yok art\u0131k, bu yabanc\u0131 ne dedi\u011finin fark\u0131nda de\u011fil herhalde. Hayvanlar meraklar\u0131na yenilip bavulu izin almadan a\u00e7\u0131nca, anlaml\u0131 bir foto\u011frafla kar\u015f\u0131la\u015f\u0131yorlar. B\u00f6ylece tan\u0131mad\u0131klar\u0131 o hayvan\u0131n neler neler ya\u015fad\u0131\u011f\u0131n\u0131 anlamaya ba\u015fl\u0131yor ve hep birlikte ona \u00f6zel bir &#8220;ho\u015f geldin&#8221; arma\u011fan\u0131 haz\u0131rl\u0131yorlar. 2020 CILIP Kate Greenaway Madalyas\u0131 finalisti   &#8220;Derinlere i\u015fliyor. Umar\u0131m t\u00fcm ebeveynler Bavulumdaki K\u0131r\u0131k Fincan&#8217;\u0131 \u00e7ocuklar\u0131yla payla\u015f\u0131r.&#8221; Khaled Hosseini, U\u00e7urtma Avc\u0131s\u0131&#8217;n\u0131n yazar\u0131   &#8220;Ba\u015fkalar\u0131na kar\u015f\u0131 nezaket fikrini k\u00fc\u00e7\u00fck \u00e7ocuklara tan\u0131tmak i\u00e7in sade ve g\u00fc\u00e7l\u00fc bir yol.&#8221; Axel Scheffler, Yayazula&#8217;n\u0131n \u00e7izeri   &#8220;Ho\u015fg\u00f6r\u00fc ve anlay\u0131\u015f bu \u00e7ocuk kitab\u0131n\u0131n tam kalbinde.&#8221; Laura Padoan, BM M\u00fclteciler Y\u00fcksek Komiserli\u011fi<\/p>\n","protected":false},"excerpt":{"rendered":"<p>Kimsenin tan\u0131mad\u0131\u011f\u0131 bir hayvan elinde kocaman bir bavulla \u00e7\u0131kageldi\u011finde, etraftaki di\u011fer hayvanlar haliyle meraklan\u0131yor. O bavulun i\u00e7inde ne olabilir? \u00c7ay fincan\u0131 m\u0131? Peki. Masa ve sandalye<span class=\"excerpt-hellip\"> [\u2026]<\/span><\/p>\n","protected":false},"featured_media":0,"template":"","meta":{"_monsterinsights_skip_tracking":false,"_monsterinsights_sitenote_active":false,"_monsterinsights_sitenote_note":"","_monsterinsights_sitenote_category":0},"product_brand":[],"product_cat":[12274,12518],"product_tag":[],"class_list":{"0":"post-744501","1":"product","2":"type-product","3":"status-publish","5":"product_cat-cocuk-ve-genclik-kitaplari","6":"product_cat-okul-oncesi-kitaplar","7":"pa_cilt-ciltsiz","8":"pa_tur-kitap","9":"pa_yayinevi-domingo-yayinevi","10":"pa_yazar-chris-naylor-ballesteros","12":"first","13":"instock","14":"sale","15":"shipping-taxable","16":"purchasable","17":"product-type-simple"},"_links":{"self":[{"href":"https:\/\/roveyayinevi.com.tr\/index.php\/wp-json\/wp\/v2\/product\/744501","targetHints":{"allow":["GET"]}}],"collection":[{"href":"https:\/\/roveyayinevi.com.tr\/index.php\/wp-json\/wp\/v2\/product"}],"about":[{"href":"https:\/\/roveyayinevi.com.tr\/index.php\/wp-json\/wp\/v2\/types\/product"}],"wp:attachment":[{"href":"https:\/\/roveyayinevi.com.tr\/index.php\/wp-json\/wp\/v2\/media?parent=744501"}],"wp:term":[{"taxonomy":"product_brand","embeddable":true,"href":"https:\/\/roveyayinevi.com.tr\/index.php\/wp-json\/wp\/v2\/product_brand?post=744501"},{"taxonomy":"product_cat","embeddable":true,"href":"https:\/\/roveyayinevi.com.tr\/index.php\/wp-json\/wp\/v2\/product_cat?post=744501"},{"taxonomy":"product_tag","embeddable":true,"href":"https:\/\/roveyayinevi.com.tr\/index.php\/wp-json\/wp\/v2\/product_tag?post=744501"}],"curies":[{"name":"wp","href":"https:\/\/api.w.org\/{rel}","templated":true}]}}