{"id":744498,"date":"2025-08-28T01:58:17","date_gmt":"2025-08-27T22:58:17","guid":{"rendered":"https:\/\/roveyayinevi.com.tr\/index.php\/urun\/mucizenin-adi-bebek\/"},"modified":"2026-04-16T02:56:32","modified_gmt":"2026-04-15T23:56:32","slug":"mucizenin-adi-bebek","status":"publish","type":"product","link":"https:\/\/roveyayinevi.com.tr\/index.php\/urun\/mucizenin-adi-bebek\/","title":{"rendered":"Mucizenin Ad\u0131: Bebek"},"content":{"rendered":"<p>\u201cT\u00fcm iyi \u015feyler sab\u0131rdan sonra gelir.\u201d \u2013 Mevlana   \u00c7ocuk iste\u011fi t\u00fcm evli \u00e7iftler i\u00e7in olmazsa olmazd\u0131r de\u011fil mi? Son teknoloji y\u00f6ntem olan t\u00fcp bebek tedavisi de t\u00fcm \u00e7iftler i\u00e7in bir miktar sab\u0131r, inan\u00e7 ve umut gerektiren bir s\u00fcre\u00e7tir. \u00c7ocuk istemi i\u00e7in gelen \u00e7iftlerimizin umut yolculu\u011funda onlara rehber niteli\u011finde bir kitap haz\u0131rlad\u0131k.   \u2022 Neden gebe kalam\u0131yorum? \u2022 Bu d\u00f6nemde hangi s\u00fcre\u00e7lerden ge\u00e7ece\u011fim? \u2022 Kendimi nas\u0131l hissetmeliyim? \u2022 Do\u011fal yollarla gebe kalmam m\u00fcmk\u00fcn m\u00fc?   Ve akl\u0131n\u0131za tak\u0131lan t\u00fcm sorular\u0131n cevab\u0131 bu kitapta sakl\u0131. Tam bir ba\u015fucu kitab\u0131 niteli\u011finde, bilimsel verilere dayal\u0131, en anla\u015f\u0131l\u0131r dille haz\u0131rlanan kitab\u0131m\u0131z\u0131 da, mucize bebek hik\u00e2yelerimiz ile ta\u00e7land\u0131rd\u0131k. Umut dolu hik\u00e2yelerimiz, sizleri \u00e7ok heyecanland\u0131racak, bu yolda en b\u00fcy\u00fck destek kaynaklar\u0131n\u0131z olacak. Hep s\u00f6yledi\u011fimiz gibi, mucizelere inan\u0131n, mucizenize kavu\u015fmaktan asla vazge\u00e7meyin. <\/p>\n","protected":false},"excerpt":{"rendered":"<p>\u201cT\u00fcm iyi \u015feyler sab\u0131rdan sonra gelir.\u201d \u2013 Mevlana \u00c7ocuk iste\u011fi t\u00fcm evli \u00e7iftler i\u00e7in olmazsa olmazd\u0131r de\u011fil mi? Son teknoloji y\u00f6ntem olan t\u00fcp bebek tedavisi de<span class=\"excerpt-hellip\"> [\u2026]<\/span><\/p>\n","protected":false},"featured_media":0,"template":"","meta":{"_monsterinsights_skip_tracking":false,"_monsterinsights_sitenote_active":false,"_monsterinsights_sitenote_note":"","_monsterinsights_sitenote_category":0},"product_brand":[],"product_cat":[14902,13365],"product_tag":[],"class_list":{"0":"post-744498","1":"product","2":"type-product","3":"status-publish","5":"product_cat-annelik-ve-cocuk-bakimi","6":"product_cat-saglik","7":"pa_cilt-ciltsiz","8":"pa_tur-kitap","9":"pa_yayinevi-destek-yayinlari","10":"pa_yazar-gokalp-oner","12":"first","13":"instock","14":"sale","15":"shipping-taxable","16":"purchasable","17":"product-type-simple"},"_links":{"self":[{"href":"https:\/\/roveyayinevi.com.tr\/index.php\/wp-json\/wp\/v2\/product\/744498","targetHints":{"allow":["GET"]}}],"collection":[{"href":"https:\/\/roveyayinevi.com.tr\/index.php\/wp-json\/wp\/v2\/product"}],"about":[{"href":"https:\/\/roveyayinevi.com.tr\/index.php\/wp-json\/wp\/v2\/types\/product"}],"wp:attachment":[{"href":"https:\/\/roveyayinevi.com.tr\/index.php\/wp-json\/wp\/v2\/media?parent=744498"}],"wp:term":[{"taxonomy":"product_brand","embeddable":true,"href":"https:\/\/roveyayinevi.com.tr\/index.php\/wp-json\/wp\/v2\/product_brand?post=744498"},{"taxonomy":"product_cat","embeddable":true,"href":"https:\/\/roveyayinevi.com.tr\/index.php\/wp-json\/wp\/v2\/product_cat?post=744498"},{"taxonomy":"product_tag","embeddable":true,"href":"https:\/\/roveyayinevi.com.tr\/index.php\/wp-json\/wp\/v2\/product_tag?post=744498"}],"curies":[{"name":"wp","href":"https:\/\/api.w.org\/{rel}","templated":true}]}}