{"id":744497,"date":"2025-08-28T01:58:16","date_gmt":"2025-08-27T22:58:16","guid":{"rendered":"https:\/\/roveyayinevi.com.tr\/index.php\/urun\/marcel-proust-akip-gider-uzun-surmez-mutlulugu-kotulerin\/"},"modified":"2026-04-16T02:56:32","modified_gmt":"2026-04-15T23:56:32","slug":"marcel-proust-akip-gider-uzun-surmez-mutlulugu-kotulerin","status":"publish","type":"product","link":"https:\/\/roveyayinevi.com.tr\/index.php\/urun\/marcel-proust-akip-gider-uzun-surmez-mutlulugu-kotulerin\/","title":{"rendered":"Marcel Proust &#8211; Ak\u0131p Gider, Uzun S\u00fcrmez Mutlulu\u011fu K\u00f6t\u00fclerin"},"content":{"rendered":"<p>\u201cA\u015fk, kalbin zaman ve mek\u00e2na duyarl\u0131l\u0131k kazanmas\u0131d\u0131r.\u201d   Frans\u0131z yazar Marcel Proust\u2019un d\u00fcnyaya geli\u015f amac\u0131n\u0131n \u201cyazmak\u201d oldu\u011funu d\u00fc\u015f\u00fcnmemiz i\u00e7in bir\u00e7ok neden var. Ya\u015fam\u0131n\u0131n son \u00fc\u00e7 y\u0131l\u0131n\u0131 yatakta \u2013yazarak\u2013 ge\u00e7iren Proust, serinin ilk kitab\u0131n\u0131 yay\u0131mland\u0131ktan sonra dokuz y\u0131lda Kay\u0131p Zaman\u0131n \u0130zinde\u2019yi tamamlay\u0131p, \u201cSon s\u00f6zc\u00fc\u011f\u00fcn\u00fc yazd\u0131m C\u00e9leste, art\u0131k \u00f6lebilirim\u201d dedikten birka\u00e7 ay sonra \u00f6ld\u00fc. \u00d6l\u00fcm\u00fcnden sonra yay\u0131mlanacak d\u00f6rt kitab\u0131 da eksiksiz bitirmenin gururuyla d\u00fcnyay\u0131 terk etti\u011finde hen\u00fcz 51 ya\u015f\u0131ndayd\u0131. A\u015fk, m\u00fczik ve edebiyatla g\u00fc\u00e7lendirdi\u011fi hayat\u0131nda askerlik, d\u00fcello ve kavgalar da vard\u0131. Proust, \u201cra\u011fmen\u2019lerin daima gizli \u00e7\u00fcnk\u00fc\u2019ler oldu\u011funu\u201d akl\u0131nda tutarak kaleme ald\u0131 Kay\u0131p Zaman\u0131n \u0130zinde\u2019yi. Yedi ciltten olu\u015fan seriden hangi kitab\u0131n kapa\u011f\u0131n\u0131 a\u00e7arsan\u0131z a\u00e7\u0131n her y\u00f6n\u00fcyle devasa bir yap\u0131t\u0131n i\u00e7inde oldu\u011funuzu bir harf boyunca bile unutamazs\u0131n\u0131z. Ak\u0131l almaz uzunluktaki c\u00fcmleleri ve betimlemeleriyle yaratt\u0131\u011f\u0131 karakterlere hayat verirken hem ressamd\u0131r hem de hepsinin en yak\u0131n\u0131.   <\/p>\n","protected":false},"excerpt":{"rendered":"<p>\u201cA\u015fk, kalbin zaman ve mek\u00e2na duyarl\u0131l\u0131k kazanmas\u0131d\u0131r.\u201d Frans\u0131z yazar Marcel Proust\u2019un d\u00fcnyaya geli\u015f amac\u0131n\u0131n \u201cyazmak\u201d oldu\u011funu d\u00fc\u015f\u00fcnmemiz i\u00e7in bir\u00e7ok neden var. Ya\u015fam\u0131n\u0131n son \u00fc\u00e7 y\u0131l\u0131n\u0131 yatakta<span class=\"excerpt-hellip\"> [\u2026]<\/span><\/p>\n","protected":false},"featured_media":0,"template":"","meta":{"_monsterinsights_skip_tracking":false,"_monsterinsights_sitenote_active":false,"_monsterinsights_sitenote_note":"","_monsterinsights_sitenote_category":0},"product_brand":[],"product_cat":[12388,26788],"product_tag":[],"class_list":{"0":"post-744497","1":"product","2":"type-product","3":"status-publish","5":"product_cat-felsefe","6":"product_cat-filozoflar","7":"pa_cilt-ciltsiz","8":"pa_tur-kitap","9":"pa_yayinevi-destek-yayinlari","10":"pa_yazar-ercan-yilmaz","12":"first","13":"instock","14":"sale","15":"shipping-taxable","16":"purchasable","17":"product-type-simple"},"_links":{"self":[{"href":"https:\/\/roveyayinevi.com.tr\/index.php\/wp-json\/wp\/v2\/product\/744497","targetHints":{"allow":["GET"]}}],"collection":[{"href":"https:\/\/roveyayinevi.com.tr\/index.php\/wp-json\/wp\/v2\/product"}],"about":[{"href":"https:\/\/roveyayinevi.com.tr\/index.php\/wp-json\/wp\/v2\/types\/product"}],"wp:attachment":[{"href":"https:\/\/roveyayinevi.com.tr\/index.php\/wp-json\/wp\/v2\/media?parent=744497"}],"wp:term":[{"taxonomy":"product_brand","embeddable":true,"href":"https:\/\/roveyayinevi.com.tr\/index.php\/wp-json\/wp\/v2\/product_brand?post=744497"},{"taxonomy":"product_cat","embeddable":true,"href":"https:\/\/roveyayinevi.com.tr\/index.php\/wp-json\/wp\/v2\/product_cat?post=744497"},{"taxonomy":"product_tag","embeddable":true,"href":"https:\/\/roveyayinevi.com.tr\/index.php\/wp-json\/wp\/v2\/product_tag?post=744497"}],"curies":[{"name":"wp","href":"https:\/\/api.w.org\/{rel}","templated":true}]}}