{"id":744496,"date":"2025-08-28T01:58:15","date_gmt":"2025-08-27T22:58:15","guid":{"rendered":"https:\/\/roveyayinevi.com.tr\/index.php\/urun\/kralice-oldu-kral-ciplak-mi\/"},"modified":"2026-04-16T02:56:32","modified_gmt":"2026-04-15T23:56:32","slug":"kralice-oldu-kral-ciplak-mi","status":"publish","type":"product","link":"https:\/\/roveyayinevi.com.tr\/index.php\/urun\/kralice-oldu-kral-ciplak-mi\/","title":{"rendered":"Krali\u00e7e \u00d6ld\u00fc, Kral \u00c7\u0131plak m\u0131?"},"content":{"rendered":"<p>\u201cKrali\u00e7e, Hz. Muhammed\u2019in soyundan m\u0131 geliyordu? Kral Charles\u2019\u0131n \u0130slam\u2019a bak\u0131\u015f\u0131 neden farkl\u0131?\u201d   Krali\u00e7e Elizabeth\u2019in \u00f6l\u00fcm\u00fc ile Birle\u015fik Krall\u0131k\u2019ta 70 y\u0131ll\u0131k bir devir kapand\u0131. Zaman\u0131nda \u201c\u00fczerinde g\u00fcne\u015fin batmad\u0131\u011f\u0131\u201d bu \u00fclkenin gelece\u011fine dair ciddi kayg\u0131lar var \u015fimdi. \u201cEn ya\u015fl\u0131 monark\u201d yeni kral Charles\u2019\u0131n annesinin otorite, sayg\u0131nl\u0131k, karizma ve liderli\u011fine yeterince sahip olmad\u0131\u011f\u0131, monar\u015fiyi korumakta zorluk \u00e7ekece\u011fi yayg\u0131n kanaat. Belki Veliaht Prens William beklenenden \u00f6nce oturabilir babas\u0131n\u0131n taht\u0131na.   Diplomat, i\u015fadam\u0131, yazar ve seyyah Mehmet \u00d6\u011f\u00fct\u00e7\u00fc Londra\u2019da yak\u0131ndan \u00e7al\u0131\u015ft\u0131\u011f\u0131 Kraliyet Saray\u0131\u2019n\u0131n baz\u0131 \u00e7arp\u0131c\u0131, renkli, az bilinen hik\u00e2yelerini anlat\u0131yor bu yeni kitab\u0131nda:   \u2022 Charles, B\u00fcy\u00fck Britanya\u2019y\u0131 bir arada tutmay\u0131 ba\u015faracak m\u0131? \u0130sko\u00e7ya ve Kuzey \u0130rlanda ayr\u0131l\u0131r m\u0131? 56 \u00fclkeden olu\u015fan Commonwealth\u2019te g\u00fc\u00e7lenen cumhuriyet\u00e7i ak\u0131mlar y\u00fcz\u00fcnden \u00e7\u00f6z\u00fclme olur mu? \u2022 Prenses Diana\u2019n\u0131n \u00f6l\u00fcm\u00fcnden Saray\u2019\u0131n \u201cderin devleti\u201d mi sorumlu? Harry\u2019nin ger\u00e7ek babas\u0131 kim? \u2022 Meghan, karde\u015fleri birbirine mi d\u00fc\u015f\u00fcrd\u00fc? \u2022 Kraliyet i\u00e7in mor rengin s\u0131rr\u0131 nedir? Olmazsa olmaz protokol kurallar\u0131 neler? \u2022 Hanedan T\u00fcrkiye\u2019ye s\u0131cak bak\u0131yor mu?   Krali\u00e7e\u2019nin \u00f6ld\u00fc\u011f\u00fcn\u00fcn \u201cLondra K\u00f6pr\u00fcs\u00fc \u00e7\u00f6kt\u00fc\u201d kripto mesaj\u0131 ile duyuruldu\u011fu g\u00fcn yazmaya ba\u015flan\u0131p topra\u011fa defnedildi\u011fi g\u00fcne kadar rekor s\u00fcrede tamamland\u0131 bu kitap. S\u0131ca\u011f\u0131 s\u0131ca\u011f\u0131na. Bir \u00e7\u0131rp\u0131da okuyacaks\u0131n\u0131z. <\/p>\n","protected":false},"excerpt":{"rendered":"<p>\u201cKrali\u00e7e, Hz. Muhammed\u2019in soyundan m\u0131 geliyordu? Kral Charles\u2019\u0131n \u0130slam\u2019a bak\u0131\u015f\u0131 neden farkl\u0131?\u201d Krali\u00e7e Elizabeth\u2019in \u00f6l\u00fcm\u00fc ile Birle\u015fik Krall\u0131k\u2019ta 70 y\u0131ll\u0131k bir devir kapand\u0131. Zaman\u0131nda \u201c\u00fczerinde g\u00fcne\u015fin<span class=\"excerpt-hellip\"> [\u2026]<\/span><\/p>\n","protected":false},"featured_media":0,"template":"","meta":{"_monsterinsights_skip_tracking":false,"_monsterinsights_sitenote_active":false,"_monsterinsights_sitenote_note":"","_monsterinsights_sitenote_category":0},"product_brand":[],"product_cat":[13590,12337],"product_tag":[],"class_list":{"0":"post-744496","1":"product","2":"type-product","3":"status-publish","5":"product_cat-arastirma-inceleme-politika-siyaset","6":"product_cat-politika-siyaset","7":"pa_cilt-ciltsiz","8":"pa_tur-kitap","9":"pa_yayinevi-destek-yayinlari","10":"pa_yazar-mehmet-ogutcu","12":"first","13":"instock","14":"sale","15":"shipping-taxable","16":"purchasable","17":"product-type-simple"},"_links":{"self":[{"href":"https:\/\/roveyayinevi.com.tr\/index.php\/wp-json\/wp\/v2\/product\/744496","targetHints":{"allow":["GET"]}}],"collection":[{"href":"https:\/\/roveyayinevi.com.tr\/index.php\/wp-json\/wp\/v2\/product"}],"about":[{"href":"https:\/\/roveyayinevi.com.tr\/index.php\/wp-json\/wp\/v2\/types\/product"}],"wp:attachment":[{"href":"https:\/\/roveyayinevi.com.tr\/index.php\/wp-json\/wp\/v2\/media?parent=744496"}],"wp:term":[{"taxonomy":"product_brand","embeddable":true,"href":"https:\/\/roveyayinevi.com.tr\/index.php\/wp-json\/wp\/v2\/product_brand?post=744496"},{"taxonomy":"product_cat","embeddable":true,"href":"https:\/\/roveyayinevi.com.tr\/index.php\/wp-json\/wp\/v2\/product_cat?post=744496"},{"taxonomy":"product_tag","embeddable":true,"href":"https:\/\/roveyayinevi.com.tr\/index.php\/wp-json\/wp\/v2\/product_tag?post=744496"}],"curies":[{"name":"wp","href":"https:\/\/api.w.org\/{rel}","templated":true}]}}