{"id":744494,"date":"2025-08-28T01:58:13","date_gmt":"2025-08-27T22:58:13","guid":{"rendered":"https:\/\/roveyayinevi.com.tr\/index.php\/urun\/hayat-ilerlemek-kadar-geride-birakabilmektir\/"},"modified":"2026-04-16T02:56:32","modified_gmt":"2026-04-15T23:56:32","slug":"hayat-ilerlemek-kadar-geride-birakabilmektir","status":"publish","type":"product","link":"https:\/\/roveyayinevi.com.tr\/index.php\/urun\/hayat-ilerlemek-kadar-geride-birakabilmektir\/","title":{"rendered":"Hayat \u0130lerlemek Kadar Geride B\u0131rakabilmektir"},"content":{"rendered":"<p>Ge\u00e7mi\u015fin Sonucu, Gelece\u011fin Nedenini Belirler!   Ancak durgun bir su y\u0131ld\u0131zlar\u0131 yans\u0131tabilir derler. Ben ise s\u0131radan bir g\u00fcnde art\u0131k ola\u011fan olan ar\u0131zalar\u0131m\u0131z\u0131 izliyorum. Ve san\u0131r\u0131m izledik\u00e7e insan\u0131n ger\u00e7ekten topraktan olu\u015funun mant\u0131\u011f\u0131n\u0131 da anl\u0131yorum \u00e7\u00fcnk\u00fc demir olsa kesin \u00e7\u00fcr\u00fcrd\u00fc. Tevell\u00fctten m\u00fctevellit derler ya, ya\u015fanm\u0131\u015fl\u0131klard\u0131r nedeni, hayat\u0131n art\u0131k sadece ilerlemek de\u011fil, ayn\u0131 zamanda geride b\u0131rakmak oldu\u011funu d\u00fc\u015f\u00fcn\u00fcyorum. Sonu\u00e7ta tarih sadece eskileri anlatmaz, yenilerini yarat\u0131r. U\u011fur Bat\u0131   Bilginin \u00e7ok, bilgeli\u011fin ise giderek yok olmaya y\u00fcz tuttu\u011fu bir d\u00fcnyada bilen de\u011fil hep \u00f6\u011frenen kalman\u0131n \u00f6nemini yeterince kavram\u0131\u015f olman\u0131n hazz\u0131n\u0131 ya\u015f\u0131yorum \u015fimdilik. \u201cAn\u0131 ka\u00e7\u0131rma!\u201d \u015feklindeki s\u00f6ylemler yerine \u00f6\u011frenenler i\u00e7in her ka\u00e7\u0131r\u0131lan an\u0131n bir sonrakini yakalamak i\u00e7in bir f\u0131rsat oldu\u011funu anlam\u0131\u015f olman\u0131n hazz\u0131n\u0131 ya\u015fad\u0131\u011f\u0131m gibi! Mehmet Zihni Sungur <\/p>\n","protected":false},"excerpt":{"rendered":"<p>Ge\u00e7mi\u015fin Sonucu, Gelece\u011fin Nedenini Belirler! Ancak durgun bir su y\u0131ld\u0131zlar\u0131 yans\u0131tabilir derler. Ben ise s\u0131radan bir g\u00fcnde art\u0131k ola\u011fan olan ar\u0131zalar\u0131m\u0131z\u0131 izliyorum. Ve san\u0131r\u0131m izledik\u00e7e insan\u0131n<span class=\"excerpt-hellip\"> [\u2026]<\/span><\/p>\n","protected":false},"featured_media":0,"template":"","meta":{"_monsterinsights_skip_tracking":false,"_monsterinsights_sitenote_active":false,"_monsterinsights_sitenote_note":"","_monsterinsights_sitenote_category":0},"product_brand":[],"product_cat":[12370,12304],"product_tag":[],"class_list":{"0":"post-744494","1":"product","2":"type-product","3":"status-publish","5":"product_cat-arastirma-inceleme","6":"product_cat-tarih","7":"pa_cilt-ciltsiz","8":"pa_tur-kitap","9":"pa_yayinevi-destek-yayinlari","10":"pa_yazar-mehmet-zihni-sungur-ugur-bati","12":"first","13":"instock","14":"sale","15":"shipping-taxable","16":"purchasable","17":"product-type-simple"},"_links":{"self":[{"href":"https:\/\/roveyayinevi.com.tr\/index.php\/wp-json\/wp\/v2\/product\/744494","targetHints":{"allow":["GET"]}}],"collection":[{"href":"https:\/\/roveyayinevi.com.tr\/index.php\/wp-json\/wp\/v2\/product"}],"about":[{"href":"https:\/\/roveyayinevi.com.tr\/index.php\/wp-json\/wp\/v2\/types\/product"}],"wp:attachment":[{"href":"https:\/\/roveyayinevi.com.tr\/index.php\/wp-json\/wp\/v2\/media?parent=744494"}],"wp:term":[{"taxonomy":"product_brand","embeddable":true,"href":"https:\/\/roveyayinevi.com.tr\/index.php\/wp-json\/wp\/v2\/product_brand?post=744494"},{"taxonomy":"product_cat","embeddable":true,"href":"https:\/\/roveyayinevi.com.tr\/index.php\/wp-json\/wp\/v2\/product_cat?post=744494"},{"taxonomy":"product_tag","embeddable":true,"href":"https:\/\/roveyayinevi.com.tr\/index.php\/wp-json\/wp\/v2\/product_tag?post=744494"}],"curies":[{"name":"wp","href":"https:\/\/api.w.org\/{rel}","templated":true}]}}