{"id":744493,"date":"2025-08-28T01:58:12","date_gmt":"2025-08-27T22:58:12","guid":{"rendered":"https:\/\/roveyayinevi.com.tr\/index.php\/urun\/evliligin-uc-hali\/"},"modified":"2026-04-03T03:00:05","modified_gmt":"2026-04-03T00:00:05","slug":"evliligin-uc-hali","status":"publish","type":"product","link":"https:\/\/roveyayinevi.com.tr\/index.php\/urun\/evliligin-uc-hali\/","title":{"rendered":"Evlili\u011fin \u00dc\u00e7 Hali"},"content":{"rendered":"<p>\u201cB\u0130Z\u201d OLAB\u0130LMEK \u201cB\u0130R\u201d OLAB\u0130LMEKTEN DAHA B\u00dcY\u00dcK B\u0130R DE\u011eERD\u0130R.   Evlilik iki insan\u0131n birbirlerine ba\u011flanmas\u0131d\u0131r. G\u00f6n\u00fcl, destek, sevgi, sayg\u0131, fedak\u00e2rl\u0131k, anlay\u0131\u015f, empati ba\u011flar\u0131yla aralar\u0131nda kurduklar\u0131 birlikteliktir. Genel g\u00f6r\u00fc\u015fte kabul g\u00f6ren, iki farkl\u0131 yar\u0131m par\u00e7an\u0131n birle\u015fiminden bir tam \u00e7\u0131kabilece\u011fi fikri, bireylerin benliklerinin evlilikte erimesi gerekti\u011fi gibi alg\u0131lanm\u0131\u015ft\u0131r. Oysaki sa\u011fl\u0131kl\u0131 olan, iki tam par\u00e7an\u0131n ili\u015fkide kendi benliklerini koruyarak olu\u015fturduklar\u0131 b\u00fct\u00fcnl\u00fckt\u00fcr.   Evlilik \u201cbir\u201d olmak de\u011fil birey olarak \u201cbirlikte\u201d var olabilmektir. \u0130ki ki\u015finin yan yana ayn\u0131 yolda y\u00fcr\u00fcyebilmesidir. EVL\u0130L\u0130\u011e\u0130N \u00dc\u00c7 HAL\u0130 ili\u015fkinizin ba\u015f\u0131nda kendinizi ve partnerinizi tan\u0131man\u0131z, ili\u015fki s\u00fcrerken varl\u0131\u011f\u0131n\u0131z\u0131 koruyabilmeniz ve ayr\u0131l\u0131k halinde kendinizden vazge\u00e7memeniz i\u00e7in ki\u015fisel geli\u015fiminizi ve ili\u015fkinizi geli\u015ftirecek y\u00f6ntemler sunuyor.   <\/p>\n","protected":false},"excerpt":{"rendered":"<p>\u201cB\u0130Z\u201d OLAB\u0130LMEK \u201cB\u0130R\u201d OLAB\u0130LMEKTEN DAHA B\u00dcY\u00dcK B\u0130R DE\u011eERD\u0130R. Evlilik iki insan\u0131n birbirlerine ba\u011flanmas\u0131d\u0131r. G\u00f6n\u00fcl, destek, sevgi, sayg\u0131, fedak\u00e2rl\u0131k, anlay\u0131\u015f, empati ba\u011flar\u0131yla aralar\u0131nda kurduklar\u0131 birlikteliktir. Genel g\u00f6r\u00fc\u015fte<span class=\"excerpt-hellip\"> [\u2026]<\/span><\/p>\n","protected":false},"featured_media":0,"template":"","meta":{"_monsterinsights_skip_tracking":false,"_monsterinsights_sitenote_active":false,"_monsterinsights_sitenote_note":"","_monsterinsights_sitenote_category":0},"product_brand":[],"product_cat":[12364,12376],"product_tag":[],"class_list":{"0":"post-744493","1":"product","2":"type-product","3":"status-publish","5":"product_cat-genel-konular","6":"product_cat-kisisel-gelisim","7":"pa_cilt-ciltsiz","8":"pa_tur-kitap","9":"pa_yayinevi-destek-yayinlari","10":"pa_yazar-betul-ak-ornek","12":"first","13":"instock","14":"sale","15":"shipping-taxable","16":"purchasable","17":"product-type-simple"},"_links":{"self":[{"href":"https:\/\/roveyayinevi.com.tr\/index.php\/wp-json\/wp\/v2\/product\/744493","targetHints":{"allow":["GET"]}}],"collection":[{"href":"https:\/\/roveyayinevi.com.tr\/index.php\/wp-json\/wp\/v2\/product"}],"about":[{"href":"https:\/\/roveyayinevi.com.tr\/index.php\/wp-json\/wp\/v2\/types\/product"}],"wp:attachment":[{"href":"https:\/\/roveyayinevi.com.tr\/index.php\/wp-json\/wp\/v2\/media?parent=744493"}],"wp:term":[{"taxonomy":"product_brand","embeddable":true,"href":"https:\/\/roveyayinevi.com.tr\/index.php\/wp-json\/wp\/v2\/product_brand?post=744493"},{"taxonomy":"product_cat","embeddable":true,"href":"https:\/\/roveyayinevi.com.tr\/index.php\/wp-json\/wp\/v2\/product_cat?post=744493"},{"taxonomy":"product_tag","embeddable":true,"href":"https:\/\/roveyayinevi.com.tr\/index.php\/wp-json\/wp\/v2\/product_tag?post=744493"}],"curies":[{"name":"wp","href":"https:\/\/api.w.org\/{rel}","templated":true}]}}