{"id":744492,"date":"2025-08-28T01:58:11","date_gmt":"2025-08-27T22:58:11","guid":{"rendered":"https:\/\/roveyayinevi.com.tr\/index.php\/urun\/dunyanin-dibi-oteli\/"},"modified":"2026-04-12T03:00:46","modified_gmt":"2026-04-12T00:00:46","slug":"dunyanin-dibi-oteli","status":"publish","type":"product","link":"https:\/\/roveyayinevi.com.tr\/index.php\/urun\/dunyanin-dibi-oteli\/","title":{"rendered":"D\u00fcnyan\u0131n Dibi Oteli"},"content":{"rendered":"<p>\u201cEvet sevgili izleyiciler, 2050 y\u0131l\u0131na sellerle, deniz ta\u015fk\u0131nlar\u0131yla giren Avrupa\u2019n\u0131n kuzeyindetekrar Ola\u011fan\u00fcst\u00fc Hal ilan edildi. \u0130ngiltere Ba\u015fbakan\u0131, ge\u00e7ici s\u00fcreyle \u00fclkeye t\u00fcm giri\u015f \u00e7\u0131k\u0131\u015flar\u0131dondurdu\u011funu a\u00e7\u0131klad\u0131. K\u0131y\u0131lar\u0131n\u0131n bir k\u0131sm\u0131 ge\u00e7en y\u0131l denize kar\u0131\u015fan El Salvador\u2019dan,Honduras ve Guatemala\u2019ya ak\u0131n devam ediyor. S\u0131n\u0131r duvarlar\u0131nda yakla\u015f\u0131k bir milyon insan\u0131nmahsur kald\u0131\u011f\u0131 belirtildi.\u201d\u201c&#8230;Leyla, d\u00fcn gibi hat\u0131rl\u0131yordu: 2035\u2019te, \u0130stanbul\u2019da hava kirlili\u011fi y\u00fcz\u00fcnden s\u0131k\u0131y\u00f6netim ilanedildi\u011finde B\u00fcy\u00fckhusun K\u00f6y\u00fc\u2019ndeki ta\u015f evde ya\u015f\u0131yorlard\u0131. Mutfak masas\u0131nda oturan PerihanHan\u0131m, birdenbire aya\u011fa kalk\u0131p radyoyu kapatm\u0131\u015f, cephede tek ba\u015f\u0131na kalan bir asker edas\u0131ylatorununa d\u00f6n\u00fcp \u2018S\u0131\u011f\u0131nak yapma vakti geldi de ge\u00e7iyor!\u2019 demi\u015fti. Bu bir tespit de\u011fil, emirdi.\u201dHayat\u0131m\u0131za bug\u00fcnk\u00fc gibi devam edersek, 2050\u2019de iklim krizi hangi boyutlara varabilir? D\u00fcnyave T\u00fcrkiye, k\u00fcresel \u0131s\u0131nma nedeniyle hangi zorluklarla kar\u015f\u0131 kar\u015f\u0131ya kalacak? \u00c7ok uzak olmayangelecekte neleri konu\u015faca\u011f\u0131z, nas\u0131l ya\u015fayaca\u011f\u0131z?Gazeteci-yazar Mehve\u015f Evin\u2019in, K\u0131sadalga.net\u2019te bir podcast serisi olarak kurgulad\u0131\u011f\u0131 distopik\u00f6yk\u00fc \u201c2050-Gelecekte Bir Yolculuk\u201d \u00c7a\u011fda\u015f Gazeteciler Derne\u011fi\u2019nin, 2021 y\u0131l\u0131nda \u201cEn \u0130yi Haber Podcast\u201di \u00f6d\u00fcl\u00fcn\u00fc ald\u0131. Evin\u2019in bu seriden yola \u00e7\u0131karak yazd\u0131\u011f\u0131 D\u00dcNYANIN D\u0130B\u0130 OTEL\u0130 her ne kadar \u201ckurgusal\u201d bir hik\u00e2ye olsa da gelecekte ya\u015fanacak olan ger\u00e7e\u011fe, \u201cge\u00e7mi\u015ften\u201d yaz\u0131lm\u0131\u015f bir mektup gibi.<\/p>\n","protected":false},"excerpt":{"rendered":"<p>\u201cEvet sevgili izleyiciler, 2050 y\u0131l\u0131na sellerle, deniz ta\u015fk\u0131nlar\u0131yla giren Avrupa\u2019n\u0131n kuzeyindetekrar Ola\u011fan\u00fcst\u00fc Hal ilan edildi. \u0130ngiltere Ba\u015fbakan\u0131, ge\u00e7ici s\u00fcreyle \u00fclkeye t\u00fcm giri\u015f \u00e7\u0131k\u0131\u015flar\u0131dondurdu\u011funu a\u00e7\u0131klad\u0131. K\u0131y\u0131lar\u0131n\u0131n bir<span class=\"excerpt-hellip\"> [\u2026]<\/span><\/p>\n","protected":false},"featured_media":0,"template":"","meta":{"_monsterinsights_skip_tracking":false,"_monsterinsights_sitenote_active":false,"_monsterinsights_sitenote_note":"","_monsterinsights_sitenote_category":0},"product_brand":[],"product_cat":[12291,12711],"product_tag":[],"class_list":{"0":"post-744492","1":"product","2":"type-product","3":"status-publish","5":"product_cat-edebiyat","6":"product_cat-roman-oyku","7":"pa_cilt-ciltsiz","8":"pa_tur-kitap","9":"pa_yayinevi-kara-karga-yayinlari","10":"pa_yazar-mehves-evin","12":"first","13":"instock","14":"sale","15":"shipping-taxable","16":"purchasable","17":"product-type-simple"},"_links":{"self":[{"href":"https:\/\/roveyayinevi.com.tr\/index.php\/wp-json\/wp\/v2\/product\/744492","targetHints":{"allow":["GET"]}}],"collection":[{"href":"https:\/\/roveyayinevi.com.tr\/index.php\/wp-json\/wp\/v2\/product"}],"about":[{"href":"https:\/\/roveyayinevi.com.tr\/index.php\/wp-json\/wp\/v2\/types\/product"}],"wp:attachment":[{"href":"https:\/\/roveyayinevi.com.tr\/index.php\/wp-json\/wp\/v2\/media?parent=744492"}],"wp:term":[{"taxonomy":"product_brand","embeddable":true,"href":"https:\/\/roveyayinevi.com.tr\/index.php\/wp-json\/wp\/v2\/product_brand?post=744492"},{"taxonomy":"product_cat","embeddable":true,"href":"https:\/\/roveyayinevi.com.tr\/index.php\/wp-json\/wp\/v2\/product_cat?post=744492"},{"taxonomy":"product_tag","embeddable":true,"href":"https:\/\/roveyayinevi.com.tr\/index.php\/wp-json\/wp\/v2\/product_tag?post=744492"}],"curies":[{"name":"wp","href":"https:\/\/api.w.org\/{rel}","templated":true}]}}