{"id":744488,"date":"2025-08-28T01:58:06","date_gmt":"2025-08-27T22:58:06","guid":{"rendered":"https:\/\/roveyayinevi.com.tr\/index.php\/urun\/onlar-olmeden-once\/"},"modified":"2026-04-16T02:56:32","modified_gmt":"2026-04-15T23:56:32","slug":"onlar-olmeden-once","status":"publish","type":"product","link":"https:\/\/roveyayinevi.com.tr\/index.php\/urun\/onlar-olmeden-once\/","title":{"rendered":"Onlar \u00d6lmeden \u00d6nce"},"content":{"rendered":"<p>Norah Lange, Arjantin edebiyat sahnesinin, \u00f6zellikle 1920 ve 1930\u2019lu y\u0131llar\u0131n avangard Buenos Aires grubunun \u00fcnl\u00fc bir \u00fcyesiydi. Ayn\u0131 zamanda kuzeni olan Jorge Luis Borges, Pablo Neruda ve Federico Garc\u00eda Lorca gibi yazarlarla arkada\u015fl\u0131k kurdu. \u015eiir, roman, an\u0131 ve kurmaca d\u0131\u015f\u0131 eserler \u00fcretti. 1958\u2019de Arjantin Yazarlar Derne\u011fi\u2019nin B\u00fcy\u00fck Onur \u00d6d\u00fcl\u00fc\u2019ne lay\u0131k g\u00f6r\u00fcld\u00fc.   S\u0131n\u0131fland\u0131rmas\u0131 zor, deneysel bir kitap olan Onlar \u00d6lmeden \u00d6nce 1944\u2019te yay\u0131mland\u0131 ve bir daha bas\u0131lmad\u0131. \u00c7ok par\u00e7al\u0131 bir yapboza benzeyen bu kitap, fantastik hik\u00e2yeler, \u015fiirsel d\u00fczyaz\u0131 metinler ve otobiyografik fragmanlardan olu\u015fuyor.   Norah Lange garip varl\u0131klarla, gizemlerle dolu i\u00e7 d\u00fcnyas\u0131n\u0131 ve \u00e7ocukluk hat\u0131ralar\u0131n\u0131 okura bir nevi g\u00fcnl\u00fck gibi sunuyor. Onlar \u00d6lmeden \u00d6nce, Arjantin\u2019de yirminci y\u00fczy\u0131l\u0131n erkek egemen entelekt\u00fcel d\u00fcnyas\u0131nda Lange\u2019nin bir kad\u0131n yazar olarak kendine yer a\u00e7ma m\u00fccadelesinin sembol\u00fc, bir k\u00fclt yap\u0131t.   \u201cArjantin edebiyat\u0131n\u0131n en esrarengiz eserlerinden biri.\u201d   C\u00e9sar Aira <\/p>\n","protected":false},"excerpt":{"rendered":"<p>Norah Lange, Arjantin edebiyat sahnesinin, \u00f6zellikle 1920 ve 1930\u2019lu y\u0131llar\u0131n avangard Buenos Aires grubunun \u00fcnl\u00fc bir \u00fcyesiydi. Ayn\u0131 zamanda kuzeni olan Jorge Luis Borges, Pablo Neruda<span class=\"excerpt-hellip\"> [\u2026]<\/span><\/p>\n","protected":false},"featured_media":0,"template":"","meta":{"_monsterinsights_skip_tracking":false,"_monsterinsights_sitenote_active":false,"_monsterinsights_sitenote_note":"","_monsterinsights_sitenote_category":0},"product_brand":[],"product_cat":[18545,12291],"product_tag":[],"class_list":{"0":"post-744488","1":"product","2":"type-product","3":"status-publish","5":"product_cat-anlati","6":"product_cat-edebiyat","7":"pa_cilt-ciltsiz","8":"pa_tur-kitap","9":"pa_yayinevi-everest-yayinlari","10":"pa_yazar-norah-lange","12":"first","13":"instock","14":"sale","15":"shipping-taxable","16":"purchasable","17":"product-type-simple"},"_links":{"self":[{"href":"https:\/\/roveyayinevi.com.tr\/index.php\/wp-json\/wp\/v2\/product\/744488","targetHints":{"allow":["GET"]}}],"collection":[{"href":"https:\/\/roveyayinevi.com.tr\/index.php\/wp-json\/wp\/v2\/product"}],"about":[{"href":"https:\/\/roveyayinevi.com.tr\/index.php\/wp-json\/wp\/v2\/types\/product"}],"wp:attachment":[{"href":"https:\/\/roveyayinevi.com.tr\/index.php\/wp-json\/wp\/v2\/media?parent=744488"}],"wp:term":[{"taxonomy":"product_brand","embeddable":true,"href":"https:\/\/roveyayinevi.com.tr\/index.php\/wp-json\/wp\/v2\/product_brand?post=744488"},{"taxonomy":"product_cat","embeddable":true,"href":"https:\/\/roveyayinevi.com.tr\/index.php\/wp-json\/wp\/v2\/product_cat?post=744488"},{"taxonomy":"product_tag","embeddable":true,"href":"https:\/\/roveyayinevi.com.tr\/index.php\/wp-json\/wp\/v2\/product_tag?post=744488"}],"curies":[{"name":"wp","href":"https:\/\/api.w.org\/{rel}","templated":true}]}}