{"id":744485,"date":"2025-08-28T01:58:02","date_gmt":"2025-08-27T22:58:02","guid":{"rendered":"https:\/\/roveyayinevi.com.tr\/index.php\/urun\/sirri-giz-eylediler\/"},"modified":"2026-04-16T02:56:32","modified_gmt":"2026-04-15T23:56:32","slug":"sirri-giz-eylediler","status":"publish","type":"product","link":"https:\/\/roveyayinevi.com.tr\/index.php\/urun\/sirri-giz-eylediler\/","title":{"rendered":"S\u0131rr\u0131 Giz Eylediler"},"content":{"rendered":"<p>\u0130\u00e7lerinde b\u00fcy\u00fctt\u00fckleri s\u0131rlar\u0131 anlayan olmad\u0131. Onlar\u0131n s\u0131rlar\u0131 g\u00f6zya\u015flar\u0131ndan topra\u011fa d\u00fc\u015ft\u00fc ve ya\u015flar s\u0131rr\u0131n hikmetini ye\u015fertip anlamland\u0131rd\u0131.Denir ki, Mevlana \u015funu vasiyet etmi\u015ftir: \u201d\u0130nsanlar\u0131n en hay\u0131rl\u0131s\u0131, insanlara yarar\u0131 oland\u0131r. S\u00f6z\u00fcn en hay\u0131rl\u0131s\u0131, az ve anla\u015f\u0131l\u0131r oland\u0131r.\u201d Gize do\u011fru yolculuk ba\u015flam\u0131\u015ft\u0131r.Denir ki, Hayyam\u2019\u0131n Hasan Sabbah\u2019a s\u00f6yledi\u011fi; \u201cbu insanlar cennet i\u00e7in ya\u015f\u0131yorlar, ancak onlara bir cennet verebilirsen onlar\u0131 y\u00f6netirsin\u201d s\u00f6z\u00fc, Hasan Sabbah\u2019\u0131n hayat\u0131n\u0131n s\u00f6z\u00fc olmu\u015ftur. Bu s\u00f6z s\u00f6ylenmi\u015f midir, Hasan Sabbah\u2019\u0131n hayat\u0131 de\u011fi\u015fmi\u015f midir bilinmez. Bilinen, gizin i\u00e7ine girilmi\u015f olma halidir.Denir ki H\u00e2f\u0131z b\u00fcy\u00fck bir anlat\u0131c\u0131d\u0131r. Haf\u0131z neyi anlat\u0131r peki? Tanr\u0131sal bir konumda, insan\u0131n ve dilin, dilin d\u0131\u015f\u0131ndakinin ona y\u00fcklenmesinin \u00f6yk\u00fcs\u00fcn\u00fc anlat\u0131r. Gizde kaybolman\u0131n perdesi \u00e7ekilmi\u015ftir.Haf\u0131z, Hayyam ve Mevlana yan yana gelince gazeller a\u015fk\u0131n hikmetine perde kurar ve o perde y\u00fcrekte s\u00f6z olur, s\u00f6z hi\u00e7li\u011fe yelken a\u00e7ar ve s\u0131rlar giz olur. Ha\u015fim H\u00fcsrev\u015fahi\u2019nin sade ve anlaml\u0131 \u00e7evirisi ile hikmet bah\u00e7esinin g\u00fclleri b\u00fclb\u00fcle kap\u0131lar\u0131n\u0131 a\u00e7ar; b\u00fclb\u00fcl inlerken, bah\u00e7e a\u015fk mevsimine dem der ve Haf\u0131z ve Hayyam ve Mevlana girer i\u00e7eri.<\/p>\n","protected":false},"excerpt":{"rendered":"<p>\u0130\u00e7lerinde b\u00fcy\u00fctt\u00fckleri s\u0131rlar\u0131 anlayan olmad\u0131. Onlar\u0131n s\u0131rlar\u0131 g\u00f6zya\u015flar\u0131ndan topra\u011fa d\u00fc\u015ft\u00fc ve ya\u015flar s\u0131rr\u0131n hikmetini ye\u015fertip anlamland\u0131rd\u0131.Denir ki, Mevlana \u015funu vasiyet etmi\u015ftir: \u201d\u0130nsanlar\u0131n en hay\u0131rl\u0131s\u0131, insanlara yarar\u0131<span class=\"excerpt-hellip\"> [\u2026]<\/span><\/p>\n","protected":false},"featured_media":0,"template":"","meta":{"_monsterinsights_skip_tracking":false,"_monsterinsights_sitenote_active":false,"_monsterinsights_sitenote_note":"","_monsterinsights_sitenote_category":0},"product_brand":[],"product_cat":[12718,12719,12720],"product_tag":[],"class_list":{"0":"post-744485","1":"product","2":"type-product","3":"status-publish","5":"product_cat-din","6":"product_cat-islam","7":"product_cat-tasavvuf-mezhepler-tarikatlar","8":"pa_cilt-ciltsiz","9":"pa_tur-kitap","10":"pa_yayinevi-totem-yayinlari","11":"pa_yazar-kolektif","13":"first","14":"instock","15":"sale","16":"shipping-taxable","17":"purchasable","18":"product-type-simple"},"_links":{"self":[{"href":"https:\/\/roveyayinevi.com.tr\/index.php\/wp-json\/wp\/v2\/product\/744485","targetHints":{"allow":["GET"]}}],"collection":[{"href":"https:\/\/roveyayinevi.com.tr\/index.php\/wp-json\/wp\/v2\/product"}],"about":[{"href":"https:\/\/roveyayinevi.com.tr\/index.php\/wp-json\/wp\/v2\/types\/product"}],"wp:attachment":[{"href":"https:\/\/roveyayinevi.com.tr\/index.php\/wp-json\/wp\/v2\/media?parent=744485"}],"wp:term":[{"taxonomy":"product_brand","embeddable":true,"href":"https:\/\/roveyayinevi.com.tr\/index.php\/wp-json\/wp\/v2\/product_brand?post=744485"},{"taxonomy":"product_cat","embeddable":true,"href":"https:\/\/roveyayinevi.com.tr\/index.php\/wp-json\/wp\/v2\/product_cat?post=744485"},{"taxonomy":"product_tag","embeddable":true,"href":"https:\/\/roveyayinevi.com.tr\/index.php\/wp-json\/wp\/v2\/product_tag?post=744485"}],"curies":[{"name":"wp","href":"https:\/\/api.w.org\/{rel}","templated":true}]}}