{"id":744484,"date":"2025-08-28T01:58:00","date_gmt":"2025-08-27T22:58:00","guid":{"rendered":"https:\/\/roveyayinevi.com.tr\/index.php\/urun\/seni-unutmayi-ogret-bana\/"},"modified":"2026-04-16T02:56:32","modified_gmt":"2026-04-15T23:56:32","slug":"seni-unutmayi-ogret-bana","status":"publish","type":"product","link":"https:\/\/roveyayinevi.com.tr\/index.php\/urun\/seni-unutmayi-ogret-bana\/","title":{"rendered":"Seni Unutmay\u0131 \u00d6\u011fret Bana"},"content":{"rendered":"<p>s\u0131ra tabutlar ortas\u0131nda beni parkan\u0131n hangi cebinde ta\u015f\u0131d\u0131\u011f\u0131n\u0131 unutma yeter! yana\u011f\u0131m\u0131 tepinen cehennemine yaslam\u0131\u015f\u0131m s\u0131ra tabutlar \u00f6yku\u0308su\u0308 sevgilim\u2026 da\u011f ete\u011finden s\u0131\u00e7rayan kaya par\u00e7alar\u0131 \u00e7arpar ac\u0131lar\u0131ma kulaklar\u0131m \u00e7\u0131ld\u0131rm\u0131\u015f patlamalar ortas\u0131nda sesini tan\u0131r toprak, barut ve kan kokular\u0131ndan ge\u00e7er de gelir kokular\u0131nYusuf\u2019un k\u00f6r kuyular\u0131nda beklemem hep may\u0131s aylar\u0131ms\u0131n kavruk yu\u0308zu\u0308nle gelincik su\u0308ru\u0308su\u0308 di\u015finle yana\u011f\u0131n aras\u0131nda tu\u0308tu\u0308n ac\u0131 emiyorsun beni b\u0131rak beni unuttu\u011fun cebinden ge\u00e7sin kur\u015fun s\u0131ra tabutlar ortas\u0131nda yan\u0131nda yatar\u0131m sevgilim!<\/p>\n","protected":false},"excerpt":{"rendered":"<p>s\u0131ra tabutlar ortas\u0131nda beni parkan\u0131n hangi cebinde ta\u015f\u0131d\u0131\u011f\u0131n\u0131 unutma yeter! yana\u011f\u0131m\u0131 tepinen cehennemine yaslam\u0131\u015f\u0131m s\u0131ra tabutlar \u00f6yku\u0308su\u0308 sevgilim\u2026 da\u011f ete\u011finden s\u0131\u00e7rayan kaya par\u00e7alar\u0131 \u00e7arpar ac\u0131lar\u0131ma kulaklar\u0131m<span class=\"excerpt-hellip\"> [\u2026]<\/span><\/p>\n","protected":false},"featured_media":0,"template":"","meta":{"_monsterinsights_skip_tracking":false,"_monsterinsights_sitenote_active":false,"_monsterinsights_sitenote_note":"","_monsterinsights_sitenote_category":0},"product_brand":[],"product_cat":[12291,12509],"product_tag":[],"class_list":{"0":"post-744484","1":"product","2":"type-product","3":"status-publish","5":"product_cat-edebiyat","6":"product_cat-siir","7":"pa_cilt-ciltsiz","8":"pa_tur-kitap","9":"pa_yayinevi-totem-yayinlari","10":"pa_yazar-hasim-husrevsahi","12":"first","13":"instock","14":"sale","15":"shipping-taxable","16":"purchasable","17":"product-type-simple"},"_links":{"self":[{"href":"https:\/\/roveyayinevi.com.tr\/index.php\/wp-json\/wp\/v2\/product\/744484","targetHints":{"allow":["GET"]}}],"collection":[{"href":"https:\/\/roveyayinevi.com.tr\/index.php\/wp-json\/wp\/v2\/product"}],"about":[{"href":"https:\/\/roveyayinevi.com.tr\/index.php\/wp-json\/wp\/v2\/types\/product"}],"wp:attachment":[{"href":"https:\/\/roveyayinevi.com.tr\/index.php\/wp-json\/wp\/v2\/media?parent=744484"}],"wp:term":[{"taxonomy":"product_brand","embeddable":true,"href":"https:\/\/roveyayinevi.com.tr\/index.php\/wp-json\/wp\/v2\/product_brand?post=744484"},{"taxonomy":"product_cat","embeddable":true,"href":"https:\/\/roveyayinevi.com.tr\/index.php\/wp-json\/wp\/v2\/product_cat?post=744484"},{"taxonomy":"product_tag","embeddable":true,"href":"https:\/\/roveyayinevi.com.tr\/index.php\/wp-json\/wp\/v2\/product_tag?post=744484"}],"curies":[{"name":"wp","href":"https:\/\/api.w.org\/{rel}","templated":true}]}}