{"id":744483,"date":"2025-08-28T01:57:59","date_gmt":"2025-08-27T22:57:59","guid":{"rendered":"https:\/\/roveyayinevi.com.tr\/index.php\/urun\/bir-avuc-sair-bir-avuc-siir-bir-avuc-siir-grubu-4\/"},"modified":"2026-04-16T02:56:32","modified_gmt":"2026-04-15T23:56:32","slug":"bir-avuc-sair-bir-avuc-siir-bir-avuc-siir-grubu-4","status":"publish","type":"product","link":"https:\/\/roveyayinevi.com.tr\/index.php\/urun\/bir-avuc-sair-bir-avuc-siir-bir-avuc-siir-grubu-4\/","title":{"rendered":"Bir Avu\u00e7 \u015eair Bir Avu\u00e7 \u015eiir Bir Avu\u00e7 \u015eiir Grubu &#8211; 4 &#8211;"},"content":{"rendered":"<p>Merhaba de\u011ferli grup arkada\u015flar\u0131m, merhaba sevgili okurlar\u0131m\u0131z, Kurucusu oldu\u011fum grubumuzun bu d\u00f6rd\u00fcnc\u00fc Antoloji \u00e7al\u0131\u015fmas\u0131. Daha \u00f6nce ki \u00fc\u00e7 \u00e7al\u0131\u015fmam\u0131z\u0131 20 \u015fer ki\u015filik gruplar halinde yapm\u0131\u015ft\u0131k. Bu kez say\u0131m\u0131z\u0131 25 &#8216;e \u00e7\u0131kard\u0131k. B\u00fct\u00fcn kitaplar\u0131m\u0131z\u0131 ortalama bir ayl\u0131k s\u00fcre zarf\u0131nda \u00e7\u0131kard\u0131k. Yeni kitab\u0131m\u0131z\u0131 da ayn\u0131 s\u00fcrede \u00e7\u0131kar\u0131p, edebiyat d\u00fcnyas\u0131na arma\u011fan etmeyi hedeflemi\u015ftik. Aln\u0131m\u0131z\u0131n ak\u0131yla bu hedefimize ula\u015ft\u0131k. Takdir edersiniz ki 25 farkl\u0131 insan\u0131 bir araya getirip, ortak bir \u00e7al\u0131\u015fmada bulu\u015fturmak hi\u00e7te kolay de\u011fil. 25 farkl\u0131 insan, 25 farkl\u0131 d\u00fc\u015f\u00fcnce. T\u00fcm sanat\u00e7\u0131lar\u0131m\u0131za ayn\u0131 mesafede durarak onlar\u0131n duygular\u0131n\u0131 kitapla\u015ft\u0131rd\u0131k. Bu kitap, baz\u0131 \u015fairlerimizin ilk g\u00f6z a\u011fr\u0131s\u0131, ilk eseri olabilir. As\u0131l hedefimizde buydu zaten. \u0130lkleri ba\u015farmak. De\u011ferli arkada\u015flar\u0131m, yar\u0131nlara b\u0131rakaca\u011f\u0131m\u0131z bir \u015feylerimiz olsun istiyorsak, en de\u011ferlisini b\u0131rakt\u0131\u011f\u0131m\u0131zdan emin olman\u0131z\u0131 istiyorum. Bize, inanarak yola \u00e7\u0131kan b\u00fct\u00fcn kalemda\u015flar\u0131m\u0131za grubum ad\u0131na \u015f\u00fckranlar\u0131m\u0131 sunuyorum.  Bilindi\u011fi gibi her eserin arkas\u0131nda \u00e7ok say\u0131da mimar vard\u0131r. Ama ba\u015f mimar tektir. Grubumuzun ba\u015f mimar\u0131 olan Y\u00f6neticimiz Say\u0131n AL\u0130 TURGUT arkada\u015f\u0131ma gerek gruba katt\u0131\u011f\u0131 de\u011fer gerekse kitab\u0131n her a\u015famas\u0131na koydu\u011fu e\u015fsiz katk\u0131dan dolay\u0131 sonsuz te\u015fekk\u00fcrlerimi sunuyorum. Elbette ki bu s\u00fcre\u00e7te \u00e7al\u0131\u015fmalara katk\u0131 sunan di\u011fer y\u00f6neticilerimize te\u015fekk\u00fcrlerimiz bakidir. Kitab\u0131n raflardaki yerini almas\u0131nda eme\u011fi ge\u00e7en G\u00dcLNAR YAYINLARI y\u00f6netici ve emek\u00e7ilerine te\u015fekk\u00fcrlerimizi sunuyoruz. B\u0130R AVU\u00c7 \u015e\u0130\u0130R GRUBU Y\u00d6NET\u0130M\u0130 ADINA MEHMET EM\u0130N TURGUT <\/p>\n","protected":false},"excerpt":{"rendered":"<p>Merhaba de\u011ferli grup arkada\u015flar\u0131m, merhaba sevgili okurlar\u0131m\u0131z, Kurucusu oldu\u011fum grubumuzun bu d\u00f6rd\u00fcnc\u00fc Antoloji \u00e7al\u0131\u015fmas\u0131. Daha \u00f6nce ki \u00fc\u00e7 \u00e7al\u0131\u015fmam\u0131z\u0131 20 \u015fer ki\u015filik gruplar halinde yapm\u0131\u015ft\u0131k. Bu<span class=\"excerpt-hellip\"> [\u2026]<\/span><\/p>\n","protected":false},"featured_media":0,"template":"","meta":{"_monsterinsights_skip_tracking":false,"_monsterinsights_sitenote_active":false,"_monsterinsights_sitenote_note":"","_monsterinsights_sitenote_category":0},"product_brand":[],"product_cat":[12291,12509],"product_tag":[],"class_list":{"0":"post-744483","1":"product","2":"type-product","3":"status-publish","5":"product_cat-edebiyat","6":"product_cat-siir","7":"pa_cilt-ciltsiz","8":"pa_tur-kitap","9":"pa_yayinevi-gulnar-yayinlari","10":"pa_yazar-kolektif","12":"first","13":"instock","14":"sale","15":"shipping-taxable","16":"purchasable","17":"product-type-simple"},"_links":{"self":[{"href":"https:\/\/roveyayinevi.com.tr\/index.php\/wp-json\/wp\/v2\/product\/744483","targetHints":{"allow":["GET"]}}],"collection":[{"href":"https:\/\/roveyayinevi.com.tr\/index.php\/wp-json\/wp\/v2\/product"}],"about":[{"href":"https:\/\/roveyayinevi.com.tr\/index.php\/wp-json\/wp\/v2\/types\/product"}],"wp:attachment":[{"href":"https:\/\/roveyayinevi.com.tr\/index.php\/wp-json\/wp\/v2\/media?parent=744483"}],"wp:term":[{"taxonomy":"product_brand","embeddable":true,"href":"https:\/\/roveyayinevi.com.tr\/index.php\/wp-json\/wp\/v2\/product_brand?post=744483"},{"taxonomy":"product_cat","embeddable":true,"href":"https:\/\/roveyayinevi.com.tr\/index.php\/wp-json\/wp\/v2\/product_cat?post=744483"},{"taxonomy":"product_tag","embeddable":true,"href":"https:\/\/roveyayinevi.com.tr\/index.php\/wp-json\/wp\/v2\/product_tag?post=744483"}],"curies":[{"name":"wp","href":"https:\/\/api.w.org\/{rel}","templated":true}]}}