{"id":744482,"date":"2025-08-28T01:57:57","date_gmt":"2025-08-27T22:57:57","guid":{"rendered":"https:\/\/roveyayinevi.com.tr\/index.php\/urun\/bagisla\/"},"modified":"2026-04-03T03:00:05","modified_gmt":"2026-04-03T00:00:05","slug":"bagisla","status":"publish","type":"product","link":"https:\/\/roveyayinevi.com.tr\/index.php\/urun\/bagisla\/","title":{"rendered":"Ba\u011f\u0131\u015fla"},"content":{"rendered":"<p>A\u011flar g\u00f6zl\u00fcm, bax\u0131\u015flar\u0131n q\u0259m dolu, D\u0259rdin n\u0259ydi bil\u0259nm\u0259dim, ba\u011f\u0131\u015fla. \u00d6mr\u00fcm boyu h\u0259sr\u0259tin\u0259 can dedim, Bir d\u0259rdini b\u00f6l\u0259nm\u0259dim, ba\u011f\u0131\u015fla.   H\u0259 can dedi, n\u0259 haqq\u0131m\u0131 haqlad\u0131, N\u0259 \u00f6ld\u00fcrd\u00fc, n\u0259 yaram\u0131 ba\u011flad\u0131. G\u00f6yl\u0259r m\u0259nim g\u00f6zl\u0259rim\u0259 a\u011flad\u0131, G\u00f6z ya\u015f\u0131n\u0131 sil\u0259nm\u0259dim, ba\u011f\u0131\u015fla.   H\u0259m solumda, h\u0259m sa\u011f\u0131mda g\u00fcl\u00fc\u015fl\u0259r, Da\u011f-da\u011f oldu q\u0259m da\u011f\u0131mda g\u00fcl\u00fc\u015fl\u0259r, \u00c7ilikl\u0259ndi doda\u011f\u0131mda g\u00fcl\u00fc\u015fl\u0259r, G\u00fcl \u00fcz\u00fcn\u0259 g\u00fcl\u0259nm\u0259dim, ba\u011f\u0131\u015fla.   Ocaq \u00e7atd\u0131m, k\u00fcl yeridi \u00fcst\u00fcmd\u0259n, Oba k\u00f6\u00e7d\u00fc, el yeridi \u00fcst\u00fcmd\u0259n, Tufan qopdu, sel yeridi \u00fcst\u00fcmd\u0259n, Haray\u0131na g\u0259l\u0259nm\u0259dim, ba\u011f\u0131\u015fla.   Bax s\u0259simi laylalara k\u00f6\u00e7\u00fcrd\u00fcm, Haqq s\u0259sini laylalara k\u00f6\u00e7\u00fcrd\u00fcm. N\u0259f\u0259simi laylalara k\u00f6\u00e7\u00fcrd\u00fcm, Torpa\u011f\u0131na  b\u0259l\u0259nm\u0259dim ba\u011f\u0131\u015fla.   D\u00f6nd\u00fc k\u00f6nl\u00fcm q\u0259m qusuna doland\u0131m, Torpa\u011f\u0131na m\u0259n da\u015f\u0131na doland\u0131m. H\u0259sr\u0259tinin m\u0259n ba\u015f\u0131na doland\u0131m, Aya\u011f\u0131nda \u00f6l\u0259nm\u0259dim, ba\u011f\u0131\u015fla.   N\u0259 qaranl\u0131g bir \u00f6m\u00fcre yan dedim S\u00f6k\u00fcls\u0259ydi g\u00f6y \u00fcz\u00fcnd\u0259 dan dedim. \u00d6mr\u00fcm boyu h\u0259sr\u0259tin\u0259 can dedim, Bir d\u0259rdini b\u00f6l\u0259nm\u0259dim, ba\u011f\u0131\u015fla. <\/p>\n","protected":false},"excerpt":{"rendered":"<p>A\u011flar g\u00f6zl\u00fcm, bax\u0131\u015flar\u0131n q\u0259m dolu, D\u0259rdin n\u0259ydi bil\u0259nm\u0259dim, ba\u011f\u0131\u015fla. \u00d6mr\u00fcm boyu h\u0259sr\u0259tin\u0259 can dedim, Bir d\u0259rdini b\u00f6l\u0259nm\u0259dim, ba\u011f\u0131\u015fla. H\u0259 can dedi, n\u0259 haqq\u0131m\u0131 haqlad\u0131, N\u0259 \u00f6ld\u00fcrd\u00fc,<span class=\"excerpt-hellip\"> [\u2026]<\/span><\/p>\n","protected":false},"featured_media":0,"template":"","meta":{"_monsterinsights_skip_tracking":false,"_monsterinsights_sitenote_active":false,"_monsterinsights_sitenote_note":"","_monsterinsights_sitenote_category":0},"product_brand":[],"product_cat":[12291,12509],"product_tag":[],"class_list":{"0":"post-744482","1":"product","2":"type-product","3":"status-publish","5":"product_cat-edebiyat","6":"product_cat-siir","7":"pa_cilt-ciltsiz","8":"pa_tur-kitap","9":"pa_yayinevi-gulnar-yayinlari","10":"pa_yazar-gulaye","12":"first","13":"instock","14":"sale","15":"shipping-taxable","16":"purchasable","17":"product-type-simple"},"_links":{"self":[{"href":"https:\/\/roveyayinevi.com.tr\/index.php\/wp-json\/wp\/v2\/product\/744482","targetHints":{"allow":["GET"]}}],"collection":[{"href":"https:\/\/roveyayinevi.com.tr\/index.php\/wp-json\/wp\/v2\/product"}],"about":[{"href":"https:\/\/roveyayinevi.com.tr\/index.php\/wp-json\/wp\/v2\/types\/product"}],"wp:attachment":[{"href":"https:\/\/roveyayinevi.com.tr\/index.php\/wp-json\/wp\/v2\/media?parent=744482"}],"wp:term":[{"taxonomy":"product_brand","embeddable":true,"href":"https:\/\/roveyayinevi.com.tr\/index.php\/wp-json\/wp\/v2\/product_brand?post=744482"},{"taxonomy":"product_cat","embeddable":true,"href":"https:\/\/roveyayinevi.com.tr\/index.php\/wp-json\/wp\/v2\/product_cat?post=744482"},{"taxonomy":"product_tag","embeddable":true,"href":"https:\/\/roveyayinevi.com.tr\/index.php\/wp-json\/wp\/v2\/product_tag?post=744482"}],"curies":[{"name":"wp","href":"https:\/\/api.w.org\/{rel}","templated":true}]}}