{"id":744481,"date":"2025-08-28T01:57:56","date_gmt":"2025-08-27T22:57:56","guid":{"rendered":"https:\/\/roveyayinevi.com.tr\/index.php\/urun\/bes-carpi-bes-dusunmek\/"},"modified":"2026-04-16T02:56:32","modified_gmt":"2026-04-15T23:56:32","slug":"bes-carpi-bes-dusunmek","status":"publish","type":"product","link":"https:\/\/roveyayinevi.com.tr\/index.php\/urun\/bes-carpi-bes-dusunmek\/","title":{"rendered":"Be\u015f \u00c7arp\u0131 Be\u015f D\u00fc\u015f\u00fcnmek"},"content":{"rendered":"<p>Bu kitapta be\u015f vakit, yani \u201csabah, \u00f6\u011fle, ikindi, ak\u015fam ve yats\u0131 d\u00fc\u015f\u00fcnceleri\u201d ad\u0131 alt\u0131nda tam be\u015f b\u00f6l\u00fcm halinde ve her b\u00f6l\u00fcmde 100 ba\u015fl\u0131kta fikir, d\u00fc\u015f\u00fcnce ve g\u00f6r\u00fc\u015f a\u00e7\u0131klad\u0131k. Sonu\u00e7 b\u00f6l\u00fcm\u00fcnde 1 ba\u015fl\u0131k daha var. Orada da 5 d\u00fc\u015f\u00fcnce mevcut. Buna g\u00f6re ceman 505 d\u00fc\u015f\u00fcncemi, 505 ba\u015fl\u0131ktaki fikirlerimi, bazen nesir (d\u00fcz yaz\u0131), bazen de naz\u0131m (\u015fiir) \u015feklinde okuyacaks\u0131n\u0131z. Be\u015f vakit dedi\u011fimizde elbette anla\u015f\u0131lm\u0131\u015ft\u0131r ki namaz vakitleridir. Bu vakitler namaz vakti oldu\u011fu kadar d\u00fc\u015f\u00fcnmek vaktidir de. Her namaz esnas\u0131nda M\u00fcsl\u00fcman tefekk\u00fcr ve bilin\u00e7 halindedir. Buna g\u00f6re her namaz esas\u0131nda tefekk\u00fcr vaktidir de. Bu kitapta \u00e7o\u011funlukla nesir, biraz da \u015fiir \u015feklinde fikir, g\u00f6r\u00fc\u015f ve d\u00fc\u015f\u00fcnce payla\u015fmaktaki maksad\u0131m\u0131z, elbette ki sizleri tefekk\u00fcre \u00e7a\u011f\u0131rmakt\u0131r. Bu \u00e7a\u011f\u0131r\u0131yla beraber maksad\u0131m, sizin de fikir, g\u00f6r\u00fc\u015f ve d\u00fc\u015f\u00fcnceleriniz ile kendi fikir, g\u00f6r\u00fc\u015f ve d\u00fc\u015f\u00fcncelerimi kar\u015f\u0131la\u015ft\u0131rarak, gerekirse \u00e7at\u0131\u015ft\u0131rarak yeni fikir, g\u00f6r\u00fc\u015f ve d\u00fc\u015f\u00fcncelere ula\u015fmak, hakikat k\u0131v\u0131lc\u0131mlar\u0131n\u0131 zihinlere yaymak suretiyle ayd\u0131nl\u0131k meydana getirmektir. \u201cZihinler ayd\u0131nl\u0131k olursa D\u00fcnya da ayd\u0131nl\u0131k olur.\u201d Karanl\u0131k, g\u00fcne\u015fin ve \u0131\u015f\u0131\u011f\u0131n olmamas\u0131 halidir. Zihinlerdeki karanl\u0131k hayattaki karanl\u0131ktan daha tehlikelidir. O da zihinlerde ayd\u0131nl\u0131k fikirlerin, g\u00fczel g\u00f6r\u00fc\u015flerin ve faydal\u0131 d\u00fc\u015f\u00fcncelerin olmamas\u0131 halidir. Bu durum insanl\u0131k i\u00e7in felaket meydana getirir. \u00dcnl\u00fc Filozof Sokrates, k\u00f6t\u00fcl\u00fck yapanlar i\u00e7in \u015fu m\u00fc\u015fahedesini ve tespitini beyan eder: \u201cBilmi\u015f olsayd\u0131 yapmazd\u0131.\u201d Burada bilmek yani bilmi\u015f olmak, elbette ki, kitabi ve zihne doldurulan bilgi y\u0131\u011f\u0131nlar\u0131 de\u011fildir. Bu s\u00f6zde beyan edilen \u201cbilmi\u015f olmak\u201d, \u201ckendini bilmek ve \u015fuur sahibi olmakt\u0131r. Biz de bu kitapta, \u00dcstad\u0131m\u0131z Filozof Sokrates gibi d\u00fc\u015f\u00fcnerek, yanl\u0131\u015f yapanlar ve k\u00f6t\u00fcl\u00fck \u00fczere bulunanlar i\u00e7in \u201czihinleri ayd\u0131nlanm\u0131\u015f olsayd\u0131, idrakleri geli\u015ftirilmi\u015f olsayd\u0131 yanl\u0131\u015f yapmazlard\u0131 ve k\u00f6t\u00fcl\u00fck \u00fczere de\u011fil, iyilik ve do\u011fruluk \u00fczere olurlard\u0131\u201d \u015feklindeki bir d\u00fc\u015f\u00fcnceyi esas al\u0131yoruz. Bu esas \u00fczerine okuyucular\u0131m\u0131zla birlikte bilin\u00e7 ve kendini bilmek yolculu\u011funa \u00e7\u0131k\u0131yoruz. Sokrates\u2019in bu bak\u0131\u015f a\u00e7\u0131s\u0131 zaten bizim bak\u0131\u015f a\u00e7\u0131m\u0131zd\u0131r. \u201c\u0130lim, ilim bilmektir, ilim kendin bilmektir. Sen kendini bilmezsen bo\u015f yere okumakt\u0131r\u201d \u015feklinde \u00f6zetlenen g\u00f6r\u00fc\u015f, Pirimiz Yunus Emre\u2019nin \u015fiirlerinde de mevcuttur. Evet, maksad\u0131m\u0131z\u0131 sunu\u015f k\u0131sm\u0131nda b\u00f6ylece k\u0131saca a\u00e7\u0131klad\u0131k. Toplumun b\u00fcy\u00fck \u00e7o\u011funlu\u011fu katlar\u0131, yatlar\u0131, paray\u0131-pulu, \u201cd\u00f6rt \u00e7arp\u0131 d\u00f6rt l\u00fcks arabalar\u0131 d\u00fc\u015f\u00fcnd\u00fc\u011f\u00fc\u201d bir ahvalde, biz \u201cbe\u015f \u00e7arp\u0131 be\u015f d\u00fc\u015f\u00fcnmek\u201d diyerek maneviyata, ahlaka, adalete, do\u011frulu\u011fa ve iyili\u011fe dikkat \u00e7ektik ve hep bunlar\u0131 d\u00fc\u015f\u00fcnd\u00fck, elhamd\u00fclillah. Her daim d\u00fc\u015f\u00fcnd\u00fck ve her daim yazd\u0131k. Neredeyse 20 y\u0131ld\u0131r yaz\u0131p da bir kenarda biriktirdi\u011fim fikirlerimi bir b\u00fct\u00fcn halinde sizlere bu kitapta sunmaktan mutluluk duyuyorum. \u0130n\u015fallah faydal\u0131 olur. Haydi hay\u0131rl\u0131s\u0131. Bu kitab\u0131m\u0131 okuyan, d\u00fc\u015f\u00fcnen ve ara\u015ft\u0131ran ayd\u0131nl\u0131k fikirli t\u00fcm insanlara arma\u011fan ediyorum. <\/p>\n","protected":false},"excerpt":{"rendered":"<p>Bu kitapta be\u015f vakit, yani \u201csabah, \u00f6\u011fle, ikindi, ak\u015fam ve yats\u0131 d\u00fc\u015f\u00fcnceleri\u201d ad\u0131 alt\u0131nda tam be\u015f b\u00f6l\u00fcm halinde ve her b\u00f6l\u00fcmde 100 ba\u015fl\u0131kta fikir, d\u00fc\u015f\u00fcnce ve<span class=\"excerpt-hellip\"> [\u2026]<\/span><\/p>\n","protected":false},"featured_media":0,"template":"","meta":{"_monsterinsights_skip_tracking":false,"_monsterinsights_sitenote_active":false,"_monsterinsights_sitenote_note":"","_monsterinsights_sitenote_category":0},"product_brand":[],"product_cat":[12777,12291],"product_tag":[],"class_list":{"0":"post-744481","1":"product","2":"type-product","3":"status-publish","5":"product_cat-deneme","6":"product_cat-edebiyat","7":"pa_cilt-ciltsiz","8":"pa_tur-kitap","9":"pa_yayinevi-gulnar-yayinlari","10":"pa_yazar-ahmet-sandal","12":"first","13":"instock","14":"sale","15":"shipping-taxable","16":"purchasable","17":"product-type-simple"},"_links":{"self":[{"href":"https:\/\/roveyayinevi.com.tr\/index.php\/wp-json\/wp\/v2\/product\/744481","targetHints":{"allow":["GET"]}}],"collection":[{"href":"https:\/\/roveyayinevi.com.tr\/index.php\/wp-json\/wp\/v2\/product"}],"about":[{"href":"https:\/\/roveyayinevi.com.tr\/index.php\/wp-json\/wp\/v2\/types\/product"}],"wp:attachment":[{"href":"https:\/\/roveyayinevi.com.tr\/index.php\/wp-json\/wp\/v2\/media?parent=744481"}],"wp:term":[{"taxonomy":"product_brand","embeddable":true,"href":"https:\/\/roveyayinevi.com.tr\/index.php\/wp-json\/wp\/v2\/product_brand?post=744481"},{"taxonomy":"product_cat","embeddable":true,"href":"https:\/\/roveyayinevi.com.tr\/index.php\/wp-json\/wp\/v2\/product_cat?post=744481"},{"taxonomy":"product_tag","embeddable":true,"href":"https:\/\/roveyayinevi.com.tr\/index.php\/wp-json\/wp\/v2\/product_tag?post=744481"}],"curies":[{"name":"wp","href":"https:\/\/api.w.org\/{rel}","templated":true}]}}