{"id":744479,"date":"2025-08-28T01:57:53","date_gmt":"2025-08-27T22:57:53","guid":{"rendered":"https:\/\/roveyayinevi.com.tr\/index.php\/urun\/savasta-ve-barista-buyuk-stratejiler\/"},"modified":"2026-04-16T02:56:32","modified_gmt":"2026-04-15T23:56:32","slug":"savasta-ve-barista-buyuk-stratejiler","status":"publish","type":"product","link":"https:\/\/roveyayinevi.com.tr\/index.php\/urun\/savasta-ve-barista-buyuk-stratejiler\/","title":{"rendered":"Sava\u015fta ve Bar\u0131\u015fta B\u00fcy\u00fck Stratejiler"},"content":{"rendered":"<p>Diplomatlar, siyaset bilimciler, devlet y\u00f6neticileri ve siyaset\u00e7iler, gazeteciler ve ilgili herkes i\u00e7in kaynak kitap. P. Kennedy&#8217;nin edit\u00f6rl\u00fc\u011f\u00fcn\u00fc yapt\u0131\u011f\u0131 elinizdeki kitapta, kendi alan\u0131nda \u00f6nde gelen otoriteler, uzun erimli \u00e7\u0131karlar\u0131n\u0131 korumak i\u00e7in sava\u015f ve bar\u0131\u015f zamanlar\u0131nda siyasi, ekonomik ve askeri hedefleri nas\u0131l birle\u015ftirmeye \u00e7al\u0131\u015ft\u0131klar\u0131n\u0131 tart\u0131\u015f\u0131yorlar. Kitap, Avrupa b\u00fcy\u00fck stratejilerinin klasik \u00f6rneklerini \u00e7\u00f6z\u00fcml\u00fcyor ve g\u00fcn\u00fcm\u00fcz\u00fcn b\u00fcy\u00fck sava\u015f alan\u0131 operasyonlar\u0131ndan ulusal kaynaklar\u0131n y\u00f6netimi konusuna, diplomasinin ya\u015famsal rol\u00fc, halk\u0131n sava\u015f zaman\u0131nda sava\u015f\u0131n y\u00fck\u00fcn\u00fc, bar\u0131\u015f zaman\u0131nda savunma maliyetlerini ta\u015f\u0131ma iste\u011fi konular\u0131na do\u011fru nas\u0131l geni\u015fledi\u011fini anlat\u0131yor. 1. ve 2. D\u00fcnya Sava\u015flar\u0131nda \u0130ngiliz b\u00fcy\u00fck startejileri ile, Roma \u0130mparatorlu\u011fu&#8217;nun \u0130mparatorluk \u0130spanyas\u0131&#8217;n\u0131n, Almanya, Fransa ve Sovyetler Birli\u011fi&#8217;nin b\u00fcy\u00fck stratejileri de kitab\u0131n konusunu olu\u015fturuyor. Diplomatlar, siyaset bilimciler, devlet y\u00f6neticileri ve siyaset\u00e7iler, gazeteciler ve bu konulara ilgi duyan herkes i\u00e7in kaynak bir kitap &#8220;Sava\u015fta ve Bar\u0131\u015fta B\u00fcy\u00fck Stratejiler&#8221;<\/p>\n","protected":false},"excerpt":{"rendered":"<p>Diplomatlar, siyaset bilimciler, devlet y\u00f6neticileri ve siyaset\u00e7iler, gazeteciler ve ilgili herkes i\u00e7in kaynak kitap. P. Kennedy&#8217;nin edit\u00f6rl\u00fc\u011f\u00fcn\u00fc yapt\u0131\u011f\u0131 elinizdeki kitapta, kendi alan\u0131nda \u00f6nde gelen otoriteler, uzun<span class=\"excerpt-hellip\"> [\u2026]<\/span><\/p>\n","protected":false},"featured_media":0,"template":"","meta":{"_monsterinsights_skip_tracking":false,"_monsterinsights_sitenote_active":false,"_monsterinsights_sitenote_note":"","_monsterinsights_sitenote_category":0},"product_brand":[],"product_cat":[13590,12337],"product_tag":[],"class_list":{"0":"post-744479","1":"product","2":"type-product","3":"status-publish","5":"product_cat-arastirma-inceleme-politika-siyaset","6":"product_cat-politika-siyaset","7":"pa_cilt-ciltsiz","8":"pa_tur-kitap","9":"pa_yayinevi-totem-yayinlari","10":"pa_yazar-paul-kennedy","12":"first","13":"instock","14":"sale","15":"shipping-taxable","16":"purchasable","17":"product-type-simple"},"_links":{"self":[{"href":"https:\/\/roveyayinevi.com.tr\/index.php\/wp-json\/wp\/v2\/product\/744479","targetHints":{"allow":["GET"]}}],"collection":[{"href":"https:\/\/roveyayinevi.com.tr\/index.php\/wp-json\/wp\/v2\/product"}],"about":[{"href":"https:\/\/roveyayinevi.com.tr\/index.php\/wp-json\/wp\/v2\/types\/product"}],"wp:attachment":[{"href":"https:\/\/roveyayinevi.com.tr\/index.php\/wp-json\/wp\/v2\/media?parent=744479"}],"wp:term":[{"taxonomy":"product_brand","embeddable":true,"href":"https:\/\/roveyayinevi.com.tr\/index.php\/wp-json\/wp\/v2\/product_brand?post=744479"},{"taxonomy":"product_cat","embeddable":true,"href":"https:\/\/roveyayinevi.com.tr\/index.php\/wp-json\/wp\/v2\/product_cat?post=744479"},{"taxonomy":"product_tag","embeddable":true,"href":"https:\/\/roveyayinevi.com.tr\/index.php\/wp-json\/wp\/v2\/product_tag?post=744479"}],"curies":[{"name":"wp","href":"https:\/\/api.w.org\/{rel}","templated":true}]}}