{"id":744478,"date":"2025-08-28T01:57:52","date_gmt":"2025-08-27T22:57:52","guid":{"rendered":"https:\/\/roveyayinevi.com.tr\/index.php\/urun\/ortadoguda-etnik-ve-dini-azinliklar\/"},"modified":"2026-04-16T02:56:32","modified_gmt":"2026-04-15T23:56:32","slug":"ortadoguda-etnik-ve-dini-azinliklar","status":"publish","type":"product","link":"https:\/\/roveyayinevi.com.tr\/index.php\/urun\/ortadoguda-etnik-ve-dini-azinliklar\/","title":{"rendered":"Ortado\u011fu&#8217;da Etnik ve Dini Az\u0131nl\u0131klar"},"content":{"rendered":"<p>Bu kitap, adeta cehenneme d\u00f6n\u00fc\u015fen Ortado\u011fu&#8217;da, Devletlerin bile yok oldu\u011fu bir ortamda, zaten devletsiz olan ve b\u00fct\u00fcn\u00fcyle korumas\u0131z kalan halklar\u0131n ve az\u0131nl\u0131klar\u0131n deneyimlerini anlatmakta, bir\u00e7ok Ortado\u011fu devletindeki H\u0131ristiyan, Yahudi, Zerd\u00fc\u015ft, Alevi ya da Bahai topluluklar gibi geleneksel az\u0131nl\u0131klar ile Maruniler, K\u00fcrtler ile Bat\u0131 \u015eeria ve Gazze \u015eeridi&#8217;ndeki Filistinliler gibi devletsiz halklar\u0131 ve iktidardan yoksun \u00e7o\u011funluklar\u0131 kapsamaktad\u0131r. B\u00fcy\u00fck ve g\u00f6rece homojen n\u00fcfuslar\u0131n yeni devlet s\u0131n\u0131rlar\u0131 nedeniyle b\u00f6l\u00fcnd\u00fc\u011f\u00fc ve ac\u0131mas\u0131z bir sava\u015f hali, bask\u0131 ya da uluslararas\u0131 emek pazar\u0131n\u0131n talepleri y\u00fcz\u00fcnden diasporalar olu\u015fturacak \u015fekilde da\u011f\u0131ld\u0131\u011f\u0131 i\u00e7in parampar\u00e7a olan Ortado\u011fu&#8217;da, yeni mutabakat zeminleri yaratarak bu sorunlar\u0131n \u00fcstesinden gelme \u00e7abalar\u0131 a\u011f\u0131rl\u0131k kazanmakta ama \u00fcmitler azalmaktad\u0131r. Bu kitap b\u00fct\u00fcn bu \u00e7abalara m\u00fctevaz\u0131 bir katk\u0131da bulunmay\u0131 ama\u00e7l\u0131yor.<\/p>\n","protected":false},"excerpt":{"rendered":"<p>Bu kitap, adeta cehenneme d\u00f6n\u00fc\u015fen Ortado\u011fu&#8217;da, Devletlerin bile yok oldu\u011fu bir ortamda, zaten devletsiz olan ve b\u00fct\u00fcn\u00fcyle korumas\u0131z kalan halklar\u0131n ve az\u0131nl\u0131klar\u0131n deneyimlerini anlatmakta, bir\u00e7ok Ortado\u011fu<span class=\"excerpt-hellip\"> [\u2026]<\/span><\/p>\n","protected":false},"featured_media":0,"template":"","meta":{"_monsterinsights_skip_tracking":false,"_monsterinsights_sitenote_active":false,"_monsterinsights_sitenote_note":"","_monsterinsights_sitenote_category":0},"product_brand":[],"product_cat":[15499,13488],"product_tag":[],"class_list":{"0":"post-744478","1":"product","2":"type-product","3":"status-publish","5":"product_cat-antropoloji","6":"product_cat-toplum-ve-insan","7":"pa_cilt-ciltsiz","8":"pa_tur-kitap","9":"pa_yayinevi-totem-yayinlari","10":"pa_yazar-kirsten-e-schulze-martin-stokes-clom-campbell","12":"first","13":"instock","14":"sale","15":"shipping-taxable","16":"purchasable","17":"product-type-simple"},"_links":{"self":[{"href":"https:\/\/roveyayinevi.com.tr\/index.php\/wp-json\/wp\/v2\/product\/744478","targetHints":{"allow":["GET"]}}],"collection":[{"href":"https:\/\/roveyayinevi.com.tr\/index.php\/wp-json\/wp\/v2\/product"}],"about":[{"href":"https:\/\/roveyayinevi.com.tr\/index.php\/wp-json\/wp\/v2\/types\/product"}],"wp:attachment":[{"href":"https:\/\/roveyayinevi.com.tr\/index.php\/wp-json\/wp\/v2\/media?parent=744478"}],"wp:term":[{"taxonomy":"product_brand","embeddable":true,"href":"https:\/\/roveyayinevi.com.tr\/index.php\/wp-json\/wp\/v2\/product_brand?post=744478"},{"taxonomy":"product_cat","embeddable":true,"href":"https:\/\/roveyayinevi.com.tr\/index.php\/wp-json\/wp\/v2\/product_cat?post=744478"},{"taxonomy":"product_tag","embeddable":true,"href":"https:\/\/roveyayinevi.com.tr\/index.php\/wp-json\/wp\/v2\/product_tag?post=744478"}],"curies":[{"name":"wp","href":"https:\/\/api.w.org\/{rel}","templated":true}]}}