{"id":744477,"date":"2025-08-28T01:57:51","date_gmt":"2025-08-27T22:57:51","guid":{"rendered":"https:\/\/roveyayinevi.com.tr\/index.php\/urun\/meleklerin-seninle-konusuyor\/"},"modified":"2026-04-16T02:56:31","modified_gmt":"2026-04-15T23:56:31","slug":"meleklerin-seninle-konusuyor","status":"publish","type":"product","link":"https:\/\/roveyayinevi.com.tr\/index.php\/urun\/meleklerin-seninle-konusuyor\/","title":{"rendered":"Meleklerin Seninle Konu\u015fuyor"},"content":{"rendered":"<p>Bu g\u00fcnlerde etraf\u0131m\u0131zdaki her \u015feyin sihirli oldu\u011fu bilgisini unuttuk\u2026 \u201c\u015eunu sevmiyorum. Bunu seviyorum\u2026\u201d diye ay\u0131r\u0131r olduk. Bir de bakt\u0131k ki, b\u00fct\u00fcnden as\u0131l ayr\u0131lan biz olmu\u015fuz!Bu sayfalarda, sihrinizle tekrar bulu\u015fmak i\u00e7in bir \u201cyol\u201d \u00f6\u011freneceksiniz \u2013ki sihriniz ancak birli\u011fin i\u00e7indeyken ifadesini bulabilir. \u0130\u015f hayat\u0131ndan, ili\u015fkilerinize kadar her konuda melek enerjileri arac\u0131l\u0131\u011f\u0131yla evrensel \u00f6neriler alacak hem zevkli, hem de binlerce insan\u0131n faydalanm\u0131\u015f oldu\u011fu bir y\u00f6ntemle tan\u0131\u015facaks\u0131n\u0131z.Belki siz de tek\u00e2m\u00fcl yolunuzda, evrensel bilgiyi payla\u015farak ortak fayda sa\u011flamakla g\u00f6revlisiniz. \u201cYolda\u201d y\u00fcr\u00fcrken \u00f6n\u00fcn\u00fczde Sevgi \u00e7i\u00e7ekleri a\u00e7acak&#8230;Bilgeli\u011fin eliyle toplayacaks\u0131n\u0131z.<\/p>\n","protected":false},"excerpt":{"rendered":"<p>Bu g\u00fcnlerde etraf\u0131m\u0131zdaki her \u015feyin sihirli oldu\u011fu bilgisini unuttuk\u2026 \u201c\u015eunu sevmiyorum. Bunu seviyorum\u2026\u201d diye ay\u0131r\u0131r olduk. Bir de bakt\u0131k ki, b\u00fct\u00fcnden as\u0131l ayr\u0131lan biz olmu\u015fuz!Bu sayfalarda,<span class=\"excerpt-hellip\"> [\u2026]<\/span><\/p>\n","protected":false},"featured_media":0,"template":"","meta":{"_monsterinsights_skip_tracking":false,"_monsterinsights_sitenote_active":false,"_monsterinsights_sitenote_note":"","_monsterinsights_sitenote_category":0},"product_brand":[],"product_cat":[12364,16154],"product_tag":[],"class_list":{"0":"post-744477","1":"product","2":"type-product","3":"status-publish","5":"product_cat-genel-konular","6":"product_cat-parapsikoloji","7":"pa_cilt-ciltsiz","8":"pa_tur-kitap","9":"pa_yayinevi-totem-yayinlari","10":"pa_yazar-sebnem-ozkan","12":"first","13":"instock","14":"sale","15":"shipping-taxable","16":"purchasable","17":"product-type-simple"},"_links":{"self":[{"href":"https:\/\/roveyayinevi.com.tr\/index.php\/wp-json\/wp\/v2\/product\/744477","targetHints":{"allow":["GET"]}}],"collection":[{"href":"https:\/\/roveyayinevi.com.tr\/index.php\/wp-json\/wp\/v2\/product"}],"about":[{"href":"https:\/\/roveyayinevi.com.tr\/index.php\/wp-json\/wp\/v2\/types\/product"}],"wp:attachment":[{"href":"https:\/\/roveyayinevi.com.tr\/index.php\/wp-json\/wp\/v2\/media?parent=744477"}],"wp:term":[{"taxonomy":"product_brand","embeddable":true,"href":"https:\/\/roveyayinevi.com.tr\/index.php\/wp-json\/wp\/v2\/product_brand?post=744477"},{"taxonomy":"product_cat","embeddable":true,"href":"https:\/\/roveyayinevi.com.tr\/index.php\/wp-json\/wp\/v2\/product_cat?post=744477"},{"taxonomy":"product_tag","embeddable":true,"href":"https:\/\/roveyayinevi.com.tr\/index.php\/wp-json\/wp\/v2\/product_tag?post=744477"}],"curies":[{"name":"wp","href":"https:\/\/api.w.org\/{rel}","templated":true}]}}