{"id":744473,"date":"2025-08-28T01:57:46","date_gmt":"2025-08-27T22:57:46","guid":{"rendered":"https:\/\/roveyayinevi.com.tr\/index.php\/urun\/kuslarin-kanadina-sarildim\/"},"modified":"2026-04-16T02:56:31","modified_gmt":"2026-04-15T23:56:31","slug":"kuslarin-kanadina-sarildim","status":"publish","type":"product","link":"https:\/\/roveyayinevi.com.tr\/index.php\/urun\/kuslarin-kanadina-sarildim\/","title":{"rendered":"Ku\u015flar\u0131n Kanad\u0131na Sar\u0131ld\u0131m"},"content":{"rendered":"<p>Ben ne zaman annemi \u00f6zlediysem, ku\u015flar\u0131n kanad\u0131na sar\u0131ld\u0131mSesini gizleyen sab\u0131rdan bir sa\u00e7 \u00f6r\u00fc\u011f\u00fcyd\u00fc annemAraba mezarl\u0131\u011f\u0131na d\u00f6nm\u00fc\u015f ruhunuza isyand\u0131Siz \u015fimdi bu vebalden nas\u0131l kurtulacaks\u0131n\u0131zKaybetti\u011finiz o canlar\u0131n a\u011f\u0131tlar\u0131 ard\u0131n\u0131zdaykenGecenin koynuna s\u00fct ta\u015f\u0131rd\u0131 annem, kuca\u011f\u0131nda yamal\u0131 kotumlaUyuyan b\u00fct\u00fcn kediler uyan\u0131r, k\u00f6pekleri toplar, bir \u015fark\u0131ya ko\u015farlard\u0131Ben \u015fimdi \u00fcst\u00fcne kar ya\u011fan annemin kay\u0131p olan imgesiyim\u00dc\u015f\u00fcyen topra\u011f\u0131n sar\u0131nd\u0131\u011f\u0131 bir dem s\u0131cakl\u0131\u011f\u0131m<\/p>\n","protected":false},"excerpt":{"rendered":"<p>Ben ne zaman annemi \u00f6zlediysem, ku\u015flar\u0131n kanad\u0131na sar\u0131ld\u0131mSesini gizleyen sab\u0131rdan bir sa\u00e7 \u00f6r\u00fc\u011f\u00fcyd\u00fc annemAraba mezarl\u0131\u011f\u0131na d\u00f6nm\u00fc\u015f ruhunuza isyand\u0131Siz \u015fimdi bu vebalden nas\u0131l kurtulacaks\u0131n\u0131zKaybetti\u011finiz o canlar\u0131n a\u011f\u0131tlar\u0131<span class=\"excerpt-hellip\"> [\u2026]<\/span><\/p>\n","protected":false},"featured_media":0,"template":"","meta":{"_monsterinsights_skip_tracking":false,"_monsterinsights_sitenote_active":false,"_monsterinsights_sitenote_note":"","_monsterinsights_sitenote_category":0},"product_brand":[],"product_cat":[12291,12509],"product_tag":[],"class_list":{"0":"post-744473","1":"product","2":"type-product","3":"status-publish","5":"product_cat-edebiyat","6":"product_cat-siir","7":"pa_cilt-ciltsiz","8":"pa_tur-kitap","9":"pa_yayinevi-totem-yayinlari","10":"pa_yazar-ozgun-e-bulut","12":"first","13":"instock","14":"sale","15":"shipping-taxable","16":"purchasable","17":"product-type-simple"},"_links":{"self":[{"href":"https:\/\/roveyayinevi.com.tr\/index.php\/wp-json\/wp\/v2\/product\/744473","targetHints":{"allow":["GET"]}}],"collection":[{"href":"https:\/\/roveyayinevi.com.tr\/index.php\/wp-json\/wp\/v2\/product"}],"about":[{"href":"https:\/\/roveyayinevi.com.tr\/index.php\/wp-json\/wp\/v2\/types\/product"}],"wp:attachment":[{"href":"https:\/\/roveyayinevi.com.tr\/index.php\/wp-json\/wp\/v2\/media?parent=744473"}],"wp:term":[{"taxonomy":"product_brand","embeddable":true,"href":"https:\/\/roveyayinevi.com.tr\/index.php\/wp-json\/wp\/v2\/product_brand?post=744473"},{"taxonomy":"product_cat","embeddable":true,"href":"https:\/\/roveyayinevi.com.tr\/index.php\/wp-json\/wp\/v2\/product_cat?post=744473"},{"taxonomy":"product_tag","embeddable":true,"href":"https:\/\/roveyayinevi.com.tr\/index.php\/wp-json\/wp\/v2\/product_tag?post=744473"}],"curies":[{"name":"wp","href":"https:\/\/api.w.org\/{rel}","templated":true}]}}