{"id":744472,"date":"2025-08-28T01:57:44","date_gmt":"2025-08-27T22:57:44","guid":{"rendered":"https:\/\/roveyayinevi.com.tr\/index.php\/urun\/kurallari-yikan-cesur-kadinlar\/"},"modified":"2026-04-16T02:56:31","modified_gmt":"2026-04-15T23:56:31","slug":"kurallari-yikan-cesur-kadinlar","status":"publish","type":"product","link":"https:\/\/roveyayinevi.com.tr\/index.php\/urun\/kurallari-yikan-cesur-kadinlar\/","title":{"rendered":"Kurallar\u0131 Y\u0131kan Cesur Kad\u0131nlar"},"content":{"rendered":"<p>Victoria Woodhull, Mary Wollstonecraft, Aimee Semple McPherson, Edwina Mountbatten, Margaret Argyll ve Coco Chanel cesur kad\u0131nlard\u0131. Toplumun yapabileceklerini ve yapamayacaklar\u0131n\u0131 s\u00f6ylediklerine zamanlar\u0131 yoktu dahas\u0131; d\u00fcnyan\u0131n onlardan \u00f6nce b\u00fck\u00fcld\u00fc\u011f\u00fcn\u00fc g\u00f6receklerdi.1872&#8217;de Victoria Woodhull ad\u0131nda b\u00fcy\u00fcleyici bir medyum, Beyaz Saray&#8217;a ko\u015farak gelene\u011fi parampar\u00e7a etti. E\u011fer kazanabilseydi, kesinlikle g\u00fcn\u00fcm\u00fczdeki \u00e7a\u011fda\u015flar\u0131yla rekabet edebilirdi. B\u00f6yle bir g\u00f6steri\u015ften nefret eden Mary Wollstonecraft, kad\u0131nlar\u0131n ilk manifestosunu yay\u0131nlarken kalemiyle -h\u00e2l\u00e2 yerine getirilmesi gereken- bir d\u00fc\u015f\u00fcnce devrimine ilham verdi.Amerika&#8217;n\u0131n ilk kad\u0131n vaizi Aimee Semple McPherson&#8217;dan bir moda imparatorlu\u011fu tasar\u0131mc\u0131s\u0131 Coco Chanel&#8217;e kadar bu kad\u0131nlar toplumda g\u00f6rmek istedikleri de\u011fi\u015fim oldular.\u201cKurallar\u0131 Y\u0131kan Cesur Kad\u0131nlar\u201d da Jeremy Scott, onlar\u0131 zek\u00e2, \u015fevk ve h\u00fcrmetle an\u0131yor.&#8221;Yol boyunca baz\u0131 harika \u00f6yk\u00fcler var ve Scott onlar\u0131 \u015fevkle anlat\u0131yor.&#8221; &#8211; New York Times &#8220;Son derece keyifli ve t\u00fcre \u0131\u015f\u0131lt\u0131l\u0131 bir katk\u0131.&#8221; &#8212; Katie Hickman, \u201cDaughters of Britannia\u201dn\u0131n yazar\u0131&#8221;E\u015fzamanl\u0131 olarak tam gaz ya\u015fanm\u0131\u015f hayatlar\u0131n co\u015fkulu bir kutlamas\u0131 ve uyar\u0131c\u0131 \u00f6yk\u00fclerden olu\u015fan bir koleksiyon&#8230; \u00c7etin bireycili\u011fin ve d\u00fcped\u00fcz eksantrikli\u011fin ilgi \u00e7ekici ve \u00e7o\u011fu zaman esprili bir kutlamas\u0131.&#8221; &#8212; Si\u00e2n Evans, \u201cQueen Bees\u201d in yazar\u0131.A\u00e7\u0131k\u00e7a kad\u0131nlar\u0131 seven bir adam olan Jeremy Scott, bu a\u015f\u0131r\u0131 kural tan\u0131mayanlar\u0131n kahramanl\u0131klar\u0131na hayran kal\u0131yor. Ben de. Harika bir okuma.&#8217; &#8212; Marcelle d&#8217;Argy Smith<\/p>\n","protected":false},"excerpt":{"rendered":"<p>Victoria Woodhull, Mary Wollstonecraft, Aimee Semple McPherson, Edwina Mountbatten, Margaret Argyll ve Coco Chanel cesur kad\u0131nlard\u0131. Toplumun yapabileceklerini ve yapamayacaklar\u0131n\u0131 s\u00f6ylediklerine zamanlar\u0131 yoktu dahas\u0131; d\u00fcnyan\u0131n onlardan<span class=\"excerpt-hellip\"> [\u2026]<\/span><\/p>\n","protected":false},"featured_media":0,"template":"","meta":{"_monsterinsights_skip_tracking":false,"_monsterinsights_sitenote_active":false,"_monsterinsights_sitenote_note":"","_monsterinsights_sitenote_category":0},"product_brand":[],"product_cat":[13072,12291],"product_tag":[],"class_list":{"0":"post-744472","1":"product","2":"type-product","3":"status-publish","5":"product_cat-arastirma-inceleme-referans","6":"product_cat-edebiyat","7":"pa_cilt-ciltsiz","8":"pa_tur-kitap","9":"pa_yayinevi-totem-yayinlari","10":"pa_yazar-jerey-scoot","12":"first","13":"instock","14":"sale","15":"shipping-taxable","16":"purchasable","17":"product-type-simple"},"_links":{"self":[{"href":"https:\/\/roveyayinevi.com.tr\/index.php\/wp-json\/wp\/v2\/product\/744472","targetHints":{"allow":["GET"]}}],"collection":[{"href":"https:\/\/roveyayinevi.com.tr\/index.php\/wp-json\/wp\/v2\/product"}],"about":[{"href":"https:\/\/roveyayinevi.com.tr\/index.php\/wp-json\/wp\/v2\/types\/product"}],"wp:attachment":[{"href":"https:\/\/roveyayinevi.com.tr\/index.php\/wp-json\/wp\/v2\/media?parent=744472"}],"wp:term":[{"taxonomy":"product_brand","embeddable":true,"href":"https:\/\/roveyayinevi.com.tr\/index.php\/wp-json\/wp\/v2\/product_brand?post=744472"},{"taxonomy":"product_cat","embeddable":true,"href":"https:\/\/roveyayinevi.com.tr\/index.php\/wp-json\/wp\/v2\/product_cat?post=744472"},{"taxonomy":"product_tag","embeddable":true,"href":"https:\/\/roveyayinevi.com.tr\/index.php\/wp-json\/wp\/v2\/product_tag?post=744472"}],"curies":[{"name":"wp","href":"https:\/\/api.w.org\/{rel}","templated":true}]}}