{"id":744471,"date":"2025-08-28T01:57:43","date_gmt":"2025-08-27T22:57:43","guid":{"rendered":"https:\/\/roveyayinevi.com.tr\/index.php\/urun\/kirilma-vakti\/"},"modified":"2026-04-16T02:56:31","modified_gmt":"2026-04-15T23:56:31","slug":"kirilma-vakti","status":"publish","type":"product","link":"https:\/\/roveyayinevi.com.tr\/index.php\/urun\/kirilma-vakti\/","title":{"rendered":"K\u0131r\u0131lma Vakti"},"content":{"rendered":"<p>K\u0131r\u0131lma Vakti&#8221;Herkes i\u00e7in bir vicdan tak\u0131n ask\u0131ya filmin sonuna yeti\u015ftirin b\u00fct\u00fcn \u00e7\u0131\u011fl\u0131klar\u0131, kederleri, d\u00fc\u015fleri sonra yola d\u00fc\u015f\u00fcp, iyi yolculuklar g\u00f6r\u00fcn.&#8221;<\/p>\n","protected":false},"excerpt":{"rendered":"<p>K\u0131r\u0131lma Vakti&#8221;Herkes i\u00e7in bir vicdan tak\u0131n ask\u0131ya filmin sonuna yeti\u015ftirin b\u00fct\u00fcn \u00e7\u0131\u011fl\u0131klar\u0131, kederleri, d\u00fc\u015fleri sonra yola d\u00fc\u015f\u00fcp, iyi yolculuklar g\u00f6r\u00fcn.&#8221;<\/p>\n","protected":false},"featured_media":0,"template":"","meta":{"_monsterinsights_skip_tracking":false,"_monsterinsights_sitenote_active":false,"_monsterinsights_sitenote_note":"","_monsterinsights_sitenote_category":0},"product_brand":[],"product_cat":[12291,12509],"product_tag":[],"class_list":{"0":"post-744471","1":"product","2":"type-product","3":"status-publish","5":"product_cat-edebiyat","6":"product_cat-siir","7":"pa_cilt-ciltsiz","8":"pa_tur-kitap","9":"pa_yayinevi-totem-yayinlari","10":"pa_yazar-ozgun-e-bulut","12":"first","13":"instock","14":"sale","15":"shipping-taxable","16":"purchasable","17":"product-type-simple"},"_links":{"self":[{"href":"https:\/\/roveyayinevi.com.tr\/index.php\/wp-json\/wp\/v2\/product\/744471","targetHints":{"allow":["GET"]}}],"collection":[{"href":"https:\/\/roveyayinevi.com.tr\/index.php\/wp-json\/wp\/v2\/product"}],"about":[{"href":"https:\/\/roveyayinevi.com.tr\/index.php\/wp-json\/wp\/v2\/types\/product"}],"wp:attachment":[{"href":"https:\/\/roveyayinevi.com.tr\/index.php\/wp-json\/wp\/v2\/media?parent=744471"}],"wp:term":[{"taxonomy":"product_brand","embeddable":true,"href":"https:\/\/roveyayinevi.com.tr\/index.php\/wp-json\/wp\/v2\/product_brand?post=744471"},{"taxonomy":"product_cat","embeddable":true,"href":"https:\/\/roveyayinevi.com.tr\/index.php\/wp-json\/wp\/v2\/product_cat?post=744471"},{"taxonomy":"product_tag","embeddable":true,"href":"https:\/\/roveyayinevi.com.tr\/index.php\/wp-json\/wp\/v2\/product_tag?post=744471"}],"curies":[{"name":"wp","href":"https:\/\/api.w.org\/{rel}","templated":true}]}}