{"id":744470,"date":"2025-08-28T01:57:41","date_gmt":"2025-08-27T22:57:41","guid":{"rendered":"https:\/\/roveyayinevi.com.tr\/index.php\/urun\/kedinin-sairi\/"},"modified":"2026-04-16T02:56:31","modified_gmt":"2026-04-15T23:56:31","slug":"kedinin-sairi","status":"publish","type":"product","link":"https:\/\/roveyayinevi.com.tr\/index.php\/urun\/kedinin-sairi\/","title":{"rendered":"Kedinin \u015eairi"},"content":{"rendered":"<p>Kedinin \u015eairi, yal\u0131n bir dille \u015fiir \u00f6rg\u00fcs\u00fcn\u00fc olu\u015fturan \u00d6zg\u00fcn E. Bulut\u2019un bug\u00fcn\u00fc eksen alarak yar\u0131na do\u011fru uzanan \u015fiirlerinden olu\u015fan bir toplam. Kibir dilinden uzak, s\u00f6z\u00fcn b\u00fcy\u00fcs\u00fcne, s\u00f6z\u00fcn g\u00fcc\u00fcne de\u011fer veren \u015fiirlerden olu\u015fan Kedinin \u015eairi, hayata bak\u0131\u015f a\u00e7\u0131s\u0131 ve tutundu\u011fu yer itibariyle de insan\u0131 kucaklar, ona s\u0131ms\u0131k\u0131 sar\u0131l\u0131r.kedim y\u00fcz\u00fcme bakar durmaks\u0131z\u0131no hep \u00e7ok ba\u015f\u0131na ben hep tek ba\u015f\u0131maonun \u00fclkesi ev benim \u00fclkem yang\u0131no bir pati ile d\u00fcnyalar\u0131 getirirben \u00e7ok ok\u015fay\u0131\u015fla bir \u015fiir bile s\u00f6yleyememonun da\u011f\u0131 b\u0131y\u0131klar\u0131 benim da\u011f\u0131m yaralar\u0131m<\/p>\n","protected":false},"excerpt":{"rendered":"<p>Kedinin \u015eairi, yal\u0131n bir dille \u015fiir \u00f6rg\u00fcs\u00fcn\u00fc olu\u015fturan \u00d6zg\u00fcn E. Bulut\u2019un bug\u00fcn\u00fc eksen alarak yar\u0131na do\u011fru uzanan \u015fiirlerinden olu\u015fan bir toplam. Kibir dilinden uzak, s\u00f6z\u00fcn b\u00fcy\u00fcs\u00fcne,<span class=\"excerpt-hellip\"> [\u2026]<\/span><\/p>\n","protected":false},"featured_media":0,"template":"","meta":{"_monsterinsights_skip_tracking":false,"_monsterinsights_sitenote_active":false,"_monsterinsights_sitenote_note":"","_monsterinsights_sitenote_category":0},"product_brand":[],"product_cat":[12291,12509],"product_tag":[],"class_list":{"0":"post-744470","1":"product","2":"type-product","3":"status-publish","5":"product_cat-edebiyat","6":"product_cat-siir","7":"pa_cilt-ciltsiz","8":"pa_tur-kitap","9":"pa_yayinevi-totem-yayinlari","10":"pa_yazar-ozgun-e-bulut","12":"first","13":"instock","14":"sale","15":"shipping-taxable","16":"purchasable","17":"product-type-simple"},"_links":{"self":[{"href":"https:\/\/roveyayinevi.com.tr\/index.php\/wp-json\/wp\/v2\/product\/744470","targetHints":{"allow":["GET"]}}],"collection":[{"href":"https:\/\/roveyayinevi.com.tr\/index.php\/wp-json\/wp\/v2\/product"}],"about":[{"href":"https:\/\/roveyayinevi.com.tr\/index.php\/wp-json\/wp\/v2\/types\/product"}],"wp:attachment":[{"href":"https:\/\/roveyayinevi.com.tr\/index.php\/wp-json\/wp\/v2\/media?parent=744470"}],"wp:term":[{"taxonomy":"product_brand","embeddable":true,"href":"https:\/\/roveyayinevi.com.tr\/index.php\/wp-json\/wp\/v2\/product_brand?post=744470"},{"taxonomy":"product_cat","embeddable":true,"href":"https:\/\/roveyayinevi.com.tr\/index.php\/wp-json\/wp\/v2\/product_cat?post=744470"},{"taxonomy":"product_tag","embeddable":true,"href":"https:\/\/roveyayinevi.com.tr\/index.php\/wp-json\/wp\/v2\/product_tag?post=744470"}],"curies":[{"name":"wp","href":"https:\/\/api.w.org\/{rel}","templated":true}]}}