{"id":744468,"date":"2025-08-28T01:57:38","date_gmt":"2025-08-27T22:57:38","guid":{"rendered":"https:\/\/roveyayinevi.com.tr\/index.php\/urun\/ibo\/"},"modified":"2026-04-16T02:56:31","modified_gmt":"2026-04-15T23:56:31","slug":"ibo","status":"publish","type":"product","link":"https:\/\/roveyayinevi.com.tr\/index.php\/urun\/ibo\/","title":{"rendered":"\u0130bo"},"content":{"rendered":"<p>Feyizo\u011flu, ayr\u0131nt\u0131 avc\u0131s\u0131 bir insan. Ger\u00e7e\u011fi \u00e7ok y\u00f6nl\u00fc, derinlemesine a\u00e7\u0131\u011fa \u00e7\u0131karma i\u015fine, dikkati \u00e7ekmeyen ayr\u0131nt\u0131lardan ba\u015fl\u0131yor. Ku\u015fku duymak, \u0131srarla de\u015fmek, b\u0131k\u0131p usanmadan sormak, kar\u015f\u0131 taraf\u0131 b\u0131kt\u0131r\u0131rcas\u0131na ve de ka\u00e7\u0131r\u0131rcas\u0131na sigaya \u00e7ekmek. Konu, \u201868\u201371ku\u015fa\u011f\u0131n\u0131n sistem taraf\u0131ndan yok edilen liderlerinin ya\u015fam\u0131 olunca Feyizo\u011flu\u2019nun bu illet sorguculu\u011fu i\u015fe yar\u0131yor, daha bir anlam kazan\u0131yor. S\u0131n\u0131f m\u00fccadelesinin enkaz alt\u0131nda kalan p\u0131rlantalar\u0131n\u0131 a\u00e7\u0131\u011fa \u00e7\u0131karma i\u015fidir bu. Kolay de\u011fil.Feyizo\u011flu\u2019nun dili durudur. Zorlanmadan, p\u00fcr\u00fczlere tak\u0131lmadan okuyoruz. Okurken, \u201cBu dokuda bir \u015fey eksik galiba,\u201d diye sormaktan da kendimizi alam\u0131yoruz. Tanr\u0131\u2019n\u0131n insanl\u0131\u011fa estetik incelik, \u015fa\u015f\u0131rt\u0131c\u0131l\u0131k, b\u00fcy\u00fc, \u015fiirsel \u00f6z-k\u0131sa s\u00f6z denilen nesneleri da\u011f\u0131t\u0131rken, Feyizo\u011flu\u2019nahaks\u0131zl\u0131k etti\u011fini, O\u2019nu okuyup bitirdi\u011fimizde anlar gibi oluyoruz.B\u00fcy\u00fck insanl\u0131k i\u00e7in \u00f6len insanlar\u0131n tek y\u00f6nl\u00fc y\u00fcceltilmesi, dinlerden, kahramanl\u0131k efsanelerinden bize kalan bir mirast\u0131r. Bu mirastan kopam\u0131yoruz. Bu miras bizi yiyip bitiriyor, bizi g\u00f6t\u00fcr\u00fcp bilimin kar\u015f\u0131s\u0131na dikiyor. Bu miras bizi \u00f6len insana ve kendimize yabanc\u0131la\u015ft\u0131r\u0131yor. Feyizo\u011flu\u2019nun feyizli bir tutumu da b\u00f6ylesi bir miras\u0131n etkisi alt\u0131nda az kalm\u0131\u015f olmas\u0131ndad\u0131r.\u00d6l\u00fcms\u00fczl\u00fck diye bir \u015fey yoktur. \u0130nsan ve insanl\u0131k bug\u00fcn var, yar\u0131n yoktur. \u00d6nemli olan, anda, yani al\u0131nan her solukta ne yapt\u0131\u011f\u0131m\u0131zd\u0131r. Yapt\u0131klar\u0131m\u0131za tapmamam\u0131zd\u0131r. Hi\u00e7le\u015fmeye ya da \u00f6l\u00fcme en yak\u0131n \u015fey, tapma eylemidir. Sadece bu kitab\u0131 de\u011fil, t\u00fcm kitaplar\u0131 \u00f6n yarg\u0131lardan, tabulardan ar\u0131nm\u0131\u015f, ku\u015fkucu, merak\u00e7\u0131l, objektif bir kafayla okumal\u0131y\u0131z. Kendi teorik yarat\u0131c\u0131lar\u0131n\u0131, kendi \u00f6z\u00fcnde a\u015fma potansiyeli ta\u015f\u0131mayan hi\u00e7bir devrim uzun soluklu olamaz.Dile\u011fim, bu kitab\u0131n da benzeri kitaplar gibi, uzun soluklu devrimlerin oca\u011f\u0131nda bir k\u0131v\u0131lc\u0131m ya da bir alev damar\u0131 olmas\u0131d\u0131r.Muzaffer Oru\u00e7o\u011flu<\/p>\n","protected":false},"excerpt":{"rendered":"<p>Feyizo\u011flu, ayr\u0131nt\u0131 avc\u0131s\u0131 bir insan. Ger\u00e7e\u011fi \u00e7ok y\u00f6nl\u00fc, derinlemesine a\u00e7\u0131\u011fa \u00e7\u0131karma i\u015fine, dikkati \u00e7ekmeyen ayr\u0131nt\u0131lardan ba\u015fl\u0131yor. Ku\u015fku duymak, \u0131srarla de\u015fmek, b\u0131k\u0131p usanmadan sormak, kar\u015f\u0131 taraf\u0131 b\u0131kt\u0131r\u0131rcas\u0131na<span class=\"excerpt-hellip\"> [\u2026]<\/span><\/p>\n","protected":false},"featured_media":0,"template":"","meta":{"_monsterinsights_skip_tracking":false,"_monsterinsights_sitenote_active":false,"_monsterinsights_sitenote_note":"","_monsterinsights_sitenote_category":0},"product_brand":[],"product_cat":[14009,12291],"product_tag":[],"class_list":{"0":"post-744468","1":"product","2":"type-product","3":"status-publish","5":"product_cat-biyografi-otobiyografi-edebiyat","6":"product_cat-edebiyat","7":"pa_cilt-ciltsiz","8":"pa_tur-kitap","9":"pa_yayinevi-totem-yayinlari","10":"pa_yazar-turhan-feyizoglu","12":"first","13":"instock","14":"sale","15":"shipping-taxable","16":"purchasable","17":"product-type-simple"},"_links":{"self":[{"href":"https:\/\/roveyayinevi.com.tr\/index.php\/wp-json\/wp\/v2\/product\/744468","targetHints":{"allow":["GET"]}}],"collection":[{"href":"https:\/\/roveyayinevi.com.tr\/index.php\/wp-json\/wp\/v2\/product"}],"about":[{"href":"https:\/\/roveyayinevi.com.tr\/index.php\/wp-json\/wp\/v2\/types\/product"}],"wp:attachment":[{"href":"https:\/\/roveyayinevi.com.tr\/index.php\/wp-json\/wp\/v2\/media?parent=744468"}],"wp:term":[{"taxonomy":"product_brand","embeddable":true,"href":"https:\/\/roveyayinevi.com.tr\/index.php\/wp-json\/wp\/v2\/product_brand?post=744468"},{"taxonomy":"product_cat","embeddable":true,"href":"https:\/\/roveyayinevi.com.tr\/index.php\/wp-json\/wp\/v2\/product_cat?post=744468"},{"taxonomy":"product_tag","embeddable":true,"href":"https:\/\/roveyayinevi.com.tr\/index.php\/wp-json\/wp\/v2\/product_tag?post=744468"}],"curies":[{"name":"wp","href":"https:\/\/api.w.org\/{rel}","templated":true}]}}