{"id":744466,"date":"2025-08-28T01:57:35","date_gmt":"2025-08-27T22:57:35","guid":{"rendered":"https:\/\/roveyayinevi.com.tr\/index.php\/urun\/bolseviklesme-surecinde-ermeni-gurcu-iliskileri-ve-turkiye-1917-1921\/"},"modified":"2026-04-16T02:56:31","modified_gmt":"2026-04-15T23:56:31","slug":"bolseviklesme-surecinde-ermeni-gurcu-iliskileri-ve-turkiye-1917-1921","status":"publish","type":"product","link":"https:\/\/roveyayinevi.com.tr\/index.php\/urun\/bolseviklesme-surecinde-ermeni-gurcu-iliskileri-ve-turkiye-1917-1921\/","title":{"rendered":"Bol\u015fevikle\u015fme S\u00fcrecinde Ermeni-g\u00fcrc\u00fc \u0130li\u015fkileri Ve T\u00fcrkiye  1917-1921"},"content":{"rendered":"<p>\u201cTa\u015fnaks\u00fctyun kuruldu\u011fundan beri Transkafkasya\u2019da sadece entrika ve provokasyon metodu ile tan\u0131nm\u0131\u015f, kendisini devrimci ve sosyalist olarak tan\u0131mlayan bu parti karanl\u0131k g\u00fc\u00e7lerle ba\u011flant\u0131dan ka\u00e7\u0131nmamak gibi utan\u00e7 verici tav\u0131r sergilemi\u015f, \u2026, D\u00fcnya Sava\u015f\u0131 ba\u015flad\u0131\u011f\u0131nda k\u00fc\u00e7\u00fck bir halk\u0131 b\u00fcy\u00fck tehlikelerin \u00f6n\u00fcne s\u00fcrm\u00fc\u015f, \u2026G\u00fcrcistan\u2019a y\u00f6nelik y\u0131k\u0131c\u0131 kampanya ba\u015flatan Ta\u015fnaklar, iki halk\u0131 s\u0131n\u0131r sorununu ortaya atarak silahl\u0131 \u00e7at\u0131\u015fma i\u00e7in tahrik edemeyince Kafkas Cumhuriyetlerinin Konferans\u0131 aleyhinde kampanya ba\u015flatm\u0131\u015ft\u0131r\u2026\u201d (G\u00fcrc\u00fc Men\u015feviklerinin 8 Kas\u0131m 1918 tarihli Borba Gazetesi\u2019nden) \u201c\u2026Ta\u015fnaklar\u0131n her zamanki amac\u0131 Ermeni halk\u0131n\u0131n nefretini G\u00fcrcistan\u2019a y\u00f6nlendirerek Ermenistan\u2019\u0131 i\u00e7inde bulundu\u011fu u\u00e7uruma iten Ta\u015fnaks\u00fctyun Partisi\u2019nin su\u00e7lar\u0131n\u0131 unutturmaya zorlamakt\u0131r\u2026\u201d (G\u00fcrc\u00fc Men\u015feviklerinin 27 Ocak 1921 tarihli Borba Gazetesi\u2019nden) \u201cKars\u2019\u0131n s\u00fckutu haberi yaln\u0131z Ermenistan\u2019\u0131n de\u011fil G\u00fcrc\u00fc kavminin de kalbine bir ok gibi saplanm\u0131\u015ft\u0131r\u2026.E\u011fer haz\u0131r olmazsak T\u00fcrkler al\u0131n teri ve kan ile sulanm\u0131\u015f ovalar\u0131m\u0131z\u0131 \u00e7i\u011fneyebilir\u2026Tehlike kap\u0131m\u0131za gelmi\u015ftir\u2026\u201d (G\u00fcrc\u00fc Men\u015feviklerinin Kas\u0131m 1920\u2019ye ait Ertoba Gazetesi\u2019nden) <\/p>\n","protected":false},"excerpt":{"rendered":"<p>\u201cTa\u015fnaks\u00fctyun kuruldu\u011fundan beri Transkafkasya\u2019da sadece entrika ve provokasyon metodu ile tan\u0131nm\u0131\u015f, kendisini devrimci ve sosyalist olarak tan\u0131mlayan bu parti karanl\u0131k g\u00fc\u00e7lerle ba\u011flant\u0131dan ka\u00e7\u0131nmamak gibi utan\u00e7 verici<span class=\"excerpt-hellip\"> [\u2026]<\/span><\/p>\n","protected":false},"featured_media":0,"template":"","meta":{"_monsterinsights_skip_tracking":false,"_monsterinsights_sitenote_active":false,"_monsterinsights_sitenote_note":"","_monsterinsights_sitenote_category":0},"product_brand":[],"product_cat":[12370,12304],"product_tag":[],"class_list":{"0":"post-744466","1":"product","2":"type-product","3":"status-publish","5":"product_cat-arastirma-inceleme","6":"product_cat-tarih","7":"pa_cilt-ciltsiz","8":"pa_tur-kitap","9":"pa_yayinevi-altinordu-yayinlari","10":"pa_yazar-ferruh-ozder","12":"first","13":"instock","14":"sale","15":"shipping-taxable","16":"purchasable","17":"product-type-simple"},"_links":{"self":[{"href":"https:\/\/roveyayinevi.com.tr\/index.php\/wp-json\/wp\/v2\/product\/744466","targetHints":{"allow":["GET"]}}],"collection":[{"href":"https:\/\/roveyayinevi.com.tr\/index.php\/wp-json\/wp\/v2\/product"}],"about":[{"href":"https:\/\/roveyayinevi.com.tr\/index.php\/wp-json\/wp\/v2\/types\/product"}],"wp:attachment":[{"href":"https:\/\/roveyayinevi.com.tr\/index.php\/wp-json\/wp\/v2\/media?parent=744466"}],"wp:term":[{"taxonomy":"product_brand","embeddable":true,"href":"https:\/\/roveyayinevi.com.tr\/index.php\/wp-json\/wp\/v2\/product_brand?post=744466"},{"taxonomy":"product_cat","embeddable":true,"href":"https:\/\/roveyayinevi.com.tr\/index.php\/wp-json\/wp\/v2\/product_cat?post=744466"},{"taxonomy":"product_tag","embeddable":true,"href":"https:\/\/roveyayinevi.com.tr\/index.php\/wp-json\/wp\/v2\/product_tag?post=744466"}],"curies":[{"name":"wp","href":"https:\/\/api.w.org\/{rel}","templated":true}]}}